{"id":403,"date":"2018-12-04T13:12:24","date_gmt":"2018-12-04T12:12:24","guid":{"rendered":"https:\/\/nettsteder.regjeringen.no\/etikkinformasjonsutvalget\/?page_id=403"},"modified":"2019-01-04T09:58:41","modified_gmt":"2019-01-04T08:58:41","slug":"norwegian-ethics-information-committee","status":"publish","type":"page","link":"https:\/\/nettsteder.regjeringen.no\/etikkinformasjonsutvalget\/norwegian-ethics-information-committee\/","title":{"rendered":"Norwegian Ethics Information Committee"},"content":{"rendered":"<div class=\"text-wrap post-content clearfix\"><p>The Committee shall examine whether it is possible and advisable to require businesses to disclose information to consumers and organisations about production sites used in manufacturing, responsible business conduct and supply chain management.<\/p>\n<p>On this website you may read more about the Committee&#8217;s ongoing work and provide input.<\/p>\n<\/div><div id=\"module-0\" class=\"hogan-module hogan-module-simple_posts hogan-module-0\"><div class=\"hogan-module-inner text-wrap\"><h2 class=\"hogan-heading\">News<\/h2>\t<ul class=\"list-items card-type-small\">\n\t\t\t\t\t<li class=\"list-item\">\n\t\t\t\t<a href=\"https:\/\/nettsteder.regjeringen.no\/etikkinformasjonsutvalget\/2019\/11\/29\/forslag-til-lov-om-virksomheters-apenhet-om-leverandorkjeder-kunnskapsplikt-og-aktsomhetsvurderinger\/\">\n\t\t\t\t\t\t\t\t\t\t<div class=\"column\">\n\t\t\t\t\t\t<h2 class=\"entry-title\">Forslag til lov om virksomheters \u00e5penhet om leverand\u00f8rkjeder, kunnskapsplikt og aktsomhetsvurderinger<\/h2>\t\t\t\t\t\t<div class=\"entry-summary\"><p>Etikkinformasjonsutvalget overleverte 28. november 2019 sin utredning til Barne- og familiedepartementet. Utvalget har siden august 2018 gjennomf\u00f8rt en bred kartlegging ...<\/p><\/div>\t\t\t\t\t\t\t\t\t\t\t<\/div>\n\t\t\t\t<\/a>\n\t\t\t<\/li>\n\t\t\t\t\t<li class=\"list-item\">\n\t\t\t\t<a href=\"https:\/\/nettsteder.regjeringen.no\/etikkinformasjonsutvalget\/2019\/11\/26\/overlevering-av-etikkinformasjonsutvalgets-utredning-og-lovforslag\/\">\n\t\t\t\t\t\t\t\t\t\t<div class=\"column\">\n\t\t\t\t\t\t<h2 class=\"entry-title\">Overlevering av Etikkinformasjonsutvalgets utredning og lovforslag<\/h2>\t\t\t\t\t\t<div class=\"entry-summary\"><p>Torsdag 28. november overleverer Etikkinformasjonsutvalget sin utredning til forbrukerminister Kjell Ingolf Ropstad.<\/p><\/div>\t\t\t\t\t\t\t\t\t\t\t<\/div>\n\t\t\t\t<\/a>\n\t\t\t<\/li>\n\t\t\t\t\t<li class=\"list-item\">\n\t\t\t\t<a href=\"https:\/\/nettsteder.regjeringen.no\/etikkinformasjonsutvalget\/2019\/09\/04\/endring-av-utvalgets-mandat-utforming-av-lovforslag\/\">\n\t\t\t\t\t\t\t\t\t\t<div class=\"column\">\n\t\t\t\t\t\t<h2 class=\"entry-title\">Endring av utvalgets mandat \u2013 utforming av lovforslag<\/h2>\t\t\t\t\t\t<div class=\"entry-summary\"><p>Departementet har i brev 27. august 2019 formidlet til Etikkinformasjonsutvalget en endring i utvalgets mandat. Departementet har besluttet at utvalget ...<\/p><\/div>\t\t\t\t\t\t\t\t\t\t\t<\/div>\n\t\t\t\t<\/a>\n\t\t\t<\/li>\n\t\t\t\t\t<li class=\"list-item\">\n\t\t\t\t<a href=\"https:\/\/nettsteder.regjeringen.no\/etikkinformasjonsutvalget\/2019\/06\/24\/etikkinformasjonsutvalgets-statusrapport-juni-2019\/\">\n\t\t\t\t\t\t\t\t\t\t<div class=\"column\">\n\t\t\t\t\t\t<h2 class=\"entry-title\">Etikkinformasjonsutvalgets statusrapport \u2013 juni 2019<\/h2>\t\t\t\t\t\t<div class=\"entry-summary\"><p>Etikkinformasjonsutvalget har avgitt en forel\u00f8pig rapport om utvalgets arbeid til Barne- og familiedepartementet i henhold til mandatets del A.<\/p><\/div>\t\t\t\t\t\t\t\t\t\t\t<\/div>\n\t\t\t\t<\/a>\n\t\t\t<\/li>\n\t\t\t\t\t<li class=\"list-item\">\n\t\t\t\t<a href=\"https:\/\/nettsteder.regjeringen.no\/etikkinformasjonsutvalget\/2019\/06\/24\/utvalgsmote-13-juni-informasjonsplikter\/\">\n\t\t\t\t\t\t\t\t\t\t<div class=\"column\">\n\t\t\t\t\t\t<h2 class=\"entry-title\">Utvalgsm\u00f8te 13. juni: informasjonsplikter<\/h2>\t\t\t\t\t\t<div class=\"entry-summary\"><p>Etikkinformasjonsutvalget avholdt 13. juni sitt siste utvalgsm\u00f8te f\u00f8r sommeren. Hovedpunktet p\u00e5 agendaen var diskusjon rundt ulike modeller for en informasjonsplikt. ...<\/p><\/div>\t\t\t\t\t\t\t\t\t\t\t<\/div>\n\t\t\t\t<\/a>\n\t\t\t<\/li>\n\t\t\t<\/ul>\n<\/div><\/div>","protected":false},"excerpt":{"rendered":"<p>The Norwegian government has appointed an expert committee to investigate a law on ethics information.<\/p>\n","protected":false},"author":533,"featured_media":0,"parent":0,"menu_order":0,"comment_status":"closed","ping_status":"closed","template":"","meta":{"_acf_changed":false,"footnotes":""},"class_list":["post-403","page","type-page","status-publish","hentry"],"acf":[],"language":"en-GB","_links":{"self":[{"href":"https:\/\/nettsteder.regjeringen.no\/etikkinformasjonsutvalget\/wp-json\/wp\/v2\/pages\/403","targetHints":{"allow":["GET"]}}],"collection":[{"href":"https:\/\/nettsteder.regjeringen.no\/etikkinformasjonsutvalget\/wp-json\/wp\/v2\/pages"}],"about":[{"href":"https:\/\/nettsteder.regjeringen.no\/etikkinformasjonsutvalget\/wp-json\/wp\/v2\/types\/page"}],"author":[{"embeddable":true,"href":"https:\/\/nettsteder.regjeringen.no\/etikkinformasjonsutvalget\/wp-json\/wp\/v2\/users\/533"}],"replies":[{"embeddable":true,"href":"https:\/\/nettsteder.regjeringen.no\/etikkinformasjonsutvalget\/wp-json\/wp\/v2\/comments?post=403"}],"version-history":[{"count":13,"href":"https:\/\/nettsteder.regjeringen.no\/etikkinformasjonsutvalget\/wp-json\/wp\/v2\/pages\/403\/revisions"}],"predecessor-version":[{"id":559,"href":"https:\/\/nettsteder.regjeringen.no\/etikkinformasjonsutvalget\/wp-json\/wp\/v2\/pages\/403\/revisions\/559"}],"wp:attachment":[{"href":"https:\/\/nettsteder.regjeringen.no\/etikkinformasjonsutvalget\/wp-json\/wp\/v2\/media?parent=403"}],"curies":[{"name":"wp","href":"https:\/\/api.w.org\/{rel}","templated":true}]}}