{"id":207,"date":"2018-10-17T11:52:09","date_gmt":"2018-10-17T09:52:09","guid":{"rendered":"https:\/\/nettsteder.regjeringen.no\/etikkinformasjonsutvalget\/?page_id=207"},"modified":"2018-12-04T13:17:59","modified_gmt":"2018-12-04T12:17:59","slug":"hvordan-jobber-vi","status":"publish","type":"page","link":"https:\/\/nettsteder.regjeringen.no\/etikkinformasjonsutvalget\/hvordan-jobber-vi\/","title":{"rendered":"Hvordan jobber vi?"},"content":{"rendered":"<div class=\"text-wrap post-content clearfix\"><p>Utvalget m\u00f8tes regelmessig for \u00e5 diskutere aktuelle problemstillinger, samt motta innspill fra eksterne akt\u00f8rer.<\/p>\n<p>Sekretariatet jobber med \u00e5 fremskaffe relevant forskning, informasjon og innspill, skrivearbeid og koordinering av utvalgets arbeid.<\/p>\n<p>Ta gjerne kontakt og gi innspill til arbeidet.<\/p>\n<\/div>","protected":false},"excerpt":{"rendered":"<p>Etikkinformasjonsutvalget samler inn kunnskap og diskuterer gjeldende lover, retningslinjer, forskning og erfaringer knyttet til n\u00e6ringslivets samfunnsansvar, forbrukervern, leverand\u00f8rkjedeproblematikk m.m.<\/p>\n","protected":false},"author":533,"featured_media":0,"parent":0,"menu_order":0,"comment_status":"closed","ping_status":"closed","template":"","meta":{"_acf_changed":false,"footnotes":""},"class_list":["post-207","page","type-page","status-publish","hentry"],"acf":[],"language":"nb-NO","_links":{"self":[{"href":"https:\/\/nettsteder.regjeringen.no\/etikkinformasjonsutvalget\/wp-json\/wp\/v2\/pages\/207","targetHints":{"allow":["GET"]}}],"collection":[{"href":"https:\/\/nettsteder.regjeringen.no\/etikkinformasjonsutvalget\/wp-json\/wp\/v2\/pages"}],"about":[{"href":"https:\/\/nettsteder.regjeringen.no\/etikkinformasjonsutvalget\/wp-json\/wp\/v2\/types\/page"}],"author":[{"embeddable":true,"href":"https:\/\/nettsteder.regjeringen.no\/etikkinformasjonsutvalget\/wp-json\/wp\/v2\/users\/533"}],"replies":[{"embeddable":true,"href":"https:\/\/nettsteder.regjeringen.no\/etikkinformasjonsutvalget\/wp-json\/wp\/v2\/comments?post=207"}],"version-history":[{"count":4,"href":"https:\/\/nettsteder.regjeringen.no\/etikkinformasjonsutvalget\/wp-json\/wp\/v2\/pages\/207\/revisions"}],"predecessor-version":[{"id":285,"href":"https:\/\/nettsteder.regjeringen.no\/etikkinformasjonsutvalget\/wp-json\/wp\/v2\/pages\/207\/revisions\/285"}],"wp:attachment":[{"href":"https:\/\/nettsteder.regjeringen.no\/etikkinformasjonsutvalget\/wp-json\/wp\/v2\/media?parent=207"}],"curies":[{"name":"wp","href":"https:\/\/api.w.org\/{rel}","templated":true}]}}