{"id":15,"date":"2018-10-09T12:21:17","date_gmt":"2018-10-09T10:21:17","guid":{"rendered":"https:\/\/nettsteder.regjeringen.no\/etikkinformasjonsutvalget\/?page_id=15"},"modified":"2019-04-29T09:40:45","modified_gmt":"2019-04-29T07:40:45","slug":"ekspertutvalget","status":"publish","type":"page","link":"https:\/\/nettsteder.regjeringen.no\/etikkinformasjonsutvalget\/ekspertutvalget\/","title":{"rendered":"Ekspertutvalget"},"content":{"rendered":"<div id=\"module-0\" class=\"hogan-module hogan-module-people hogan-module-0 text-wrap\"><div class=\"hogan-module-inner image-column-size-30\"><ul>\n\t\t\t<li class=\"columns\">\n\t\t\t<div class=\"column\">\n\t\t\t\t<div class=\"round\">\n\t\t\t\t\t<img loading=\"lazy\" decoding=\"async\" width=\"400\" height=\"400\" src=\"https:\/\/files.nettsteder.regjeringen.no\/wpuploads01\/blogs.dir\/343\/files\/2018\/10\/Ola-Mestad_UT3-400x400.jpg\" class=\"grayscale\" alt=\"\" srcset=\"https:\/\/files.nettsteder.regjeringen.no\/wpuploads01\/blogs.dir\/343\/files\/2018\/10\/Ola-Mestad_UT3-400x400.jpg 400w, https:\/\/files.nettsteder.regjeringen.no\/wpuploads01\/blogs.dir\/343\/files\/2018\/10\/Ola-Mestad_UT3-150x150.jpg 150w, https:\/\/files.nettsteder.regjeringen.no\/wpuploads01\/blogs.dir\/343\/files\/2018\/10\/Ola-Mestad_UT3-300x300.jpg 300w, https:\/\/files.nettsteder.regjeringen.no\/wpuploads01\/blogs.dir\/343\/files\/2018\/10\/Ola-Mestad_UT3-768x768.jpg 768w, https:\/\/files.nettsteder.regjeringen.no\/wpuploads01\/blogs.dir\/343\/files\/2018\/10\/Ola-Mestad_UT3-1024x1024.jpg 1024w, https:\/\/files.nettsteder.regjeringen.no\/wpuploads01\/blogs.dir\/343\/files\/2018\/10\/Ola-Mestad_UT3-335x335.jpg 335w, https:\/\/files.nettsteder.regjeringen.no\/wpuploads01\/blogs.dir\/343\/files\/2018\/10\/Ola-Mestad_UT3-670x670.jpg 670w\" sizes=\"auto, (max-width: 400px) 100vw, 400px\" \/>\t\t\t\t<\/div>\n\t\t\t<\/div>\n\t\t\t<div class=\"column\">\n\t\t\t\t<div class=\"name\">Ola Mestad<\/div><div class=\"position\">leder<\/div><a href=\"javascript:\/\/\" class=\"show-hide-link\"\n\t\t\t\t   data-show-text=\"Vis beskrivelse\"\n\t\t\t\t   data-hide-text=\"Skjul beskrivelse\">Vis beskrivelse<\/a>\t\t\t\t<div class=\"description\"\n\t\t\t\t\t aria-expanded=\"false\"><p>Professor dr. juris ved Nordisk institutt for sj\u00f8rett, Universitetet i Oslo, fra 2000, instituttleder fra 2017. Han har tidligere mange\u00e5rig erfaring som advokat i advokatfirmaet BA-HR, der han s\u00e6rlig arbeidet med petroleumssektoren. N\u00e5 arbeider han hovedsakelig med kontraktsrett og statsrett i tillegg til internasjonal handels- og investeringsrett, petroleumsrett og E\u00d8S-rett. Ola Mestad var medlem av Etikkr\u00e5det for Statens pensjonsfond utland (Oljefondet) fra 2004 og ledet r\u00e5det 2012-14. Fra 2015-2018 ledet Mestad Norges OECD-kontaktpunkt for ansvarlig n\u00e6ringsliv. Han var leder av Forskningskomiteen for grunnlovsjubileet 1814-2014. Mestad er ad hoc-dommer i EFTA-domstolen i Luxemburg og blir brukt som voldgiftsdommer i norsk og internasjonal voldgift.<\/p>\n<\/div>\n\t\t\t<\/div>\n\t\t<\/li>\n\t\t\t<li class=\"columns\">\n\t\t\t<div class=\"column\">\n\t\t\t\t<div class=\"round\">\n\t\t\t\t\t<img loading=\"lazy\" decoding=\"async\" width=\"400\" height=\"400\" src=\"https:\/\/files.nettsteder.regjeringen.no\/wpuploads01\/blogs.dir\/343\/files\/2018\/10\/caroline-400x400.jpg\" class=\"grayscale\" alt=\"\" srcset=\"https:\/\/files.nettsteder.regjeringen.no\/wpuploads01\/blogs.dir\/343\/files\/2018\/10\/caroline-400x400.jpg 400w, https:\/\/files.nettsteder.regjeringen.no\/wpuploads01\/blogs.dir\/343\/files\/2018\/10\/caroline-150x150.jpg 150w\" sizes=\"auto, (max-width: 400px) 100vw, 400px\" \/>\t\t\t\t<\/div>\n\t\t\t<\/div>\n\t\t\t<div class=\"column\">\n\t\t\t\t<div class=\"name\">Caroline Dale Ditlev-Simonsen<\/div><a href=\"javascript:\/\/\" class=\"show-hide-link\"\n\t\t\t\t   data-show-text=\"Vis beskrivelse\"\n\t\t\t\t   data-hide-text=\"Skjul beskrivelse\">Vis beskrivelse<\/a>\t\t\t\t<div class=\"description\"\n\t\t\t\t\t aria-expanded=\"false\"><p>Caroline Dale Ditlev-Simonsen er professor ved Handelsh\u00f8yskolen BI. Hennes PhD grad er innen ledelse og organisasjon, med tema knyttet til bedrifters samfunnsansvar og b\u00e6rekraftig utvikling. Ditlev-Simonsen har bred og internasjonal erfaring fra n\u00e6ringslivet innen milj\u00f8 og andre samfunnsrelaterte fagomr\u00e5der. Hun har flere verv, blant annet co-director ved\u00a0BI Centre for Corporate Responsibility, Associate Dean for BI Executive Master of Management, medlem av Stiftelsesklagenemda og har i tillegg bred styreerfaring.<\/p>\n<\/div>\n\t\t\t<\/div>\n\t\t<\/li>\n\t\t\t<li class=\"columns\">\n\t\t\t<div class=\"column\">\n\t\t\t\t<div class=\"round\">\n\t\t\t\t\t<img loading=\"lazy\" decoding=\"async\" width=\"400\" height=\"400\" src=\"https:\/\/files.nettsteder.regjeringen.no\/wpuploads01\/blogs.dir\/343\/files\/2018\/10\/Lars-Jacob-Tynes-Pedersen_UT2-400x400.jpg\" class=\"grayscale\" alt=\"\" srcset=\"https:\/\/files.nettsteder.regjeringen.no\/wpuploads01\/blogs.dir\/343\/files\/2018\/10\/Lars-Jacob-Tynes-Pedersen_UT2-400x400.jpg 400w, https:\/\/files.nettsteder.regjeringen.no\/wpuploads01\/blogs.dir\/343\/files\/2018\/10\/Lars-Jacob-Tynes-Pedersen_UT2-150x150.jpg 150w, https:\/\/files.nettsteder.regjeringen.no\/wpuploads01\/blogs.dir\/343\/files\/2018\/10\/Lars-Jacob-Tynes-Pedersen_UT2-300x300.jpg 300w, https:\/\/files.nettsteder.regjeringen.no\/wpuploads01\/blogs.dir\/343\/files\/2018\/10\/Lars-Jacob-Tynes-Pedersen_UT2-768x768.jpg 768w, https:\/\/files.nettsteder.regjeringen.no\/wpuploads01\/blogs.dir\/343\/files\/2018\/10\/Lars-Jacob-Tynes-Pedersen_UT2-1024x1024.jpg 1024w, https:\/\/files.nettsteder.regjeringen.no\/wpuploads01\/blogs.dir\/343\/files\/2018\/10\/Lars-Jacob-Tynes-Pedersen_UT2-335x335.jpg 335w, https:\/\/files.nettsteder.regjeringen.no\/wpuploads01\/blogs.dir\/343\/files\/2018\/10\/Lars-Jacob-Tynes-Pedersen_UT2-670x670.jpg 670w\" sizes=\"auto, (max-width: 400px) 100vw, 400px\" \/>\t\t\t\t<\/div>\n\t\t\t<\/div>\n\t\t\t<div class=\"column\">\n\t\t\t\t<div class=\"name\">Lars Jacob Tynes Pedersen<\/div><a href=\"javascript:\/\/\" class=\"show-hide-link\"\n\t\t\t\t   data-show-text=\"Vis beskrivelse\"\n\t\t\t\t   data-hide-text=\"Skjul beskrivelse\">Vis beskrivelse<\/a>\t\t\t\t<div class=\"description\"\n\t\t\t\t\t aria-expanded=\"false\"><p>Lars Jacob Tynes Pedersen er f\u00f8rsteamanuensis ved Norges Handelsh\u00f8yskole (NHH), hvor han er leder for Senter for etikk og \u00f8konomi. Han forsker og underviser innenfor temaer som b\u00e6rekraftig forretningsmodellinnovasjon, forretningsetikk og forskningsetikk. Pedersen er en aktiv formidler og foredragsholder, han r\u00e5dgir bedrifter og andre organisasjoner, og sitter i flere styrer og utvalg.<\/p>\n<\/div>\n\t\t\t<\/div>\n\t\t<\/li>\n\t\t\t<li class=\"columns\">\n\t\t\t<div class=\"column\">\n\t\t\t\t<div class=\"round\">\n\t\t\t\t\t<img loading=\"lazy\" decoding=\"async\" width=\"400\" height=\"400\" src=\"https:\/\/files.nettsteder.regjeringen.no\/wpuploads01\/blogs.dir\/343\/files\/2018\/10\/Mark_ut-400x400.jpg\" class=\"grayscale\" alt=\"\" srcset=\"https:\/\/files.nettsteder.regjeringen.no\/wpuploads01\/blogs.dir\/343\/files\/2018\/10\/Mark_ut-400x400.jpg 400w, https:\/\/files.nettsteder.regjeringen.no\/wpuploads01\/blogs.dir\/343\/files\/2018\/10\/Mark_ut-150x150.jpg 150w, https:\/\/files.nettsteder.regjeringen.no\/wpuploads01\/blogs.dir\/343\/files\/2018\/10\/Mark_ut-300x300.jpg 300w, https:\/\/files.nettsteder.regjeringen.no\/wpuploads01\/blogs.dir\/343\/files\/2018\/10\/Mark_ut-768x768.jpg 768w, https:\/\/files.nettsteder.regjeringen.no\/wpuploads01\/blogs.dir\/343\/files\/2018\/10\/Mark_ut-1024x1024.jpg 1024w, https:\/\/files.nettsteder.regjeringen.no\/wpuploads01\/blogs.dir\/343\/files\/2018\/10\/Mark_ut-335x335.jpg 335w, https:\/\/files.nettsteder.regjeringen.no\/wpuploads01\/blogs.dir\/343\/files\/2018\/10\/Mark_ut-670x670.jpg 670w\" sizes=\"auto, (max-width: 400px) 100vw, 400px\" \/>\t\t\t\t<\/div>\n\t\t\t<\/div>\n\t\t\t<div class=\"column\">\n\t\t\t\t<div class=\"name\">Mark B. Taylor<\/div><a href=\"javascript:\/\/\" class=\"show-hide-link\"\n\t\t\t\t   data-show-text=\"Vis beskrivelse\"\n\t\t\t\t   data-hide-text=\"Skjul beskrivelse\">Vis beskrivelse<\/a>\t\t\t\t<div class=\"description\"\n\t\t\t\t\t aria-expanded=\"false\"><p>Mark B. Taylor er postdoktor\u00a0ved Institutt for Privatrett, Universitet i Oslo og seniorforsker\u00a0ved forskningsstiftelsen Fafo. Taylor har forsket p\u00e5 juridiske og politiske rammer for <a href=\"https:\/\/www.smart.uio.no\/\">ansvarlige og b\u00e6rekraftig virksomheter<\/a> i mer enn to ti\u00e5r. Taylor har hatt flere verv, som tidligere forskningsdirekt\u00f8r ved Fafo, styremedlem ved Institutt for menneskerettigheter og n\u00e6ringsliv og r\u00e5dgiver for International Corporate Accountability Roundtable (Washington DC). Mark har en Bachelor of Arts (hons) i religion fra McGill University, Montreal, LL.M. (cum laude) fra Leiden Universitet, Nederland og en Dr. Philos i folkerett fra Universitetet i Oslo.<\/p>\n<\/div>\n\t\t\t<\/div>\n\t\t<\/li>\n\t\t\t<li class=\"columns\">\n\t\t\t<div class=\"column\">\n\t\t\t\t<div class=\"round\">\n\t\t\t\t\t<img loading=\"lazy\" decoding=\"async\" width=\"400\" height=\"400\" src=\"https:\/\/files.nettsteder.regjeringen.no\/wpuploads01\/blogs.dir\/343\/files\/2018\/10\/Steinar-Olsen_UT-400x400.jpg\" class=\"grayscale\" alt=\"\" srcset=\"https:\/\/files.nettsteder.regjeringen.no\/wpuploads01\/blogs.dir\/343\/files\/2018\/10\/Steinar-Olsen_UT-400x400.jpg 400w, https:\/\/files.nettsteder.regjeringen.no\/wpuploads01\/blogs.dir\/343\/files\/2018\/10\/Steinar-Olsen_UT-150x150.jpg 150w, https:\/\/files.nettsteder.regjeringen.no\/wpuploads01\/blogs.dir\/343\/files\/2018\/10\/Steinar-Olsen_UT-300x300.jpg 300w, https:\/\/files.nettsteder.regjeringen.no\/wpuploads01\/blogs.dir\/343\/files\/2018\/10\/Steinar-Olsen_UT-768x768.jpg 768w, https:\/\/files.nettsteder.regjeringen.no\/wpuploads01\/blogs.dir\/343\/files\/2018\/10\/Steinar-Olsen_UT-1024x1024.jpg 1024w, https:\/\/files.nettsteder.regjeringen.no\/wpuploads01\/blogs.dir\/343\/files\/2018\/10\/Steinar-Olsen_UT-335x335.jpg 335w, https:\/\/files.nettsteder.regjeringen.no\/wpuploads01\/blogs.dir\/343\/files\/2018\/10\/Steinar-Olsen_UT-670x670.jpg 670w\" sizes=\"auto, (max-width: 400px) 100vw, 400px\" \/>\t\t\t\t<\/div>\n\t\t\t<\/div>\n\t\t\t<div class=\"column\">\n\t\t\t\t<div class=\"name\">Steinar J. Olsen<\/div><a href=\"javascript:\/\/\" class=\"show-hide-link\"\n\t\t\t\t   data-show-text=\"Vis beskrivelse\"\n\t\t\t\t   data-hide-text=\"Skjul beskrivelse\">Vis beskrivelse<\/a>\t\t\t\t<div class=\"description\"\n\t\t\t\t\t aria-expanded=\"false\"><p>Steinar J. Olsen har drevet egen virksomhet siden har var 16 \u00e5r gammel. Han er gr\u00fcnderen bak Stormberg \u2013 en virksomhet med b\u00e6rekraft som en sentral del av forretningsideen. Olsen har mottatt flere priser for sitt arbeid\u00a0med samfunnsansvar og\u00a0inkludering i arbeidslivet, blant annet prisen\u00a0\u00c5rets ildsjel\u00a0fra Initiativ for Etisk Handel\u00a0i 2012. Olsen har hatt flere verv. Han var medlem av\u00a0N\u00e6rings- og handelsministerens\u00a0<a href=\"http:\/\/www.regjeringen.no\/nb\/dep\/nhd\/pressesenter\/pressemeldinger\/2012\/test.html?id=672223\">2020-gruppe<\/a>, og siden 2014 han sittet i <a href=\"https:\/\/www.regjeringen.no\/no\/dep\/kld\/organisasjon\/styrer-rad-og-utvalg\/klimarad\/id2354044\/\">klimar\u00e5det<\/a>.\u00a0Olsen\u00a0ga i 2011 ut boken\u00a0&laquo;Stormberger \u2013 Samfunnsansvar fra ord til handling&raquo;.<\/p>\n<\/div>\n\t\t\t<\/div>\n\t\t<\/li>\n\t\t\t<li class=\"columns\">\n\t\t\t<div class=\"column\">\n\t\t\t\t<div class=\"round\">\n\t\t\t\t\t<img loading=\"lazy\" decoding=\"async\" width=\"400\" height=\"400\" src=\"https:\/\/files.nettsteder.regjeringen.no\/wpuploads01\/blogs.dir\/343\/files\/2018\/10\/Bente-\u00d8verli_UT-400x400.jpg\" class=\"grayscale\" alt=\"\" srcset=\"https:\/\/files.nettsteder.regjeringen.no\/wpuploads01\/blogs.dir\/343\/files\/2018\/10\/Bente-\u00d8verli_UT-400x400.jpg 400w, https:\/\/files.nettsteder.regjeringen.no\/wpuploads01\/blogs.dir\/343\/files\/2018\/10\/Bente-\u00d8verli_UT-150x150.jpg 150w, https:\/\/files.nettsteder.regjeringen.no\/wpuploads01\/blogs.dir\/343\/files\/2018\/10\/Bente-\u00d8verli_UT-300x300.jpg 300w, https:\/\/files.nettsteder.regjeringen.no\/wpuploads01\/blogs.dir\/343\/files\/2018\/10\/Bente-\u00d8verli_UT-768x768.jpg 768w, https:\/\/files.nettsteder.regjeringen.no\/wpuploads01\/blogs.dir\/343\/files\/2018\/10\/Bente-\u00d8verli_UT-1024x1024.jpg 1024w, https:\/\/files.nettsteder.regjeringen.no\/wpuploads01\/blogs.dir\/343\/files\/2018\/10\/Bente-\u00d8verli_UT-335x335.jpg 335w, https:\/\/files.nettsteder.regjeringen.no\/wpuploads01\/blogs.dir\/343\/files\/2018\/10\/Bente-\u00d8verli_UT-670x670.jpg 670w\" sizes=\"auto, (max-width: 400px) 100vw, 400px\" \/>\t\t\t\t<\/div>\n\t\t\t<\/div>\n\t\t\t<div class=\"column\">\n\t\t\t\t<div class=\"name\">Bente \u00d8verli<\/div><a href=\"javascript:\/\/\" class=\"show-hide-link\"\n\t\t\t\t   data-show-text=\"Vis beskrivelse\"\n\t\t\t\t   data-hide-text=\"Skjul beskrivelse\">Vis beskrivelse<\/a>\t\t\t\t<div class=\"description\"\n\t\t\t\t\t aria-expanded=\"false\"><p>Bente \u00d8verli er utdannet jurist og har v\u00e6rt nestleder i Forbrukertilsynet (tidligere Forbrukerombudet) siden 2010. I perioden 2000 til 2010 var hun fagansvarlig for arbeidet tilsynet gjorde p\u00e5 milj\u00f8 og etikkargumentasjon i markedsf\u00f8ringen.\u00a0\u00d8verli har hatt ansvaret for utarbeidelsen av flere norske veiledninger til n\u00e6ringslivet p\u00e5 feltet, og ogs\u00e5 samarbeidet med andre tilsyn i utarbeidelsen av praksis og veiledninger i Norden, EU og forbrukergruppen i OECD.<\/p>\n<\/div>\n\t\t\t<\/div>\n\t\t<\/li>\n\t\t\t<li class=\"columns\">\n\t\t\t<div class=\"column\">\n\t\t\t\t<div class=\"round\">\n\t\t\t\t\t<img loading=\"lazy\" decoding=\"async\" width=\"400\" height=\"400\" src=\"https:\/\/files.nettsteder.regjeringen.no\/wpuploads01\/blogs.dir\/343\/files\/2018\/10\/Jon-Vea_UT-400x400.jpg\" class=\"grayscale\" alt=\"\" srcset=\"https:\/\/files.nettsteder.regjeringen.no\/wpuploads01\/blogs.dir\/343\/files\/2018\/10\/Jon-Vea_UT-400x400.jpg 400w, https:\/\/files.nettsteder.regjeringen.no\/wpuploads01\/blogs.dir\/343\/files\/2018\/10\/Jon-Vea_UT-150x150.jpg 150w, https:\/\/files.nettsteder.regjeringen.no\/wpuploads01\/blogs.dir\/343\/files\/2018\/10\/Jon-Vea_UT-300x300.jpg 300w, https:\/\/files.nettsteder.regjeringen.no\/wpuploads01\/blogs.dir\/343\/files\/2018\/10\/Jon-Vea_UT-768x768.jpg 768w, https:\/\/files.nettsteder.regjeringen.no\/wpuploads01\/blogs.dir\/343\/files\/2018\/10\/Jon-Vea_UT-1024x1024.jpg 1024w, https:\/\/files.nettsteder.regjeringen.no\/wpuploads01\/blogs.dir\/343\/files\/2018\/10\/Jon-Vea_UT-335x335.jpg 335w, https:\/\/files.nettsteder.regjeringen.no\/wpuploads01\/blogs.dir\/343\/files\/2018\/10\/Jon-Vea_UT-670x670.jpg 670w\" sizes=\"auto, (max-width: 400px) 100vw, 400px\" \/>\t\t\t\t<\/div>\n\t\t\t<\/div>\n\t\t\t<div class=\"column\">\n\t\t\t\t<div class=\"name\">Jon Vea<\/div><a href=\"javascript:\/\/\" class=\"show-hide-link\"\n\t\t\t\t   data-show-text=\"Vis beskrivelse\"\n\t\t\t\t   data-hide-text=\"Skjul beskrivelse\">Vis beskrivelse<\/a>\t\t\t\t<div class=\"description\"\n\t\t\t\t\t aria-expanded=\"false\"><p>Jon Vea er spesialr\u00e5dgiver i NHO og arbeider spesielt med utviklingspolitikk, samfunnsansvar og b\u00e6rekraft. Han har lang erfaring fra utenrikstjenesten, herunder som ambassad\u00f8r i Angola 2008 til 2012. Han ledet NHOs internasjonale avdeling fra 1992 til 2006 og har i tillegg arbeidet i NFD og det tidligere Eksportr\u00e5det. Vea har omfattende erfaring fra styrearbeid, blant annet Varemessen, Eksportr\u00e5det og Sn\u00f8hetta. Han er medlem av styret i Transparency International, Norge (TI &#8211; Norge).<\/p>\n<\/div>\n\t\t\t<\/div>\n\t\t<\/li>\n\t\t\t<li class=\"columns\">\n\t\t\t<div class=\"column\">\n\t\t\t\t<div class=\"round\">\n\t\t\t\t\t<img loading=\"lazy\" decoding=\"async\" width=\"400\" height=\"400\" src=\"https:\/\/files.nettsteder.regjeringen.no\/wpuploads01\/blogs.dir\/343\/files\/2018\/10\/Gro-Granden_UT2-400x400.jpg\" class=\"grayscale\" alt=\"\" srcset=\"https:\/\/files.nettsteder.regjeringen.no\/wpuploads01\/blogs.dir\/343\/files\/2018\/10\/Gro-Granden_UT2-400x400.jpg 400w, https:\/\/files.nettsteder.regjeringen.no\/wpuploads01\/blogs.dir\/343\/files\/2018\/10\/Gro-Granden_UT2-150x150.jpg 150w, https:\/\/files.nettsteder.regjeringen.no\/wpuploads01\/blogs.dir\/343\/files\/2018\/10\/Gro-Granden_UT2-300x300.jpg 300w, https:\/\/files.nettsteder.regjeringen.no\/wpuploads01\/blogs.dir\/343\/files\/2018\/10\/Gro-Granden_UT2-768x768.jpg 768w, https:\/\/files.nettsteder.regjeringen.no\/wpuploads01\/blogs.dir\/343\/files\/2018\/10\/Gro-Granden_UT2-1024x1024.jpg 1024w, https:\/\/files.nettsteder.regjeringen.no\/wpuploads01\/blogs.dir\/343\/files\/2018\/10\/Gro-Granden_UT2-335x335.jpg 335w, https:\/\/files.nettsteder.regjeringen.no\/wpuploads01\/blogs.dir\/343\/files\/2018\/10\/Gro-Granden_UT2-670x670.jpg 670w\" sizes=\"auto, (max-width: 400px) 100vw, 400px\" \/>\t\t\t\t<\/div>\n\t\t\t<\/div>\n\t\t\t<div class=\"column\">\n\t\t\t\t<div class=\"name\">Gro Granden<\/div><a href=\"javascript:\/\/\" class=\"show-hide-link\"\n\t\t\t\t   data-show-text=\"Vis beskrivelse\"\n\t\t\t\t   data-hide-text=\"Skjul beskrivelse\">Vis beskrivelse<\/a>\t\t\t\t<div class=\"description\"\n\t\t\t\t\t aria-expanded=\"false\"><p>Gro Granden er cand. jur. fra Universitetet i Oslo. Granden er spesialr\u00e5dgiver i forhandlings- og HMS-avdelingen i LO. Hun har tidligere arbeidet i LOs arbeids- og n\u00e6ringslivsavdeling og v\u00e6rt r\u00e5dgiver i arbeidsmilj\u00f8avdelingen i Kommunal- og arbeidsdepartementet, og er medlem av Bedriftsdemokratinemnda. Hun har gitt ut en rekke b\u00f8ker om tillitsvalgte, styrearbeid, omstillingsprosesser og samfunnsansvar.<\/p>\n<\/div>\n\t\t\t<\/div>\n\t\t<\/li>\n\t\t\t<li class=\"columns\">\n\t\t\t<div class=\"column\">\n\t\t\t\t<div class=\"round\">\n\t\t\t\t\t<img loading=\"lazy\" decoding=\"async\" width=\"400\" height=\"400\" src=\"https:\/\/files.nettsteder.regjeringen.no\/wpuploads01\/blogs.dir\/343\/files\/2018\/10\/Heidi-Furust\u00f8l_UT2-400x400.jpg\" class=\"grayscale\" alt=\"\" srcset=\"https:\/\/files.nettsteder.regjeringen.no\/wpuploads01\/blogs.dir\/343\/files\/2018\/10\/Heidi-Furust\u00f8l_UT2-400x400.jpg 400w, https:\/\/files.nettsteder.regjeringen.no\/wpuploads01\/blogs.dir\/343\/files\/2018\/10\/Heidi-Furust\u00f8l_UT2-150x150.jpg 150w, https:\/\/files.nettsteder.regjeringen.no\/wpuploads01\/blogs.dir\/343\/files\/2018\/10\/Heidi-Furust\u00f8l_UT2-300x300.jpg 300w, https:\/\/files.nettsteder.regjeringen.no\/wpuploads01\/blogs.dir\/343\/files\/2018\/10\/Heidi-Furust\u00f8l_UT2-768x768.jpg 768w, https:\/\/files.nettsteder.regjeringen.no\/wpuploads01\/blogs.dir\/343\/files\/2018\/10\/Heidi-Furust\u00f8l_UT2-1024x1024.jpg 1024w, https:\/\/files.nettsteder.regjeringen.no\/wpuploads01\/blogs.dir\/343\/files\/2018\/10\/Heidi-Furust\u00f8l_UT2-335x335.jpg 335w, https:\/\/files.nettsteder.regjeringen.no\/wpuploads01\/blogs.dir\/343\/files\/2018\/10\/Heidi-Furust\u00f8l_UT2-670x670.jpg 670w\" sizes=\"auto, (max-width: 400px) 100vw, 400px\" \/>\t\t\t\t<\/div>\n\t\t\t<\/div>\n\t\t\t<div class=\"column\">\n\t\t\t\t<div class=\"name\">Heidi Furust\u00f8l<\/div><a href=\"javascript:\/\/\" class=\"show-hide-link\"\n\t\t\t\t   data-show-text=\"Vis beskrivelse\"\n\t\t\t\t   data-hide-text=\"Skjul beskrivelse\">Vis beskrivelse<\/a>\t\t\t\t<div class=\"description\"\n\t\t\t\t\t aria-expanded=\"false\"><p>Heidi Furust\u00f8l er daglig leder i Etisk Handel Norge &#8211; et ledende fagmilj\u00f8 innen b\u00e6rekraftige leverand\u00f8rkjeder. Furust\u00f8l er utdannet statsviter fra Universitetet i Bergen og fra London School of Economics and Political Science (LSE) med etterutdanning i arbeidsrett og bedrifts\u00f8konomi. Hun har ledererfaring fra frivillig sektor og internasjonalt arbeid, erfaring fra offentlig virksomhetsstyring og styreerfaring fra blant annet Europabevegelsen og Transparency International Norge (TI &#8211; Norge).<\/p>\n<\/div>\n\t\t\t<\/div>\n\t\t<\/li>\n\t\t\t<li class=\"columns\">\n\t\t\t<div class=\"column\">\n\t\t\t\t<div class=\"round\">\n\t\t\t\t\t<img loading=\"lazy\" decoding=\"async\" width=\"400\" height=\"400\" src=\"https:\/\/files.nettsteder.regjeringen.no\/wpuploads01\/blogs.dir\/343\/files\/2018\/10\/Camilla-Skjelsbak-Gramstad_UT-400x400.jpg\" class=\"grayscale\" alt=\"\" srcset=\"https:\/\/files.nettsteder.regjeringen.no\/wpuploads01\/blogs.dir\/343\/files\/2018\/10\/Camilla-Skjelsbak-Gramstad_UT-400x400.jpg 400w, https:\/\/files.nettsteder.regjeringen.no\/wpuploads01\/blogs.dir\/343\/files\/2018\/10\/Camilla-Skjelsbak-Gramstad_UT-150x150.jpg 150w, https:\/\/files.nettsteder.regjeringen.no\/wpuploads01\/blogs.dir\/343\/files\/2018\/10\/Camilla-Skjelsbak-Gramstad_UT-300x300.jpg 300w, https:\/\/files.nettsteder.regjeringen.no\/wpuploads01\/blogs.dir\/343\/files\/2018\/10\/Camilla-Skjelsbak-Gramstad_UT-768x768.jpg 768w, https:\/\/files.nettsteder.regjeringen.no\/wpuploads01\/blogs.dir\/343\/files\/2018\/10\/Camilla-Skjelsbak-Gramstad_UT-1024x1024.jpg 1024w, https:\/\/files.nettsteder.regjeringen.no\/wpuploads01\/blogs.dir\/343\/files\/2018\/10\/Camilla-Skjelsbak-Gramstad_UT-335x335.jpg 335w, https:\/\/files.nettsteder.regjeringen.no\/wpuploads01\/blogs.dir\/343\/files\/2018\/10\/Camilla-Skjelsbak-Gramstad_UT-670x670.jpg 670w\" sizes=\"auto, (max-width: 400px) 100vw, 400px\" \/>\t\t\t\t<\/div>\n\t\t\t<\/div>\n\t\t\t<div class=\"column\">\n\t\t\t\t<div class=\"name\">Camilla Skjelsb\u00e6k Gramstad<\/div><a href=\"javascript:\/\/\" class=\"show-hide-link\"\n\t\t\t\t   data-show-text=\"Vis beskrivelse\"\n\t\t\t\t   data-hide-text=\"Skjul beskrivelse\">Vis beskrivelse<\/a>\t\t\t\t<div class=\"description\"\n\t\t\t\t\t aria-expanded=\"false\"><p>Camilla Skjelsb\u00e6k Gramstad jobber i politisk avdeling i Hovedorganisasjonen Virke og er ansvarlig for b\u00e6rekraft og samfunnsansvar. Gramstad\u00a0jobbet tidligere\u00a0med b\u00e6rekraft og leverand\u00f8rutvikling gjennom offentlige anskaffelser ved Direktoratet for forvaltning og IKT (Difi). Hun har\u00a0ogs\u00e5 jobbet ved Senter for utvikling og milj\u00f8 ved Universitetet i Oslo (UiO).\u00a0Gramstad sitter i divisjonsstyret for innovasjon i Forskningsr\u00e5det og er styrenestleder i Initiativ for etisk handel og Milj\u00f8fyrt\u00e5rn.\u00a0Gramstad har en tverrfaglig master i Culture, Environment and Sustainability fra UiO.<\/p>\n<\/div>\n\t\t\t<\/div>\n\t\t<\/li>\n\t<\/ul>\n<\/div><\/div>","protected":false},"excerpt":{"rendered":"<p>Ola MestadlederVis beskrivelse Professor dr. juris ved Nordisk institutt for sj\u00f8rett, Universitetet i Oslo, fra 2000, instituttleder fra 2017. Han &#8230;<\/p>\n","protected":false},"author":533,"featured_media":0,"parent":0,"menu_order":0,"comment_status":"closed","ping_status":"closed","template":"","meta":{"_acf_changed":false,"footnotes":""},"class_list":["post-15","page","type-page","status-publish","hentry"],"acf":[],"language":"nb-NO","_links":{"self":[{"href":"https:\/\/nettsteder.regjeringen.no\/etikkinformasjonsutvalget\/wp-json\/wp\/v2\/pages\/15","targetHints":{"allow":["GET"]}}],"collection":[{"href":"https:\/\/nettsteder.regjeringen.no\/etikkinformasjonsutvalget\/wp-json\/wp\/v2\/pages"}],"about":[{"href":"https:\/\/nettsteder.regjeringen.no\/etikkinformasjonsutvalget\/wp-json\/wp\/v2\/types\/page"}],"author":[{"embeddable":true,"href":"https:\/\/nettsteder.regjeringen.no\/etikkinformasjonsutvalget\/wp-json\/wp\/v2\/users\/533"}],"replies":[{"embeddable":true,"href":"https:\/\/nettsteder.regjeringen.no\/etikkinformasjonsutvalget\/wp-json\/wp\/v2\/comments?post=15"}],"version-history":[{"count":25,"href":"https:\/\/nettsteder.regjeringen.no\/etikkinformasjonsutvalget\/wp-json\/wp\/v2\/pages\/15\/revisions"}],"predecessor-version":[{"id":759,"href":"https:\/\/nettsteder.regjeringen.no\/etikkinformasjonsutvalget\/wp-json\/wp\/v2\/pages\/15\/revisions\/759"}],"wp:attachment":[{"href":"https:\/\/nettsteder.regjeringen.no\/etikkinformasjonsutvalget\/wp-json\/wp\/v2\/media?parent=15"}],"curies":[{"name":"wp","href":"https:\/\/api.w.org\/{rel}","templated":true}]}}