{"id":9,"date":"2025-07-08T09:14:38","date_gmt":"2025-07-08T07:14:38","guid":{"rendered":"https:\/\/nettsteder.regjeringen.no\/esika\/?page_id=9"},"modified":"2025-09-01T07:20:41","modified_gmt":"2025-09-01T05:20:41","slug":"medlemmer","status":"publish","type":"page","link":"https:\/\/nettsteder.regjeringen.no\/esika\/medlemmer\/","title":{"rendered":"Medlemmer"},"content":{"rendered":"\n<h2 class=\"wp-block-heading\"><\/h2>\n\n\n<ul class=\"wp-block-dss-people\">\n<li class=\"wp-block-dss-person\">\t<div class=\"dss-person-image\">\n\t\t<figure>\n\t\t\t<img loading=\"lazy\" decoding=\"async\" width=\"250\" height=\"250\" src=\"https:\/\/files.nettsteder.regjeringen.no\/wpuploads01\/sites\/595\/2025\/07\/Asbjorn-Strandbakken-300x300.jpg\" class=\"attachment-250x250 size-250x250\" alt=\"\" srcset=\"https:\/\/files.nettsteder.regjeringen.no\/wpuploads01\/sites\/595\/2025\/07\/Asbjorn-Strandbakken-300x300.jpg 300w, https:\/\/files.nettsteder.regjeringen.no\/wpuploads01\/sites\/595\/2025\/07\/Asbjorn-Strandbakken-150x150.jpg 150w, https:\/\/files.nettsteder.regjeringen.no\/wpuploads01\/sites\/595\/2025\/07\/Asbjorn-Strandbakken-768x768.jpg 768w, https:\/\/files.nettsteder.regjeringen.no\/wpuploads01\/sites\/595\/2025\/07\/Asbjorn-Strandbakken.jpg 1000w\" sizes=\"auto, (max-width: 250px) 100vw, 250px\" \/>\t\t<\/figure>\n\t<\/div>\n\t<div class=\"dss-person-content\">\n\t\t<h3 class=\"dss-person-name\">Asbj\u00f8rn Strandbakken<\/h3><p class=\"dss-person-position\">Utvalgsleder<\/p><div class=\"dss-person-content\">\n\n<p>Asbj\u00f8rn er professor i rettsvitenskap ved Universitetet i Agder. Han har arbeidet med familierett, strafferett, straffeprosess og menneskerettigheter. Foto: Hans J\u00f8rgen Brun<\/p>\n\n<\/div>\t<\/div>\n\t<\/li>\n\n<li class=\"wp-block-dss-person\">\t<div class=\"dss-person-image\">\n\t\t<figure>\n\t\t\t<img loading=\"lazy\" decoding=\"async\" width=\"229\" height=\"250\" src=\"https:\/\/files.nettsteder.regjeringen.no\/wpuploads01\/sites\/595\/2025\/07\/Merete-Hanch-Hansen-profilbilde.jpg\" class=\"attachment-250x250 size-250x250\" alt=\"\" srcset=\"https:\/\/files.nettsteder.regjeringen.no\/wpuploads01\/sites\/595\/2025\/07\/Merete-Hanch-Hansen-profilbilde.jpg 1874w, https:\/\/files.nettsteder.regjeringen.no\/wpuploads01\/sites\/595\/2025\/07\/Merete-Hanch-Hansen-profilbilde-275x300.jpg 275w, https:\/\/files.nettsteder.regjeringen.no\/wpuploads01\/sites\/595\/2025\/07\/Merete-Hanch-Hansen-profilbilde-937x1024.jpg 937w, https:\/\/files.nettsteder.regjeringen.no\/wpuploads01\/sites\/595\/2025\/07\/Merete-Hanch-Hansen-profilbilde-768x839.jpg 768w, https:\/\/files.nettsteder.regjeringen.no\/wpuploads01\/sites\/595\/2025\/07\/Merete-Hanch-Hansen-profilbilde-1406x1536.jpg 1406w\" sizes=\"auto, (max-width: 229px) 100vw, 229px\" \/>\t\t<\/figure>\n\t<\/div>\n\t<div class=\"dss-person-content\">\n\t\t<h3 class=\"dss-person-name\">Merete Hanch-Hansen<\/h3><div class=\"dss-person-content\">\n\n<p>Merete er utdannet sosionom og har en master i ledelse fra BI. Hun er avdelingsdirekt\u00f8r i Velferdsetaten i Oslo kommune og har blant annet ansvar for opps\u00f8kende arbeid med unge i Oslo sentrum og det byomfattende kriminalitetsforebyggende arbeidet gjennom SaLTo-sekretariatet i Oslo. Merete har fra august 2024 ledet Storbynettverk for tiltak mot kriminalitet blant barn og unge i KS.<\/p>\n\n<\/div>\t<\/div>\n\t<\/li>\n\n<li class=\"wp-block-dss-person\">\t<div class=\"dss-person-image\">\n\t\t<figure>\n\t\t\t<img loading=\"lazy\" decoding=\"async\" width=\"153\" height=\"153\" src=\"https:\/\/files.nettsteder.regjeringen.no\/wpuploads01\/sites\/595\/2025\/07\/Heidi-Tessand-2.jpg\" class=\"attachment-250x250 size-250x250\" alt=\"\" srcset=\"https:\/\/files.nettsteder.regjeringen.no\/wpuploads01\/sites\/595\/2025\/07\/Heidi-Tessand-2.jpg 153w, https:\/\/files.nettsteder.regjeringen.no\/wpuploads01\/sites\/595\/2025\/07\/Heidi-Tessand-2-150x150.jpg 150w\" sizes=\"auto, (max-width: 153px) 100vw, 153px\" \/>\t\t<\/figure>\n\t<\/div>\n\t<div class=\"dss-person-content\">\n\t\t<h3 class=\"dss-person-name\">Heidi Elisabeth Svendsen<\/h3><div class=\"dss-person-content\">\n\n<p>Heidi er psykolog, spesialist i samfunnspsykologi og klinisk barn og unge. Hun jobber i den nye unders\u00f8kelsesordningen til Helsetilsynet som skal unders\u00f8ke sv\u00e6rt alvorlige saker der barn har mistet livet eller har v\u00e6rt utsatt for vold, overgrep og grov omsorgssvikt. Hun har erfaring fra Stillasbyggerne. Heidi var medlem av ekspertgruppen om tiltak for barn som beg\u00e5r gjentatt eller alvorlig kriminalitet og barnevernsinstitusjonsutvalget.<\/p>\n\n<\/div>\t<\/div>\n\t<\/li>\n\n<li class=\"wp-block-dss-person\">\t<div class=\"dss-person-image\">\n\t\t<figure>\n\t\t\t<img loading=\"lazy\" decoding=\"async\" width=\"128\" height=\"168\" src=\"https:\/\/files.nettsteder.regjeringen.no\/wpuploads01\/sites\/595\/2025\/07\/Hanne-Blekkan.jpg\" class=\"attachment-250x250 size-250x250\" alt=\"\" \/>\t\t<\/figure>\n\t<\/div>\n\t<div class=\"dss-person-content\">\n\t\t<h3 class=\"dss-person-name\">Hanne Blekkan<\/h3><div class=\"dss-person-content\">\n\n<p>Hanne er politibetjent og jobber i forebyggende avdeling ved Tr\u00f8ndelag politidistrikt. Hun har ogs\u00e5 erfaringer fra forebyggende avdeling Manglerud, Oslo \u00d8st<\/p>\n\n<\/div>\t<\/div>\n\t<\/li>\n\n<li class=\"wp-block-dss-person\">\t<div class=\"dss-person-image\">\n\t\t<figure>\n\t\t\t<img loading=\"lazy\" decoding=\"async\" width=\"210\" height=\"194\" src=\"https:\/\/files.nettsteder.regjeringen.no\/wpuploads01\/sites\/595\/2025\/07\/Stian-Lid.jpg\" class=\"attachment-250x250 size-250x250\" alt=\"\" \/>\t\t<\/figure>\n\t<\/div>\n\t<div class=\"dss-person-content\">\n\t\t<h3 class=\"dss-person-name\">Stian Lid<\/h3><div class=\"dss-person-content\">\n\n<p>Stian er utdannet kriminolog (UIO), og hans forskningsinteresser er s\u00e6rlig knyttet til kriminalitet, hatefulle ytringer og voldelig ekstremisme. I tillegg har han forsket p\u00e5 byutvikling og forebygging av kriminalitet og terrorisme. Han har de siste \u00e5rene deltatt i flere evalueringer og forskningsprosjekter om forebygging av ungdomskriminalitet, hatefulle ytringer og voldelig ekstremisme b\u00e5de i Norge og Afrika. Han har ogs\u00e5 v\u00e6rt redakt\u00f8rer for to antologier: Forebygging av radikalisering og voldelig ekstremisme (Gyldendal forlag) og Routledge handbook of deradicalisation and disengagement<\/p>\n\n<\/div>\t<\/div>\n\t<\/li>\n\n<li class=\"wp-block-dss-person\">\t<div class=\"dss-person-image\">\n\t\t<figure>\n\t\t\t<img loading=\"lazy\" decoding=\"async\" width=\"250\" height=\"244\" src=\"https:\/\/files.nettsteder.regjeringen.no\/wpuploads01\/sites\/595\/2025\/07\/Morten-Holmboe-foto-Jon-Strype.jpg\" class=\"attachment-250x250 size-250x250\" alt=\"\" \/>\t\t<\/figure>\n\t<\/div>\n\t<div class=\"dss-person-content\">\n\t\t<h3 class=\"dss-person-name\">Morten Holmboe<\/h3><div class=\"dss-person-content\">\n\n<p>Morten er professor i politivitenskap ved Politih\u00f8gskolen og professor II ved Kriminalomsorgens h\u00f8gskole og utdanningssenter KRUS. Tidligere blant annet f\u00f8rstestatsadvokat ved Riksadvokatembetet, kontorsjef hos Sivilombudet og lovr\u00e5dgiver i Justisdepartementet, Lovavdelingen<\/p>\n\n<\/div>\t<\/div>\n\t<\/li>\n\n<li class=\"wp-block-dss-person\">\t<div class=\"dss-person-image\">\n\t\t<figure>\n\t\t\t<img loading=\"lazy\" decoding=\"async\" width=\"188\" height=\"250\" src=\"https:\/\/files.nettsteder.regjeringen.no\/wpuploads01\/sites\/595\/2025\/07\/hakon2.jpg\" class=\"attachment-250x250 size-250x250\" alt=\"\" srcset=\"https:\/\/files.nettsteder.regjeringen.no\/wpuploads01\/sites\/595\/2025\/07\/hakon2.jpg 240w, https:\/\/files.nettsteder.regjeringen.no\/wpuploads01\/sites\/595\/2025\/07\/hakon2-225x300.jpg 225w\" sizes=\"auto, (max-width: 188px) 100vw, 188px\" \/>\t\t<\/figure>\n\t<\/div>\n\t<div class=\"dss-person-content\">\n\t\t<h3 class=\"dss-person-name\">H\u00e5kon Schei Mentzoni<\/h3><p class=\"dss-person-position\">sekretariatsleder<\/p><div class=\"dss-person-content\">\n\n<p>H\u00e5kon er utdannet jurist og jobber som tingrettsdommer i Romerike og Gl\u00e5mdal Tingrett<\/p>\n\n<\/div>\t<\/div>\n\t<\/li>\n\n<li class=\"wp-block-dss-person\">\t<div class=\"dss-person-image\">\n\t\t<figure>\n\t\t\t<img loading=\"lazy\" decoding=\"async\" width=\"177\" height=\"250\" src=\"https:\/\/files.nettsteder.regjeringen.no\/wpuploads01\/sites\/595\/2025\/08\/Ann-Sophi-aug-2025-2.jpg\" class=\"attachment-250x250 size-250x250\" alt=\"\" srcset=\"https:\/\/files.nettsteder.regjeringen.no\/wpuploads01\/sites\/595\/2025\/08\/Ann-Sophi-aug-2025-2.jpg 454w, https:\/\/files.nettsteder.regjeringen.no\/wpuploads01\/sites\/595\/2025\/08\/Ann-Sophi-aug-2025-2-213x300.jpg 213w\" sizes=\"auto, (max-width: 177px) 100vw, 177px\" \/>\t\t<\/figure>\n\t<\/div>\n\t<div class=\"dss-person-content\">\n\t\t<h3 class=\"dss-person-name\">Ann-Sophi Glad<\/h3><p class=\"dss-person-position\">utvalgssekret\u00e6r<\/p><div class=\"dss-person-content\">\n\n<p>Ann-Sophi har profesjonsstudiet i spesialpedagogikk med spesialisering p\u00e5 barn og unge med atferdsvansker. Hun jobber i sekretariatet for konfliktr\u00e5dene med ungdomsreaksjonene. Hun har ogs\u00e5 mange \u00e5rs erfaring fra barnevernsfeltet i Barne- og familiedepartementet<\/p>\n\n<\/div>\t<\/div>\n\t<\/li>\n\n<li class=\"wp-block-dss-person\">\t<div class=\"dss-person-image\">\n\t\t<figure>\n\t\t\t<img loading=\"lazy\" decoding=\"async\" width=\"167\" height=\"184\" src=\"https:\/\/files.nettsteder.regjeringen.no\/wpuploads01\/sites\/595\/2025\/07\/Bjorn-Aslak-Juliussen.jpg\" class=\"attachment-250x250 size-250x250\" alt=\"\" \/>\t\t<\/figure>\n\t<\/div>\n\t<div class=\"dss-person-content\">\n\t\t<h3 class=\"dss-person-name\">Bj\u00f8rn Aslak Juliussen<\/h3><p class=\"dss-person-position\">utvalgssekret\u00e6r<\/p><div class=\"dss-person-content\">\n\n<p>Bj\u00f8rn Aslak er utdannet jurist og jobber p\u00e5 UiT. Hans forskningsinteresser er personvernlovgivning, regelverk for cybersikkerhet og regulering av kunstig intelligens<\/p>\n\n<\/div>\t<\/div>\n\t<\/li>\n<\/ul>","protected":false},"excerpt":{"rendered":"","protected":false},"author":2877,"featured_media":0,"parent":0,"menu_order":0,"comment_status":"closed","ping_status":"closed","template":"","meta":{"dss_simple_post_excerpt":"","dss_show_featured_image":true,"footnotes":""},"class_list":["post-9","page","type-page","status-publish","hentry"],"language":"nb-NO","_links":{"self":[{"href":"https:\/\/nettsteder.regjeringen.no\/esika\/wp-json\/wp\/v2\/pages\/9","targetHints":{"allow":["GET"]}}],"collection":[{"href":"https:\/\/nettsteder.regjeringen.no\/esika\/wp-json\/wp\/v2\/pages"}],"about":[{"href":"https:\/\/nettsteder.regjeringen.no\/esika\/wp-json\/wp\/v2\/types\/page"}],"author":[{"embeddable":true,"href":"https:\/\/nettsteder.regjeringen.no\/esika\/wp-json\/wp\/v2\/users\/2877"}],"replies":[{"embeddable":true,"href":"https:\/\/nettsteder.regjeringen.no\/esika\/wp-json\/wp\/v2\/comments?post=9"}],"version-history":[{"count":3,"href":"https:\/\/nettsteder.regjeringen.no\/esika\/wp-json\/wp\/v2\/pages\/9\/revisions"}],"predecessor-version":[{"id":77,"href":"https:\/\/nettsteder.regjeringen.no\/esika\/wp-json\/wp\/v2\/pages\/9\/revisions\/77"}],"wp:attachment":[{"href":"https:\/\/nettsteder.regjeringen.no\/esika\/wp-json\/wp\/v2\/media?parent=9"}],"curies":[{"name":"wp","href":"https:\/\/api.w.org\/{rel}","templated":true}]}}