{"id":5,"date":"2025-07-08T09:14:13","date_gmt":"2025-07-08T07:14:13","guid":{"rendered":"https:\/\/nettsteder.regjeringen.no\/esika\/?page_id=5"},"modified":"2025-08-26T09:15:39","modified_gmt":"2025-08-26T07:15:39","slug":"om-ekspertgruppen","status":"publish","type":"page","link":"https:\/\/nettsteder.regjeringen.no\/esika\/","title":{"rendered":"Om ekspertgruppen"},"content":{"rendered":"\n<p>For \u00e5 forebygge barne- og ungdomskriminalitet, ekstremisme og mishandling i n\u00e6re relasjoner, er det behov for bedre tverretatlig samarbeid og informasjonsdeling p\u00e5 individniv\u00e5. Justis- og beredskapsdepartementet har derfor opprettet en ekspertgruppe, under professor Asbj\u00f8rn Strandbakkens ledelse, som skal utrede hvilke muligheter som finnes for deling av informasjon, og foresl\u00e5 modeller for samarbeid og regelendringer. Det tas sikte p\u00e5 at utredningen er ferdig sommeren 2026.<\/p>\n\n\n\n<p>Se pressemelding<a href=\"https:\/\/www.regjeringen.no\/no\/aktuelt\/bedre-samarbeid-og-deling-av-informasjon-for-a-forebygge-kriminalitet\/id3113602\/\" data-type=\"link\" data-id=\"https:\/\/www.regjeringen.no\/no\/aktuelt\/bedre-samarbeid-og-deling-av-informasjon-for-a-forebygge-kriminalitet\/id3113602\/\"> her<\/a>.<\/p>\n\n\n\n<figure class=\"wp-block-image size-full\"><img loading=\"lazy\" decoding=\"async\" width=\"517\" height=\"388\" src=\"https:\/\/files.nettsteder.regjeringen.no\/wpuploads01\/sites\/595\/2025\/08\/bilde-av-hele-ekspertgruppen-august-2025-2.jpg\" alt=\"\" class=\"wp-image-73\" srcset=\"https:\/\/files.nettsteder.regjeringen.no\/wpuploads01\/sites\/595\/2025\/08\/bilde-av-hele-ekspertgruppen-august-2025-2.jpg 517w, https:\/\/files.nettsteder.regjeringen.no\/wpuploads01\/sites\/595\/2025\/08\/bilde-av-hele-ekspertgruppen-august-2025-2-300x225.jpg 300w\" sizes=\"auto, (max-width: 517px) 100vw, 517px\" \/><figcaption class=\"wp-element-caption\">Fra venstre: Stian Lid, Hanne Blekkan, Asbj\u00f8rn Strandbakken, Heidi Svendsen, Merete Hanch-Hansen og Morten Holmboe<\/figcaption><\/figure>\n","protected":false},"excerpt":{"rendered":"<p>For \u00e5 forebygge barne- og ungdomskriminalitet, ekstremisme og mishandling i n\u00e6re relasjoner, er det behov for bedre tverretatlig samarbeid og informasjonsdeling p\u00e5 individniv\u00e5. Justis- og beredskapsdepartementet har derfor opprettet en ekspertgruppe, under professor Asbj\u00f8rn Strandbakkens ledelse, som skal utrede hvilke muligheter som finnes for deling av informasjon, og foresl\u00e5 modeller for samarbeid og regelendringer. Det\u2026<\/p>\n","protected":false},"author":2877,"featured_media":0,"parent":0,"menu_order":0,"comment_status":"closed","ping_status":"closed","template":"","meta":{"dss_simple_post_excerpt":"","dss_show_featured_image":true,"footnotes":""},"class_list":["post-5","page","type-page","status-publish","hentry"],"language":"nb-NO","_links":{"self":[{"href":"https:\/\/nettsteder.regjeringen.no\/esika\/wp-json\/wp\/v2\/pages\/5","targetHints":{"allow":["GET"]}}],"collection":[{"href":"https:\/\/nettsteder.regjeringen.no\/esika\/wp-json\/wp\/v2\/pages"}],"about":[{"href":"https:\/\/nettsteder.regjeringen.no\/esika\/wp-json\/wp\/v2\/types\/page"}],"author":[{"embeddable":true,"href":"https:\/\/nettsteder.regjeringen.no\/esika\/wp-json\/wp\/v2\/users\/2877"}],"replies":[{"embeddable":true,"href":"https:\/\/nettsteder.regjeringen.no\/esika\/wp-json\/wp\/v2\/comments?post=5"}],"version-history":[{"count":3,"href":"https:\/\/nettsteder.regjeringen.no\/esika\/wp-json\/wp\/v2\/pages\/5\/revisions"}],"predecessor-version":[{"id":75,"href":"https:\/\/nettsteder.regjeringen.no\/esika\/wp-json\/wp\/v2\/pages\/5\/revisions\/75"}],"wp:attachment":[{"href":"https:\/\/nettsteder.regjeringen.no\/esika\/wp-json\/wp\/v2\/media?parent=5"}],"curies":[{"name":"wp","href":"https:\/\/api.w.org\/{rel}","templated":true}]}}