{"id":95,"date":"2025-11-19T10:24:53","date_gmt":"2025-11-19T09:24:53","guid":{"rendered":"https:\/\/nettsteder.regjeringen.no\/ekspropriasjonsavklaringsutvalget\/?page_id=95"},"modified":"2026-02-27T10:33:01","modified_gmt":"2026-02-27T09:33:01","slug":"moter-i-utvalget","status":"publish","type":"page","link":"https:\/\/nettsteder.regjeringen.no\/ekspropriasjonsavklaringsutvalget\/moter-i-utvalget\/","title":{"rendered":"M\u00f8ter i utvalget"},"content":{"rendered":"\n<p><strong><em>1. oktober<\/em><\/strong><br><strong>Oppstartsm\u00f8tet handlet blant annet om<\/strong>:<\/p>\n\n\n\n<ul class=\"wp-block-list is-layout-flow wp-block-list-is-layout-flow\">\n<li>Gjennomgang av mandatet og problemformulering<\/li>\n\n\n\n<li>Utvalgsarbeid generelt<\/li>\n\n\n\n<li>Perspektiv p\u00e5 hvilke l\u00f8sninger man overordnet kan se for seg<\/li>\n\n\n\n<li>\u00d8nske om innspill fra relevante akt\u00f8rer<\/li>\n\n\n\n<li>Utvalgets arbeid videre<\/li>\n<\/ul>\n\n\n\n<p><\/p>\n\n\n\n<p><strong><em>10. november<\/em><br>Det andre utvalgsm\u00f8tet handlet blant annet om:<\/strong><\/p>\n\n\n\n<ul class=\"wp-block-list is-layout-flow wp-block-list-is-layout-flow\">\n<li>Utredningsinstruksen og lovteknikkheftet<\/li>\n\n\n\n<li>Diskusjon om forvaltningspraksis og gjeldende rett, samt om menneskerettslige og folkerettslige problemstillinger<\/li>\n\n\n\n<li> Overordnet dr\u00f8fting av ulike l\u00f8sningsmodeller<\/li>\n<\/ul>\n\n\n\n<p><strong><em>12. desember<\/em><br>Det tredje utvalgsm\u00f8tet handlet blant annet om:<\/strong><\/p>\n\n\n\n<ul class=\"wp-block-list is-layout-flow wp-block-list-is-layout-flow\">\n<li>Gjennomgang av mulige disposisjoner<\/li>\n\n\n\n<li>Skj\u00f8nnsprosessens lovhistorikk, s\u00e6rlig endringer i skj\u00f8nnsprosessloven \u00a7 48<\/li>\n\n\n\n<li>Tvangsfullbyrdelse, sakskostnader og skj\u00f8nnsrettens sammensetning mv. <\/li>\n\n\n\n<li>Videre dr\u00f8fting og presisering av ulike l\u00f8sningsmodeller<\/li>\n<\/ul>\n\n\n\n<p><strong><em>26. januar<\/em><br>Det fjerde utvalgsm\u00f8tet handlet blant annet om:<\/strong><\/p>\n\n\n\n<ul class=\"wp-block-list is-layout-flow wp-block-list-is-layout-flow\">\n<li>Gjennomgang av dansk rett<\/li>\n\n\n\n<li>Utvalget diskuterte endringer i disposisjonen i utkastet til NOU<\/li>\n\n\n\n<li>Utvalget diskuterte en rekke prosessuelle regler som gjelder for tvistesaker og delvis for skj\u00f8nnssaker, samt diverse sp\u00f8rsm\u00e5l knyttet til ulike l\u00f8sningsmodeller<\/li>\n<\/ul>\n\n\n\n<p><strong><em>23. februar<\/em><br>Det femte utvalgsm\u00f8tet handlet blant annet om:<\/strong><\/p>\n\n\n\n<ul class=\"wp-block-list is-layout-flow wp-block-list-is-layout-flow\">\n<li>Innlegg fra Geir Ulfstein om folkerettslige begrensninger<\/li>\n\n\n\n<li>Innlegg fra Marius Emberland om menneskerettslige begrensninger<\/li>\n\n\n\n<li>Gjennomgang av Fosen-saken og \u00d8yfjellet-saken<\/li>\n\n\n\n<li>Gjennomgang av lovendringer i 1973<\/li>\n\n\n\n<li>Videre dr\u00f8fting og presisering av ulike l\u00f8sningsmodeller<\/li>\n<\/ul>\n","protected":false},"excerpt":{"rendered":"<p>1. oktoberOppstartsm\u00f8tet handlet blant annet om: 10. novemberDet andre utvalgsm\u00f8tet handlet blant annet om: 12. desemberDet tredje utvalgsm\u00f8tet handlet blant annet om: 26. januarDet fjerde utvalgsm\u00f8tet handlet blant annet om: 23. februarDet femte utvalgsm\u00f8tet handlet blant annet om:<\/p>\n","protected":false},"author":3493,"featured_media":0,"parent":0,"menu_order":0,"comment_status":"closed","ping_status":"closed","template":"","meta":{"dss_simple_post_excerpt":"","dss_show_featured_image":true,"footnotes":""},"class_list":["post-95","page","type-page","status-publish","hentry"],"language":"nb-NO","_links":{"self":[{"href":"https:\/\/nettsteder.regjeringen.no\/ekspropriasjonsavklaringsutvalget\/wp-json\/wp\/v2\/pages\/95","targetHints":{"allow":["GET"]}}],"collection":[{"href":"https:\/\/nettsteder.regjeringen.no\/ekspropriasjonsavklaringsutvalget\/wp-json\/wp\/v2\/pages"}],"about":[{"href":"https:\/\/nettsteder.regjeringen.no\/ekspropriasjonsavklaringsutvalget\/wp-json\/wp\/v2\/types\/page"}],"author":[{"embeddable":true,"href":"https:\/\/nettsteder.regjeringen.no\/ekspropriasjonsavklaringsutvalget\/wp-json\/wp\/v2\/users\/3493"}],"replies":[{"embeddable":true,"href":"https:\/\/nettsteder.regjeringen.no\/ekspropriasjonsavklaringsutvalget\/wp-json\/wp\/v2\/comments?post=95"}],"version-history":[{"count":4,"href":"https:\/\/nettsteder.regjeringen.no\/ekspropriasjonsavklaringsutvalget\/wp-json\/wp\/v2\/pages\/95\/revisions"}],"predecessor-version":[{"id":129,"href":"https:\/\/nettsteder.regjeringen.no\/ekspropriasjonsavklaringsutvalget\/wp-json\/wp\/v2\/pages\/95\/revisions\/129"}],"wp:attachment":[{"href":"https:\/\/nettsteder.regjeringen.no\/ekspropriasjonsavklaringsutvalget\/wp-json\/wp\/v2\/media?parent=95"}],"curies":[{"name":"wp","href":"https:\/\/api.w.org\/{rel}","templated":true}]}}