{"id":5,"date":"2025-10-16T11:44:44","date_gmt":"2025-10-16T09:44:44","guid":{"rendered":"https:\/\/nettsteder.regjeringen.no\/ekspropriasjonsavklaringsutvalget\/?page_id=5"},"modified":"2025-11-20T09:16:10","modified_gmt":"2025-11-20T08:16:10","slug":"om-utvalget","status":"publish","type":"page","link":"https:\/\/nettsteder.regjeringen.no\/ekspropriasjonsavklaringsutvalget\/","title":{"rendered":"Om utvalget"},"content":{"rendered":"\n<p>Ekspropriasjonsavklaringsutvalget ble oppnevnt av regjeringen 20. juni 2025, og hadde sitt f\u00f8rste utvalgsm\u00f8te 1. oktober 2025. Utvalget skal utrede og foresl\u00e5 endringer i regler som gjelder skj\u00f8nnsbehandlingen av ekspropriasjonssaker, med m\u00e5l om \u00e5 sikre tidligere og mer hensiktsmessig rettslig avklaring av gyldigheten av ekspropriasjonsvedtak. Utvalget skal vurdere ulike regulatoriske tiltak, som for eksempel endringer i skj\u00f8nnsprosessreglene, sakskostnadsregler, reglene om s\u00f8ksm\u00e5lsfrister og muligheten for offentlige myndigheter til \u00e5 opptre som part. Forslagene skal v\u00e6re i tr\u00e5d med Grunnloven og internasjonale forpliktelser. Resultatet av arbeidet skal leveres som en NOU innen ett \u00e5r.<\/p>\n\n\n\n<p>Utvalget er s\u00e6rlig opptatt av \u00e5 f\u00e5 innspill fra alle relevante parter, og tar sikte p\u00e5 \u00e5 hente inn kunnskap gjennom for eksempel innspillsm\u00f8ter. Denne nettsiden vil oppdateres l\u00f8pende med relevant informasjon om utvalgets arbeid. <\/p>\n","protected":false},"excerpt":{"rendered":"<p>Ekspropriasjonsavklaringsutvalget ble oppnevnt av regjeringen 20. juni 2025, og hadde sitt f\u00f8rste utvalgsm\u00f8te 1. oktober 2025. Utvalget skal utrede og foresl\u00e5 endringer i regler som gjelder skj\u00f8nnsbehandlingen av ekspropriasjonssaker, med m\u00e5l om \u00e5 sikre tidligere og mer hensiktsmessig rettslig avklaring av gyldigheten av ekspropriasjonsvedtak. Utvalget skal vurdere ulike regulatoriske tiltak, som for eksempel endringer i\u2026<\/p>\n","protected":false},"author":2877,"featured_media":0,"parent":0,"menu_order":0,"comment_status":"closed","ping_status":"closed","template":"","meta":{"dss_simple_post_excerpt":"","dss_show_featured_image":true,"footnotes":""},"class_list":["post-5","page","type-page","status-publish","hentry"],"language":"nb-NO","_links":{"self":[{"href":"https:\/\/nettsteder.regjeringen.no\/ekspropriasjonsavklaringsutvalget\/wp-json\/wp\/v2\/pages\/5","targetHints":{"allow":["GET"]}}],"collection":[{"href":"https:\/\/nettsteder.regjeringen.no\/ekspropriasjonsavklaringsutvalget\/wp-json\/wp\/v2\/pages"}],"about":[{"href":"https:\/\/nettsteder.regjeringen.no\/ekspropriasjonsavklaringsutvalget\/wp-json\/wp\/v2\/types\/page"}],"author":[{"embeddable":true,"href":"https:\/\/nettsteder.regjeringen.no\/ekspropriasjonsavklaringsutvalget\/wp-json\/wp\/v2\/users\/2877"}],"replies":[{"embeddable":true,"href":"https:\/\/nettsteder.regjeringen.no\/ekspropriasjonsavklaringsutvalget\/wp-json\/wp\/v2\/comments?post=5"}],"version-history":[{"count":4,"href":"https:\/\/nettsteder.regjeringen.no\/ekspropriasjonsavklaringsutvalget\/wp-json\/wp\/v2\/pages\/5\/revisions"}],"predecessor-version":[{"id":107,"href":"https:\/\/nettsteder.regjeringen.no\/ekspropriasjonsavklaringsutvalget\/wp-json\/wp\/v2\/pages\/5\/revisions\/107"}],"wp:attachment":[{"href":"https:\/\/nettsteder.regjeringen.no\/ekspropriasjonsavklaringsutvalget\/wp-json\/wp\/v2\/media?parent=5"}],"curies":[{"name":"wp","href":"https:\/\/api.w.org\/{rel}","templated":true}]}}