{"id":54,"date":"2024-07-01T09:41:09","date_gmt":"2024-07-01T07:41:09","guid":{"rendered":"https:\/\/nettsteder.regjeringen.no\/ekspertsirkulaer\/?page_id=54"},"modified":"2025-06-10T14:50:49","modified_gmt":"2025-06-10T12:50:49","slug":"kontakt","status":"publish","type":"page","link":"https:\/\/nettsteder.regjeringen.no\/ekspertsirkulaer\/kontakt\/","title":{"rendered":"Kontakt"},"content":{"rendered":"\n<p>Ekspertgruppens sekretariat avsluttet sitt arbeid i mai 2024. Hvis du har sp\u00f8rsm\u00e5l om ekspertgruppens arbeid kan du sende en e-post til Klima- og milj\u00f8departementet p\u00e5 adressen <a href=\"mailto:postmottak@kld.dep.no\">postmottak@kld.dep.no<\/a> eller ta kontakt med Brita Bye, leder av ekspertgruppen (brita.bye@ssb.no). <\/p>\n\n\n\n<p><\/p>\n","protected":false},"excerpt":{"rendered":"<p>Ekspertgruppens sekretariat avsluttet sitt arbeid i mai 2024. Hvis du har sp\u00f8rsm\u00e5l om ekspertgruppens arbeid kan du sende en e-post til Klima- og milj\u00f8departementet p\u00e5 adressen postmottak@kld.dep.no eller ta kontakt med Brita Bye, leder av ekspertgruppen (brita.bye@ssb.no).<\/p>\n","protected":false},"author":2877,"featured_media":0,"parent":0,"menu_order":0,"comment_status":"closed","ping_status":"closed","template":"","meta":{"dss_simple_post_excerpt":"","dss_show_featured_image":true,"footnotes":""},"class_list":["post-54","page","type-page","status-publish","hentry"],"language":"nb-NO","_links":{"self":[{"href":"https:\/\/nettsteder.regjeringen.no\/ekspertsirkulaer\/wp-json\/wp\/v2\/pages\/54","targetHints":{"allow":["GET"]}}],"collection":[{"href":"https:\/\/nettsteder.regjeringen.no\/ekspertsirkulaer\/wp-json\/wp\/v2\/pages"}],"about":[{"href":"https:\/\/nettsteder.regjeringen.no\/ekspertsirkulaer\/wp-json\/wp\/v2\/types\/page"}],"author":[{"embeddable":true,"href":"https:\/\/nettsteder.regjeringen.no\/ekspertsirkulaer\/wp-json\/wp\/v2\/users\/2877"}],"replies":[{"embeddable":true,"href":"https:\/\/nettsteder.regjeringen.no\/ekspertsirkulaer\/wp-json\/wp\/v2\/comments?post=54"}],"version-history":[{"count":3,"href":"https:\/\/nettsteder.regjeringen.no\/ekspertsirkulaer\/wp-json\/wp\/v2\/pages\/54\/revisions"}],"predecessor-version":[{"id":645,"href":"https:\/\/nettsteder.regjeringen.no\/ekspertsirkulaer\/wp-json\/wp\/v2\/pages\/54\/revisions\/645"}],"wp:attachment":[{"href":"https:\/\/nettsteder.regjeringen.no\/ekspertsirkulaer\/wp-json\/wp\/v2\/media?parent=54"}],"curies":[{"name":"wp","href":"https:\/\/api.w.org\/{rel}","templated":true}]}}