{"id":4,"date":"2024-05-27T09:07:20","date_gmt":"2024-05-27T07:07:20","guid":{"rendered":"https:\/\/nettsteder.regjeringen.no\/ekspertsirkulaer\/?page_id=4"},"modified":"2026-04-10T11:08:28","modified_gmt":"2026-04-10T09:08:28","slug":"om-ekspertgruppa","status":"publish","type":"page","link":"https:\/\/nettsteder.regjeringen.no\/ekspertsirkulaer\/","title":{"rendered":"Rapporten fra ekspertgruppen er sendt p\u00e5 h\u00f8ring med frist 7. september"},"content":{"rendered":"\n<p><\/p>\n\n\n\n<p>Ekspertgruppen for utredning av virkemidler for \u00e5 fremme sirkul\u00e6re aktiviteter overleverte sin rapport \u00abIkke rett fram\u00bb til klima- og milj\u00f8ministeren 26. mai. Rapporten inneholder 79 anbefalinger til tiltak som skal bidra til \u00e5 redusere forbruk og omstille samfunnet i retning av en mer sirkul\u00e6r \u00f8konomi. Lenke til rapporten, og en kortversjon, finner dere her: <a href=\"https:\/\/www.regjeringen.no\/no\/dokumenter\/ikke-rett-fram\/id3102485\/\">Ikke rett fram &#8211; regjeringen.no<\/a><\/p>\n\n\n\n<p>Pressemelding fra lanseringen, inkludert lenke til opptak av str\u00f8mmingen: <a href=\"https:\/\/www.regjeringen.no\/no\/aktuelt\/ekspertutvalg-sirkular\/id3103103\/\">Ekspertgruppe foresl\u00e5r nye tiltak for \u00e5 redusere forbruk &#8211; regjeringen.no<\/a><\/p>\n\n\n\n<p>Klima- og milj\u00f8departementet sendte rapporten p\u00e5 h\u00f8ring sommeren 2025 og det kom inn 179 h\u00f8ringssvar i l\u00f8pet av h\u00f8sten<em>. <\/em><a href=\"https:\/\/www.regjeringen.no\/no\/dokumenter\/horing-rapport-fra-ekspertgruppen-for-utredning-av-virkemidler-for-a-fremme-sirkulare-aktiviteter\/id3104161\/\" data-type=\"link\" data-id=\"https:\/\/www.regjeringen.no\/no\/dokumenter\/horing-rapport-fra-ekspertgruppen-for-utredning-av-virkemidler-for-a-fremme-sirkulare-aktiviteter\/id3104161\/\">Les h\u00f8ringen p\u00e5 regjeringen.no<\/a>.<\/p>\n\n\n\n<figure class=\"wp-block-image size-large\"><img loading=\"lazy\" decoding=\"async\" width=\"1024\" height=\"683\" src=\"https:\/\/files.nettsteder.regjeringen.no\/wpuploads01\/sites\/571\/2025\/05\/ekspertsirk-1024x683.png\" alt=\"\" class=\"wp-image-639\" srcset=\"https:\/\/files.nettsteder.regjeringen.no\/wpuploads01\/sites\/571\/2025\/05\/ekspertsirk-1024x683.png 1024w, https:\/\/files.nettsteder.regjeringen.no\/wpuploads01\/sites\/571\/2025\/05\/ekspertsirk-300x200.png 300w, https:\/\/files.nettsteder.regjeringen.no\/wpuploads01\/sites\/571\/2025\/05\/ekspertsirk-768x512.png 768w, https:\/\/files.nettsteder.regjeringen.no\/wpuploads01\/sites\/571\/2025\/05\/ekspertsirk-1536x1024.png 1536w, https:\/\/files.nettsteder.regjeringen.no\/wpuploads01\/sites\/571\/2025\/05\/ekspertsirk-2048x1365.png 2048w\" sizes=\"auto, (max-width: 1024px) 100vw, 1024px\" \/><\/figure>\n\n\n\n<p><strong>Bakgrunn<\/strong><\/p>\n\n\n\n<p>Regjeringen satte i mars 2024 ned en ekspertgruppe for \u00e5 se p\u00e5 virkemidler for \u00e5 fremme sirkul\u00e6re aktiviteter.<\/p>\n\n\n\n<p>Rapporten ble overrakt til klima- og milj\u00f8ministeren p\u00e5 en pressekonferanse  mandag 26. mai 2025. Arrangementet ble ogs\u00e5 str\u00f8mmet.<\/p>\n\n\n\n<p>Kort om oppdraget: <\/p>\n\n\n\n<p>Ekspertgruppen skal gj\u00f8re en helhetlig utredning av virkemidler som kan fremme sirkul\u00e6re aktiviteter for \u00e5 gi bedre utnyttelse av fornybare og ikke-fornybare ressurser, b\u00e6rekraftig produksjon og forbruk, og \u00f8kt verdiskaping. Det inneb\u00e6rer \u00e5 identifisere hvilke virkemidler som er samfunns\u00f8konomisk l\u00f8nnsomme, og med bakgrunn i dette foresl\u00e5 eventuelle endringer i dagens virkemiddelbruk.<\/p>\n\n\n\n<p>Ved behandlingen av Statsbudsjettet 2025 fattet Stortinget 5. desember 2024 f\u00f8lgende anmodningsvedtak (nr. 94):<\/p>\n\n\n\n<p>\u00abStortinget ber regjeringen gi ekspertgruppen for sirkul\u00e6re aktiviteter et tilleggsoppdrag om \u00e5 utrede en tekstilavgift. Utredingen skal leveres innen april 2025.\u00bb<\/p>\n\n\n\n<p>Ekspertgruppens utredning av tekstilavgift inng\u00e5r i rapporten.<\/p>\n\n\n\n<p><\/p>\n","protected":false},"excerpt":{"rendered":"<p>Ekspertgruppen for utredning av virkemidler for \u00e5 fremme sirkul\u00e6re aktiviteter overleverte sin rapport \u00abIkke rett fram\u00bb til klima- og milj\u00f8ministeren 26. mai. Rapporten inneholder 79 anbefalinger til tiltak som skal bidra til \u00e5 redusere forbruk og omstille samfunnet i retning av en mer sirkul\u00e6r \u00f8konomi. Lenke til rapporten, og en kortversjon, finner dere her: Ikke\u2026<\/p>\n","protected":false},"author":2877,"featured_media":0,"parent":0,"menu_order":0,"comment_status":"closed","ping_status":"closed","template":"","meta":{"dss_simple_post_excerpt":"","dss_show_featured_image":true,"footnotes":""},"class_list":["post-4","page","type-page","status-publish","hentry"],"language":"nb-NO","_links":{"self":[{"href":"https:\/\/nettsteder.regjeringen.no\/ekspertsirkulaer\/wp-json\/wp\/v2\/pages\/4","targetHints":{"allow":["GET"]}}],"collection":[{"href":"https:\/\/nettsteder.regjeringen.no\/ekspertsirkulaer\/wp-json\/wp\/v2\/pages"}],"about":[{"href":"https:\/\/nettsteder.regjeringen.no\/ekspertsirkulaer\/wp-json\/wp\/v2\/types\/page"}],"author":[{"embeddable":true,"href":"https:\/\/nettsteder.regjeringen.no\/ekspertsirkulaer\/wp-json\/wp\/v2\/users\/2877"}],"replies":[{"embeddable":true,"href":"https:\/\/nettsteder.regjeringen.no\/ekspertsirkulaer\/wp-json\/wp\/v2\/comments?post=4"}],"version-history":[{"count":3,"href":"https:\/\/nettsteder.regjeringen.no\/ekspertsirkulaer\/wp-json\/wp\/v2\/pages\/4\/revisions"}],"predecessor-version":[{"id":653,"href":"https:\/\/nettsteder.regjeringen.no\/ekspertsirkulaer\/wp-json\/wp\/v2\/pages\/4\/revisions\/653"}],"wp:attachment":[{"href":"https:\/\/nettsteder.regjeringen.no\/ekspertsirkulaer\/wp-json\/wp\/v2\/media?parent=4"}],"curies":[{"name":"wp","href":"https:\/\/api.w.org\/{rel}","templated":true}]}}