{"id":2,"date":"2024-06-10T09:49:11","date_gmt":"2024-06-10T07:49:11","guid":{"rendered":"https:\/\/nettsteder.regjeringen.no\/dio\/?page_id=2"},"modified":"2026-01-23T11:57:06","modified_gmt":"2026-01-23T10:57:06","slug":"dio","status":"publish","type":"page","link":"https:\/\/nettsteder.regjeringen.no\/dio\/","title":{"rendered":"DIO"},"content":{"rendered":"\n<div class=\"wp-block-group alignfull has-background-100-background-color has-background is-layout-constrained wp-block-group-is-layout-constrained\">\n<div style=\"height:22px\" aria-hidden=\"true\" class=\"wp-block-spacer\"><\/div>\n\n\n\n<div class=\"wp-block-columns alignfull is-layout-flex wp-container-core-columns-is-layout-9d6595d7 wp-block-columns-is-layout-flex\">\n<div class=\"wp-block-column is-layout-flow wp-block-column-is-layout-flow\" style=\"flex-basis:200px\">\n<figure class=\"wp-block-image size-full is-resized\"><img loading=\"lazy\" decoding=\"async\" width=\"917\" height=\"417\" src=\"https:\/\/files.nettsteder.regjeringen.no\/wpuploads01\/sites\/572\/2024\/06\/DIO_rgb.png\" alt=\"logo for departementenes digitaliseringsorganisasjon\" class=\"wp-image-98\" style=\"aspect-ratio:2.199040767386091;width:164px;height:auto\" srcset=\"https:\/\/files.nettsteder.regjeringen.no\/wpuploads01\/sites\/572\/2024\/06\/DIO_rgb.png 917w, https:\/\/files.nettsteder.regjeringen.no\/wpuploads01\/sites\/572\/2024\/06\/DIO_rgb-300x136.png 300w, https:\/\/files.nettsteder.regjeringen.no\/wpuploads01\/sites\/572\/2024\/06\/DIO_rgb-768x349.png 768w\" sizes=\"auto, (max-width: 917px) 100vw, 917px\" \/><\/figure>\n<\/div>\n\n\n\n<div class=\"wp-block-column is-vertically-aligned-center is-layout-constrained wp-block-column-is-layout-constrained\" style=\"flex-basis:800px\">\n<p><\/p>\n\n\n\n<div class=\"wp-block-group is-layout-constrained wp-block-group-is-layout-constrained\">\n<div class=\"wp-block-group is-vertical is-layout-flex wp-container-core-group-is-layout-8cf370e7 wp-block-group-is-layout-flex\">\n<h2 class=\"wp-block-heading\" style=\"font-size:clamp(48.588px, 3.037rem + ((1vw - 3.2px) * 5.853), 96px);font-style:normal;font-weight:600\"><strong>Vil du bli en <\/strong><br><strong>del av DIO?<\/strong><\/h2>\n\n\n\n<p><\/p>\n\n\n\n<p style=\"font-size:clamp(17.905px, 1.119rem + ((1vw - 3.2px) * 1.246), 28px);\">Departementenes nye digitaliseringsorganisasjon<br>s\u00f8ker rause og ansvarlige p\u00e5drivere<\/p>\n<\/div>\n\n\n\n<div style=\"height:34px\" aria-hidden=\"true\" class=\"wp-block-spacer\"><\/div>\n\n\n\n<div class=\"wp-block-group is-vertical is-layout-flex wp-container-core-group-is-layout-8cf370e7 wp-block-group-is-layout-flex\">\n<div class=\"wp-block-buttons is-layout-flex wp-block-buttons-is-layout-flex\">\n<div class=\"wp-block-button\"><a class=\"wp-block-button__link has-black-background-color has-background wp-element-button\" href=\"#ledige-stillinger\" style=\"border-radius:5px\">Se ledige stillinger<\/a><\/div>\n<\/div>\n<\/div>\n<\/div>\n<\/div>\n\n\n\n<div class=\"wp-block-column is-vertically-aligned-top is-layout-flow wp-block-column-is-layout-flow\" style=\"flex-basis:200px\"><\/div>\n\n\n\n<div class=\"wp-block-column is-layout-flow wp-block-column-is-layout-flow\">\n<figure class=\"wp-block-image aligncenter size-full is-resized\"><img loading=\"lazy\" decoding=\"async\" width=\"692\" height=\"767\" src=\"https:\/\/files.nettsteder.regjeringen.no\/wpuploads01\/sites\/572\/2024\/06\/image-6.png\" alt=\"\" class=\"wp-image-263\" style=\"width:692px\" srcset=\"https:\/\/files.nettsteder.regjeringen.no\/wpuploads01\/sites\/572\/2024\/06\/image-6.png 692w, https:\/\/files.nettsteder.regjeringen.no\/wpuploads01\/sites\/572\/2024\/06\/image-6-271x300.png 271w\" sizes=\"auto, (max-width: 692px) 100vw, 692px\" \/><\/figure>\n<\/div>\n<\/div>\n<\/div>\n\n\n\n<div style=\"height:26px\" aria-hidden=\"true\" class=\"wp-block-spacer\"><\/div>\n\n\n\n<div style=\"height:19px\" aria-hidden=\"true\" class=\"wp-block-spacer\"><\/div>\n\n\n\n<p style=\"font-size:clamp(27.894px, 1.743rem + ((1vw - 3.2px) * 2.482), 48px);\"><strong>Vi er departementenes digitaliseringsorganisasjon<\/strong><\/p>\n\n\n\n<p style=\"font-size:clamp(15.747px, 0.984rem + ((1vw - 3.2px) * 1.019), 24px);\">V\u00e5r jobb er \u00e5 underst\u00f8tte to av landets viktigste demokratiske institusjoner \u2013 regjeringen og departementene.<\/p>\n\n\n\n<p style=\"font-size:clamp(14px, 0.875rem + ((1vw - 3.2px) * 0.494), 18px);\">DIO ble etablert f\u00f8rste januar 2025 og holder til i et flott hovedkontor midt i Oslo sentrum, kun en kort g\u00e5tur unna regjeringskvartalet.<\/p>\n\n\n\n<div class=\"wp-block-buttons is-layout-flex wp-block-buttons-is-layout-flex\">\n<div class=\"wp-block-button\"><a class=\"wp-block-button__link has-black-background-color has-background wp-element-button\" href=\"#ledige-stillinger\" style=\"border-radius:5px\"><strong>Se ledige stilinger<\/strong><\/a><\/div>\n\n\n\n<div class=\"wp-block-button\"><a class=\"wp-block-button__link has-black-color has-white-background-color has-text-color has-background wp-element-button\" href=\"#om-oss\" style=\"border-radius:5px\"><strong>L\u00e6r mer om oss<\/strong><\/a><\/div>\n<\/div>\n\n\n\n<div style=\"height:26px\" aria-hidden=\"true\" class=\"wp-block-spacer\"><\/div>\n\n\n\n<div style=\"height:43px\" aria-hidden=\"true\" class=\"wp-block-spacer\"><\/div>\n\n\n\n<div class=\"wp-block-media-text alignfull is-stacked-on-mobile has-background-100-background-color has-background\" style=\"grid-template-columns:42% auto\"><figure class=\"wp-block-media-text__media\"><img loading=\"lazy\" decoding=\"async\" width=\"1024\" height=\"717\" src=\"https:\/\/files.nettsteder.regjeringen.no\/wpuploads01\/sites\/572\/2024\/11\/oversiktsbildeByggetrinn1og2-1024x717.jpg\" alt=\"\" class=\"wp-image-442 size-full\" srcset=\"https:\/\/files.nettsteder.regjeringen.no\/wpuploads01\/sites\/572\/2024\/11\/oversiktsbildeByggetrinn1og2-1024x717.jpg 1024w, https:\/\/files.nettsteder.regjeringen.no\/wpuploads01\/sites\/572\/2024\/11\/oversiktsbildeByggetrinn1og2-300x210.jpg 300w, https:\/\/files.nettsteder.regjeringen.no\/wpuploads01\/sites\/572\/2024\/11\/oversiktsbildeByggetrinn1og2-768x538.jpg 768w, https:\/\/files.nettsteder.regjeringen.no\/wpuploads01\/sites\/572\/2024\/11\/oversiktsbildeByggetrinn1og2-1536x1075.jpg 1536w, https:\/\/files.nettsteder.regjeringen.no\/wpuploads01\/sites\/572\/2024\/11\/oversiktsbildeByggetrinn1og2-2048x1434.jpg 2048w\" sizes=\"auto, (max-width: 1024px) 100vw, 1024px\" \/><\/figure><div class=\"wp-block-media-text__content\">\n<div class=\"wp-block-columns is-layout-flex wp-container-core-columns-is-layout-9d6595d7 wp-block-columns-is-layout-flex\">\n<div class=\"wp-block-column is-layout-flow wp-block-column-is-layout-flow\" style=\"flex-basis:700px\">\n<p style=\"font-size:clamp(24.034px, 1.502rem + ((1vw - 3.2px) * 1.971), 40px);\">V\u00e5rt oppdrag er \u00e5 styrke departementenes evne til \u00e5 l\u00f8se komplekse samfunnsoppdrag gjennom sikker teknologi, digitalisering og innovasjon.<\/p>\n<\/div>\n<\/div>\n<\/div><\/div>\n\n\n\n<div style=\"height:69px\" aria-hidden=\"true\" class=\"wp-block-spacer\"><\/div>\n\n\n\n<div class=\"wp-block-group alignwide is-layout-constrained wp-block-group-is-layout-constrained\">\n<div class=\"wp-block-group alignwide is-layout-constrained wp-block-group-is-layout-constrained\">\n<h2 class=\"wp-block-heading\" style=\"font-size:clamp(27.894px, 1.743rem + ((1vw - 3.2px) * 2.482), 48px);\">M\u00f8t Anders, direkt\u00f8ren v\u00e5r<\/h2>\n\n\n\n<figure class=\"wp-block-image alignwide size-full\"><div class=\"t2-image-credit-wrapper\"><img loading=\"lazy\" decoding=\"async\" width=\"892\" height=\"580\" src=\"https:\/\/files.nettsteder.regjeringen.no\/wpuploads01\/sites\/572\/2024\/06\/Anders-Aagaard-Sorby_re.png\" alt=\"\" class=\"wp-image-351\" srcset=\"https:\/\/files.nettsteder.regjeringen.no\/wpuploads01\/sites\/572\/2024\/06\/Anders-Aagaard-Sorby_re.png 892w, https:\/\/files.nettsteder.regjeringen.no\/wpuploads01\/sites\/572\/2024\/06\/Anders-Aagaard-Sorby_re-300x195.png 300w, https:\/\/files.nettsteder.regjeringen.no\/wpuploads01\/sites\/572\/2024\/06\/Anders-Aagaard-Sorby_re-768x499.png 768w\" sizes=\"auto, (max-width: 892px) 100vw, 892px\" \/><span class=\"t2-image-credit\">\n\t\t\t\t<button type=\"button\" class=\"t2-image-credit-toggle\" aria-expanded=\"false\" aria-controls=\"image-credit\" aria-label=\"Toggle image credit\"><svg xmlns=\"http:\/\/www.w3.org\/2000\/svg\" viewBox=\"0 0 24 24\" height=\"24\" width=\"24\" class=\"t2-icon t2-icon-info\" aria-hidden=\"true\" focusable=\"false\"><path d=\"M12 17c.3 0 .5-.1.7-.3s.3-.4.3-.7v-4c0-.3-.1-.5-.3-.7-.2-.2-.4-.3-.7-.3s-.5.1-.7.3c-.2.2-.3.4-.3.7v4c0 .3.1.5.3.7s.4.3.7.3zm0-8c.3 0 .5-.1.7-.3.2-.2.3-.4.3-.7 0-.3-.1-.5-.3-.7-.2-.2-.4-.3-.7-.3s-.5.1-.7.3c-.2.2-.3.4-.3.7 0 .3.1.5.3.7.2.2.4.3.7.3zm0 13c-1.4 0-2.7-.3-3.9-.8-1.2-.5-2.3-1.2-3.2-2.1s-1.6-2-2.1-3.2S2 13.4 2 12s.3-2.7.8-3.9S4 5.8 4.9 4.9s2-1.6 3.2-2.1S10.6 2 12 2s2.7.3 3.9.8 2.3 1.2 3.2 2.1 1.6 2 2.1 3.2c.5 1.2.8 2.5.8 3.9s-.3 2.7-.8 3.9c-.5 1.2-1.2 2.3-2.1 3.2s-2 1.6-3.2 2.1c-1.2.5-2.5.8-3.9.8z\" fill=\"currentColor\" \/><\/svg><\/button>\n\t\t\t\t<span class=\"t2-image-credit-text wp-element-caption\" id=\"image-credit\" hidden>Foto: DIO\/Jasenko Sivonjic<\/span>\n\t\t\t<\/span><\/div><\/figure>\n\n\n\n<p class=\"has-text-align-center\" style=\"font-size:clamp(16.293px, 1.018rem + ((1vw - 3.2px) * 1.075), 25px);\"><strong>\u00abMin ambisjon er at vi skal bli en av de aller mest attraktive arbeidsplassene i denne regionen.\u00bb<\/strong><br>\u2013 Anders Aagaard S\u00f8rby<\/p>\n<\/div>\n<\/div>\n\n\n\n<div class=\"wp-block-media-text alignwide has-media-on-the-right is-stacked-on-mobile\" style=\"grid-template-columns:auto 48%\"><div class=\"wp-block-media-text__content\">\n<div class=\"wp-block-group is-layout-constrained wp-block-group-is-layout-constrained\">\n<p style=\"font-size:clamp(27.894px, 1.743rem + ((1vw - 3.2px) * 2.482), 48px);\"><strong>V\u00e5re kjerneverdier<\/strong><\/p>\n\n\n\n<p style=\"font-size:clamp(15.747px, 0.984rem + ((1vw - 3.2px) * 1.019), 24px);\">DIO er summen av verdier, holdninger og tankesett. Er du en raus og ansvarlig p\u00e5driver vil vi gjerne h\u00f8re fra deg!<\/p>\n<\/div>\n<\/div><figure class=\"wp-block-media-text__media\"><img loading=\"lazy\" decoding=\"async\" width=\"1024\" height=\"768\" src=\"https:\/\/files.nettsteder.regjeringen.no\/wpuploads01\/sites\/572\/2024\/06\/raus-v3-1024x768.png\" alt=\"\" class=\"wp-image-382 size-full\" srcset=\"https:\/\/files.nettsteder.regjeringen.no\/wpuploads01\/sites\/572\/2024\/06\/raus-v3-1024x768.png 1024w, https:\/\/files.nettsteder.regjeringen.no\/wpuploads01\/sites\/572\/2024\/06\/raus-v3-300x225.png 300w, https:\/\/files.nettsteder.regjeringen.no\/wpuploads01\/sites\/572\/2024\/06\/raus-v3-768x576.png 768w, https:\/\/files.nettsteder.regjeringen.no\/wpuploads01\/sites\/572\/2024\/06\/raus-v3-1536x1152.png 1536w, https:\/\/files.nettsteder.regjeringen.no\/wpuploads01\/sites\/572\/2024\/06\/raus-v3.png 1600w\" sizes=\"auto, (max-width: 1024px) 100vw, 1024px\" \/><\/figure><\/div>\n\n\n\n<div class=\"wp-block-group alignfull has-background-100-background-color has-background is-layout-constrained wp-block-group-is-layout-constrained\">\n<div style=\"height:15px\" aria-hidden=\"true\" class=\"wp-block-spacer\"><\/div>\n\n\n\n<div class=\"wp-block-group is-layout-constrained wp-block-group-is-layout-constrained\">\n<div class=\"wp-block-group is-layout-constrained wp-block-group-is-layout-constrained\">\n<div class=\"wp-block-group is-layout-constrained wp-block-group-is-layout-constrained\">\n<div class=\"wp-block-group is-vertical is-layout-flex wp-container-core-group-is-layout-8cf370e7 wp-block-group-is-layout-flex\">\n<div class=\"wp-block-group is-layout-constrained wp-block-group-is-layout-constrained\">\n<h2 class=\"wp-block-heading has-text-align-center\" id=\"ledige-stillinger\" style=\"font-size:clamp(27.894px, 1.743rem + ((1vw - 3.2px) * 2.482), 48px);\">Ledige stillinger<\/h2>\n\n\n<div class=\"wp-block-dss-jobbnorge__wrapper has-pagination wp-block-dss-jobbnorge\" aria-live=\"polite\" data-block-instance=\"jobbnorge-1-9083\" data-autoscroll-threshold=\"0.25\"><div class=\"jobbnorge-pagination-status screen-reader-text\" aria-live=\"polite\" role=\"status\" data-status-for=\"jobbnorge-1-9083\">Showing 1\u20136 of 6 jobs. Page 1 of 1.<\/div><ul class=\"wp-block-dss-jobbnorge\" data-attributes=\"{&quot;employerID&quot;:&quot;2835&quot;,&quot;displayEmployer&quot;:false,&quot;displayDate&quot;:true,&quot;displayDeadline&quot;:false,&quot;displayScope&quot;:false,&quot;displayExcerpt&quot;:false,&quot;excerptLength&quot;:55,&quot;blockLayout&quot;:&quot;list&quot;,&quot;orderBy&quot;:&quot;Deadline&quot;,&quot;columns&quot;:3,&quot;itemsToShow&quot;:20,&quot;enablePagination&quot;:true,&quot;jobsPerPage&quot;:10,&quot;disableAutoScroll&quot;:false,&quot;noJobsMessage&quot;:&quot;&quot;,&quot;instanceId&quot;:&quot;jobbnorge-1-9083&quot;}\"><li class=\"wp-block-dss-jobbnorge__item\"><div class=\"wp-block-dss-jobbnorge__item-title\"><a href=\"https:\/\/www.jobbnorge.no\/ledige-stillinger\/stilling\/300618\">Samhandlingsr\u00e5dgiver M365<\/a><\/div><\/li><li class=\"wp-block-dss-jobbnorge__item\"><div class=\"wp-block-dss-jobbnorge__item-title\"><a href=\"https:\/\/www.jobbnorge.no\/ledige-stillinger\/stilling\/301149\">Lederst\u00f8tte<\/a><\/div><\/li><li class=\"wp-block-dss-jobbnorge__item\"><div class=\"wp-block-dss-jobbnorge__item-title\"><a href=\"https:\/\/www.jobbnorge.no\/ledige-stillinger\/stilling\/300635\">Databaseadministrator (DBA)<\/a><\/div><\/li><li class=\"wp-block-dss-jobbnorge__item\"><div class=\"wp-block-dss-jobbnorge__item-title\"><a href=\"https:\/\/www.jobbnorge.no\/ledige-stillinger\/stilling\/299486\">Key Account Manager (kundeansvarlig)<\/a><\/div><\/li><li class=\"wp-block-dss-jobbnorge__item\"><div class=\"wp-block-dss-jobbnorge__item-title\"><a href=\"https:\/\/www.jobbnorge.no\/ledige-stillinger\/stilling\/299336\">R\u00e5dgiver\/seniorr\u00e5dgiver beredskap og \u00f8velser<\/a><\/div><\/li><li class=\"wp-block-dss-jobbnorge__item\"><div class=\"wp-block-dss-jobbnorge__item-title\"><a href=\"https:\/\/www.jobbnorge.no\/ledige-stillinger\/stilling\/299358\">R\u00e5dgiver\/seniorr\u00e5dgiver &#8211; Sikker Teknisk Infrastruktur<\/a><\/div><\/li><\/ul><\/div>\n\n\n<p><\/p>\n\n\n\n<p><\/p>\n<\/div>\n<\/div>\n<\/div>\n<\/div>\n<\/div>\n\n\n\n<div style=\"height:12px\" aria-hidden=\"true\" class=\"wp-block-spacer\"><\/div>\n<\/div>\n\n\n\n<div style=\"height:49px\" aria-hidden=\"true\" class=\"wp-block-spacer\"><\/div>\n\n\n\n<div class=\"wp-block-group alignwide is-layout-constrained wp-block-group-is-layout-constrained\">\n<figure class=\"wp-block-image alignwide size-large\"><div class=\"t2-image-credit-wrapper\"><img loading=\"lazy\" decoding=\"async\" width=\"1024\" height=\"403\" src=\"https:\/\/files.nettsteder.regjeringen.no\/wpuploads01\/sites\/572\/2024\/06\/026906b910527c932f3134e9d33842d4-crop-1024x403.jpg\" alt=\"\" class=\"wp-image-324\" srcset=\"https:\/\/files.nettsteder.regjeringen.no\/wpuploads01\/sites\/572\/2024\/06\/026906b910527c932f3134e9d33842d4-crop-1024x403.jpg 1024w, https:\/\/files.nettsteder.regjeringen.no\/wpuploads01\/sites\/572\/2024\/06\/026906b910527c932f3134e9d33842d4-crop-300x118.jpg 300w, https:\/\/files.nettsteder.regjeringen.no\/wpuploads01\/sites\/572\/2024\/06\/026906b910527c932f3134e9d33842d4-crop-768x302.jpg 768w, https:\/\/files.nettsteder.regjeringen.no\/wpuploads01\/sites\/572\/2024\/06\/026906b910527c932f3134e9d33842d4-crop-1536x604.jpg 1536w, https:\/\/files.nettsteder.regjeringen.no\/wpuploads01\/sites\/572\/2024\/06\/026906b910527c932f3134e9d33842d4-crop-2048x806.jpg 2048w\" sizes=\"auto, (max-width: 1024px) 100vw, 1024px\" \/><span class=\"t2-image-credit\">\n\t\t\t\t<button type=\"button\" class=\"t2-image-credit-toggle\" aria-expanded=\"false\" aria-controls=\"image-credit-1\" aria-label=\"Toggle image credit\"><svg xmlns=\"http:\/\/www.w3.org\/2000\/svg\" viewBox=\"0 0 24 24\" height=\"24\" width=\"24\" class=\"t2-icon t2-icon-info\" aria-hidden=\"true\" focusable=\"false\"><path d=\"M12 17c.3 0 .5-.1.7-.3s.3-.4.3-.7v-4c0-.3-.1-.5-.3-.7-.2-.2-.4-.3-.7-.3s-.5.1-.7.3c-.2.2-.3.4-.3.7v4c0 .3.1.5.3.7s.4.3.7.3zm0-8c.3 0 .5-.1.7-.3.2-.2.3-.4.3-.7 0-.3-.1-.5-.3-.7-.2-.2-.4-.3-.7-.3s-.5.1-.7.3c-.2.2-.3.4-.3.7 0 .3.1.5.3.7.2.2.4.3.7.3zm0 13c-1.4 0-2.7-.3-3.9-.8-1.2-.5-2.3-1.2-3.2-2.1s-1.6-2-2.1-3.2S2 13.4 2 12s.3-2.7.8-3.9S4 5.8 4.9 4.9s2-1.6 3.2-2.1S10.6 2 12 2s2.7.3 3.9.8 2.3 1.2 3.2 2.1 1.6 2 2.1 3.2c.5 1.2.8 2.5.8 3.9s-.3 2.7-.8 3.9c-.5 1.2-1.2 2.3-2.1 3.2s-2 1.6-3.2 2.1c-1.2.5-2.5.8-3.9.8z\" fill=\"currentColor\" \/><\/svg><\/button>\n\t\t\t\t<span class=\"t2-image-credit-text wp-element-caption\" id=\"image-credit-1\" hidden>Foto: Unsplash<\/span>\n\t\t\t<\/span><\/div><\/figure>\n\n\n\n<div class=\"wp-block-columns alignwide is-layout-flex wp-container-core-columns-is-layout-9d6595d7 wp-block-columns-is-layout-flex\">\n<div class=\"wp-block-column is-layout-flow wp-block-column-is-layout-flow\">\n<h2 class=\"wp-block-heading\" id=\"om-oss\" style=\"font-size:clamp(27.894px, 1.743rem + ((1vw - 3.2px) * 2.482), 48px);\">Kort om oss<\/h2>\n\n\n\n<p style=\"font-size:clamp(14.642px, 0.915rem + ((1vw - 3.2px) * 0.908), 22px);\">DIO er departementenes digitaliseringsorganisasjon. Vi underst\u00f8tter to av landets viktigste demokratiske institusjoner \u2013 regjeringen og departementene. V\u00e5rt oppdrag er \u00e5 styrke deres evne til \u00e5 l\u00f8se komplekse samfunnsoppdrag gjennom sikker teknologi, digitalisering og innovasjon.<br><br>V\u00e5re grunnverdier er \u00e5 v\u00e6re ansvarlig, raus og en p\u00e5driver for positiv endring.<br><br>Vi tror at ved \u00e5 omfavne mangfold og fremme en inkluderende kultur blir vi bedre rustet til \u00e5 m\u00f8te de komplekse utfordringene. Folk med ulike bakgrunner og perspektiver finner nye og kreative m\u00e5ter \u00e5 l\u00f8se oppgaver p\u00e5, noe som er avgj\u00f8rende for v\u00e5r evne til \u00e5 levere effektive og innovative l\u00f8sninger.<\/p>\n<\/div>\n\n\n\n<div class=\"wp-block-column is-layout-flow wp-block-column-is-layout-flow\" style=\"flex-basis:43px\"><\/div>\n\n\n\n<div class=\"wp-block-column is-vertically-aligned-center is-layout-flow wp-block-column-is-layout-flow\" style=\"flex-basis:400px\">\n<div class=\"wp-block-group has-background-100-background-color has-background is-layout-constrained wp-block-group-is-layout-constrained\">\n<p><strong>Direkt\u00f8r<\/strong><br>Anders Aagaard S\u00f8rby<\/p>\n\n\n\n<p><strong>Medarbeidere<\/strong><br>ca. 270<\/p>\n\n\n\n<p><strong>Hovedkontor<\/strong><br>Biskop Gunnerus gate 6 (Byporten), Oslo<\/p>\n\n\n\n<p><strong>Andre lokasjoner<\/strong><br>Regjeringskvartalet, Kvadraturen, <br>Nydalen og Victoria Terrasse<\/p>\n\n\n\n<p><strong>Operativ fra<\/strong><br>01.01.2025<\/p>\n<\/div>\n<\/div>\n<\/div>\n\n\n\n<hr class=\"wp-block-separator has-alpha-channel-opacity\" \/>\n\n\n\n<div class=\"wp-block-columns alignwide is-layout-flex wp-container-core-columns-is-layout-9d6595d7 wp-block-columns-is-layout-flex\">\n<div class=\"wp-block-column is-vertically-aligned-center is-layout-flow wp-block-column-is-layout-flow\" style=\"flex-basis:400px\">\n<div class=\"wp-block-group has-background-100-background-color has-background is-layout-constrained wp-block-group-is-layout-constrained\">\n<p><strong>Pressehenvendelser:<\/strong><br>Pressetelefon: 22 96 87 00 (mottar ikke sms).<\/p>\n\n\n\n<p>E-post: <a href=\"mailto:presse@dio.dep.no\">presse@dio.dep.no<\/a><\/p>\n\n\n\n<p>Pressetelefonen er betjent fra kl. 8.00\u201315.45 (sommertid fra 15. mai\u201315. september er kl. 8.00\u201315.00). Telefonen er ikke betjent p\u00e5 r\u00f8de dager.<\/p>\n\n\n\n<p>E-posten betjenes i arbeidstiden p\u00e5 hverdager.<\/p>\n\n\n\n<p>Kommunikasjonssjef i DIO er Trond Herstad-Larsen.<\/p>\n<\/div>\n<\/div>\n\n\n\n<div class=\"wp-block-column is-layout-flow wp-block-column-is-layout-flow\" style=\"flex-basis:43px\"><\/div>\n\n\n\n<div class=\"wp-block-column is-layout-flow wp-block-column-is-layout-flow\">\n<h2 class=\"wp-block-heading\" style=\"font-size:clamp(17.905px, 1.119rem + ((1vw - 3.2px) * 1.246), 28px);\"><br><br>Innsynsforesp\u00f8rsler<\/h2>\n\n\n\n<p>Alle har rett til \u00e5 bestille ethvert dokument som har kommet til eller er sendt fra Departementenes digitaliseringsorganisasjon. Alle bestillinger skal tydelig identifisere hvilket dokument det s\u00f8kes innsyn i, enten ved at bestiller opplyser om saksnummer og dokumentnummer, eller gir konkrete opplysninger om hvem og hva saken gjelder.<\/p>\n\n\n\n<p>Etter offentleglova skal krav om innsyn avgj\u00f8res uten ugrunnet opphold.<\/p>\n\n\n\n<p>Innsynsforesp\u00f8rsler til Departementenes digitaliseringsorganisasjon rettes via e-post til <a href=\"mailto:postmottak@dio.dep.no\">postmottak@dio.dep.no<\/a>.<\/p>\n\n\n\n<p><a href=\"https:\/\/eur02.safelinks.protection.outlook.com\/?url=https%3A%2F%2Feinnsyn.no%2Fsok%3Ff%3D3c9bb6d0-db00-42c1-b763-10cda3ec8323&amp;data=05%7C02%7CYngvil.Runde%40dio.dep.no%7C4cd90dab63de4a1ebb0608de372b65a4%7Cf696e1861c3b44cdbf765ace0e7007bd%7C0%7C0%7C639008856695788562%7CUnknown%7CTWFpbGZsb3d8eyJFbXB0eU1hcGkiOnRydWUsIlYiOiIwLjAuMDAwMCIsIlAiOiJXaW4zMiIsIkFOIjoiTWFpbCIsIldUIjoyfQ%3D%3D%7C0%7C%7C%7C&amp;sdata=OR7zCeF65osqPeqP7qbXAETTW%2FihBPgWcGh4WI6M8Vw%3D&amp;reserved=0\">S\u00f8k i offentlig postjournal for Departementenes digitaliseringsorganisasjon (einnsyn)<\/a><\/p>\n\n\n\n<p style=\"font-size:clamp(14.642px, 0.915rem + ((1vw - 3.2px) * 0.908), 22px);\"><\/p>\n<\/div>\n<\/div>\n<\/div>\n\n\n\n<p><\/p>\n","protected":false},"excerpt":{"rendered":"<p>Vil du bli en del av DIO? Departementenes nye digitaliseringsorganisasjons\u00f8ker rause og ansvarlige p\u00e5drivere Vi er departementenes digitaliseringsorganisasjon V\u00e5r jobb er \u00e5 underst\u00f8tte to av landets viktigste demokratiske institusjoner \u2013 regjeringen og departementene. DIO ble etablert f\u00f8rste januar 2025 og holder til i et flott hovedkontor midt i Oslo sentrum, kun en kort g\u00e5tur unna\u2026<\/p>\n","protected":false},"author":3249,"featured_media":0,"parent":0,"menu_order":0,"comment_status":"closed","ping_status":"closed","template":"","meta":{"dss_simple_post_excerpt":"","dss_show_featured_image":true,"dss_show_title":true,"footnotes":""},"class_list":["post-2","page","type-page","status-publish","hentry"],"language":"nb-NO","_links":{"self":[{"href":"https:\/\/nettsteder.regjeringen.no\/dio\/wp-json\/wp\/v2\/pages\/2","targetHints":{"allow":["GET"]}}],"collection":[{"href":"https:\/\/nettsteder.regjeringen.no\/dio\/wp-json\/wp\/v2\/pages"}],"about":[{"href":"https:\/\/nettsteder.regjeringen.no\/dio\/wp-json\/wp\/v2\/types\/page"}],"author":[{"embeddable":true,"href":"https:\/\/nettsteder.regjeringen.no\/dio\/wp-json\/wp\/v2\/users\/3249"}],"replies":[{"embeddable":true,"href":"https:\/\/nettsteder.regjeringen.no\/dio\/wp-json\/wp\/v2\/comments?post=2"}],"version-history":[{"count":2,"href":"https:\/\/nettsteder.regjeringen.no\/dio\/wp-json\/wp\/v2\/pages\/2\/revisions"}],"predecessor-version":[{"id":515,"href":"https:\/\/nettsteder.regjeringen.no\/dio\/wp-json\/wp\/v2\/pages\/2\/revisions\/515"}],"wp:attachment":[{"href":"https:\/\/nettsteder.regjeringen.no\/dio\/wp-json\/wp\/v2\/media?parent=2"}],"curies":[{"name":"wp","href":"https:\/\/api.w.org\/{rel}","templated":true}]}}