{"id":8,"date":"2026-01-12T09:43:46","date_gmt":"2026-01-12T08:43:46","guid":{"rendered":"https:\/\/nettsteder.regjeringen.no\/bostotteutvalget\/?page_id=8"},"modified":"2026-03-17T09:43:12","modified_gmt":"2026-03-17T08:43:12","slug":"medlemmer","status":"publish","type":"page","link":"https:\/\/nettsteder.regjeringen.no\/bostotteutvalget\/medlemmer\/","title":{"rendered":"Medlemmer"},"content":{"rendered":"<ul class=\"wp-block-dss-people\">\n<li class=\"wp-block-dss-person\">\t<div class=\"dss-person-image\">\n\t\t<figure>\n\t\t\t<img loading=\"lazy\" decoding=\"async\" width=\"250\" height=\"127\" src=\"https:\/\/files.nettsteder.regjeringen.no\/wpuploads01\/sites\/615\/2026\/03\/Aarland.png\" class=\"attachment-250x250 size-250x250\" alt=\"\" srcset=\"https:\/\/files.nettsteder.regjeringen.no\/wpuploads01\/sites\/615\/2026\/03\/Aarland.png 848w, https:\/\/files.nettsteder.regjeringen.no\/wpuploads01\/sites\/615\/2026\/03\/Aarland-300x153.png 300w, https:\/\/files.nettsteder.regjeringen.no\/wpuploads01\/sites\/615\/2026\/03\/Aarland-768x391.png 768w\" sizes=\"auto, (max-width: 250px) 100vw, 250px\" \/>\t\t<\/figure>\n\t<\/div>\n\t<div class=\"dss-person-content\">\n\t\t<h3 class=\"dss-person-name\">Kristin Aarland<\/h3><p class=\"dss-person-position\">Utvalgsleder. Forsker I, Oslo<\/p><div class=\"dss-person-content\">\n\n<p>Kristin Aarland er forsker ved OsloMet. Hun er utdannet samfunns\u00f8konom med doktorgrad fra Brown University, og er tilknyttet\u00a0 By- og regionforskningsinstituttet (NIBR) og BOVEL &#8211; Senter for bolig- og velferdsforskning. Aarland har tidligere v\u00e6rt medlem i By- og levek\u00e5rsutvalget (NOU 2020: 16) og var medlem i en ekspertgruppe som vurderte bost\u00f8tten i 2022.\u00a0<\/p>\n\n<\/div>\t<\/div>\n\t<\/li>\n\n<li class=\"wp-block-dss-person\">\t<div class=\"dss-person-image\">\n\t\t<figure>\n\t\t\t<img loading=\"lazy\" decoding=\"async\" width=\"250\" height=\"250\" src=\"https:\/\/files.nettsteder.regjeringen.no\/wpuploads01\/sites\/615\/2026\/02\/Anundsen-300x300.jpg\" class=\"attachment-250x250 size-250x250\" alt=\"\" srcset=\"https:\/\/files.nettsteder.regjeringen.no\/wpuploads01\/sites\/615\/2026\/02\/Anundsen-300x300.jpg 300w, https:\/\/files.nettsteder.regjeringen.no\/wpuploads01\/sites\/615\/2026\/02\/Anundsen-150x150.jpg 150w, https:\/\/files.nettsteder.regjeringen.no\/wpuploads01\/sites\/615\/2026\/02\/Anundsen-768x768.jpg 768w, https:\/\/files.nettsteder.regjeringen.no\/wpuploads01\/sites\/615\/2026\/02\/Anundsen.jpg 1024w\" sizes=\"auto, (max-width: 250px) 100vw, 250px\" \/>\t\t<\/figure>\n\t<\/div>\n\t<div class=\"dss-person-content\">\n\t\t<h3 class=\"dss-person-name\">Andr\u00e9 Kall\u00e5k Anundsen<\/h3><p class=\"dss-person-position\">Analytiker, Porsgrunn<\/p><div class=\"dss-person-content\">\n\n<p>Andr\u00e9 Kall\u00e5k Anundsen er tidligere nestleder og forsker I (n\u00e5 affiliert forsker)\u00a0ved Housing Lab \u2013 Nasjonalt senter for boligmarkedsforskning, og har tidligere jobbet som seniorforsker og spesialr\u00e5dgiver i Norges Bank. Han har en doktorgrad i samfunns\u00f8konomi fra Universitetet i Oslo og har tidligere v\u00e6rt medlem av Eiendomsmeglingsutvalget (NOU 2021: 7).<\/p>\n\n<\/div>\t<\/div>\n\t<\/li>\n\n<li class=\"wp-block-dss-person\">\t<div class=\"dss-person-image\">\n\t\t<figure>\n\t\t\t<img loading=\"lazy\" decoding=\"async\" width=\"148\" height=\"148\" src=\"https:\/\/files.nettsteder.regjeringen.no\/wpuploads01\/sites\/615\/2026\/03\/imagesG6JBURK3.jpg\" class=\"attachment-250x250 size-250x250\" alt=\"\" \/>\t\t<\/figure>\n\t<\/div>\n\t<div class=\"dss-person-content\">\n\t\t<h3 class=\"dss-person-name\">Parminder Kaur Bisal<\/h3><p class=\"dss-person-position\">R\u00e5dgiver, Drammen.<\/p><div class=\"dss-person-content\">\n\n<p>Parminder Kaur Bisal er r\u00e5dgiver i Drammen kommune. Hun har bred erfaring fra offentlig sektor, fra b\u00e5de departement, direktorat, fylkeskommune og kommune. Hun jobber med temaer som levek\u00e5r, integrering, oppvekst, utdanning, byutvikling og demokratibygging.<\/p>\n\n<\/div>\t<\/div>\n\t<\/li>\n\n<li class=\"wp-block-dss-person\">\t<div class=\"dss-person-image\">\n\t\t<figure>\n\t\t\t<img loading=\"lazy\" decoding=\"async\" width=\"250\" height=\"250\" src=\"https:\/\/files.nettsteder.regjeringen.no\/wpuploads01\/sites\/615\/2026\/03\/Oystein-N-300x300.png\" class=\"attachment-250x250 size-250x250\" alt=\"\" srcset=\"https:\/\/files.nettsteder.regjeringen.no\/wpuploads01\/sites\/615\/2026\/03\/Oystein-N-300x300.png 300w, https:\/\/files.nettsteder.regjeringen.no\/wpuploads01\/sites\/615\/2026\/03\/Oystein-N-150x150.png 150w, https:\/\/files.nettsteder.regjeringen.no\/wpuploads01\/sites\/615\/2026\/03\/Oystein-N.png 360w\" sizes=\"auto, (max-width: 250px) 100vw, 250px\" \/>\t\t<\/figure>\n\t<\/div>\n\t<div class=\"dss-person-content\">\n\t\t<h3 class=\"dss-person-name\">\u00d8ystein Nilsen<\/h3><p class=\"dss-person-position\">Spesialr\u00e5dgiver, Nordre Follo<\/p><div class=\"dss-person-content\">\n\n<p>\u00d8ystein Nilsen er dr. polit i sosiologi og spesialr\u00e5dgiver i LOs samfunnspolitiske avdeling. Der jobber han hovedsakelig med velferdsstatlige emner og sosialpolitikk, og ogs\u00e5 noe med problemstillinger knyttet til grunnskolen og tidlig innsats\u00bb.<\/p>\n\n<\/div>\t<\/div>\n\t<\/li>\n\n<li class=\"wp-block-dss-person\">\t<div class=\"dss-person-image\">\n\t\t<figure>\n\t\t\t<img loading=\"lazy\" decoding=\"async\" width=\"250\" height=\"227\" src=\"https:\/\/files.nettsteder.regjeringen.no\/wpuploads01\/sites\/615\/2026\/02\/Axel-West-Pedresen-nytt.jpg\" class=\"attachment-250x250 size-250x250\" alt=\"\" srcset=\"https:\/\/files.nettsteder.regjeringen.no\/wpuploads01\/sites\/615\/2026\/02\/Axel-West-Pedresen-nytt.jpg 1050w, https:\/\/files.nettsteder.regjeringen.no\/wpuploads01\/sites\/615\/2026\/02\/Axel-West-Pedresen-nytt-300x273.jpg 300w, https:\/\/files.nettsteder.regjeringen.no\/wpuploads01\/sites\/615\/2026\/02\/Axel-West-Pedresen-nytt-1024x931.jpg 1024w, https:\/\/files.nettsteder.regjeringen.no\/wpuploads01\/sites\/615\/2026\/02\/Axel-West-Pedresen-nytt-768x699.jpg 768w\" sizes=\"auto, (max-width: 250px) 100vw, 250px\" \/>\t\t<\/figure>\n\t<\/div>\n\t<div class=\"dss-person-content\">\n\t\t<h3 class=\"dss-person-name\">Axel West Pedersen<\/h3><p class=\"dss-person-position\">Professor, B\u00e6rum<\/p><div class=\"dss-person-content\">\n\n<p>Axel West Pedersen er professor i sosialpolitikk ved OsloMet. Han er utdannet statsviter med doktorgrad fra Europauniversitetet i Firenze. Pedersen har tidligere v\u00e6rt medlem av Fordelingsutvalget (NOU 2009:10), utvalg om Barnefamilienes \u00f8konomi (NOU 2017: 6) og Pensjonsutvalget (NOU 2022: 7).<\/p>\n\n<\/div>\t<\/div>\n\t<\/li>\n\n<li class=\"wp-block-dss-person\">\t<div class=\"dss-person-image\">\n\t\t<figure>\n\t\t\t<img loading=\"lazy\" decoding=\"async\" width=\"250\" height=\"188\" src=\"https:\/\/files.nettsteder.regjeringen.no\/wpuploads01\/sites\/615\/2026\/02\/Marianne-pleym-1.png\" class=\"attachment-250x250 size-250x250\" alt=\"\" srcset=\"https:\/\/files.nettsteder.regjeringen.no\/wpuploads01\/sites\/615\/2026\/02\/Marianne-pleym-1.png 920w, https:\/\/files.nettsteder.regjeringen.no\/wpuploads01\/sites\/615\/2026\/02\/Marianne-pleym-1-300x225.png 300w, https:\/\/files.nettsteder.regjeringen.no\/wpuploads01\/sites\/615\/2026\/02\/Marianne-pleym-1-768x576.png 768w\" sizes=\"auto, (max-width: 250px) 100vw, 250px\" \/>\t\t<\/figure>\n\t<\/div>\n\t<div class=\"dss-person-content\">\n\t\t<h3 class=\"dss-person-name\">Marianne Pleym<\/h3><p class=\"dss-person-position\">Enhetsleder, Troms\u00f8<\/p><div class=\"dss-person-content\">\n\n<p>Marianne Pleym er enhetsleder for boligkontoret i Troms\u00f8 kommune med ansvar for bost\u00f8tte, tildeling av bolig, inng\u00e5else og forvaltning av tilvisningsavtaler, forvaltning av kommunens startl\u00e5nsportef\u00f8lje og boligsosial lov. Hun er utdannet sosionom og har tidligere arbeidserfaring fra NAV (dav\u00e6rende sosialtjenesten) og statsforvalteren.<\/p>\n\n<\/div>\t<\/div>\n\t<\/li>\n\n<li class=\"wp-block-dss-person\">\t<div class=\"dss-person-image\">\n\t\t<figure>\n\t\t\t<img loading=\"lazy\" decoding=\"async\" width=\"176\" height=\"250\" src=\"https:\/\/files.nettsteder.regjeringen.no\/wpuploads01\/sites\/615\/2026\/03\/Bilde_KV.jpeg\" class=\"attachment-250x250 size-250x250\" alt=\"\" srcset=\"https:\/\/files.nettsteder.regjeringen.no\/wpuploads01\/sites\/615\/2026\/03\/Bilde_KV.jpeg 786w, https:\/\/files.nettsteder.regjeringen.no\/wpuploads01\/sites\/615\/2026\/03\/Bilde_KV-212x300.jpeg 212w, https:\/\/files.nettsteder.regjeringen.no\/wpuploads01\/sites\/615\/2026\/03\/Bilde_KV-722x1024.jpeg 722w, https:\/\/files.nettsteder.regjeringen.no\/wpuploads01\/sites\/615\/2026\/03\/Bilde_KV-768x1088.jpeg 768w\" sizes=\"auto, (max-width: 176px) 100vw, 176px\" \/>\t\t<\/figure>\n\t<\/div>\n\t<div class=\"dss-person-content\">\n\t\t<h3 class=\"dss-person-name\">Kjell Vaage<\/h3><p class=\"dss-person-position\">Professor, Bergen<\/p><div class=\"dss-person-content\">\n\n<p>Kjell Vaage er professor i samfunns\u00f8konomi ved Institutt for \u00f8konomi, Universitetet i Bergen. Han forsker og underviser i temaer omkring trygd, pensjon og arbeidsmarked. Forskninga er for det meste retta inn mot evaluering av velferdsstaten basert p\u00e5 \u00f8konometriske analyser av registerdata. Vaage har tidligere v\u00e6rt medlem av utvalget for utredning av etterlatteytelsene i folketrygden (NOU 2017: 3) og i Pensjonsutvalget (NOU 2022: 7).<\/p>\n\n<\/div>\t<\/div>\n\t<\/li>\n\n<li class=\"wp-block-dss-person\">\t<div class=\"dss-person-image\">\n\t\t<figure>\n\t\t\t<img loading=\"lazy\" decoding=\"async\" width=\"250\" height=\"250\" src=\"https:\/\/files.nettsteder.regjeringen.no\/wpuploads01\/sites\/615\/2026\/03\/s1232-300x300.jpg\" class=\"attachment-250x250 size-250x250\" alt=\"\" srcset=\"https:\/\/files.nettsteder.regjeringen.no\/wpuploads01\/sites\/615\/2026\/03\/s1232-300x300.jpg 300w, https:\/\/files.nettsteder.regjeringen.no\/wpuploads01\/sites\/615\/2026\/03\/s1232-150x150.jpg 150w, https:\/\/files.nettsteder.regjeringen.no\/wpuploads01\/sites\/615\/2026\/03\/s1232.jpg 400w\" sizes=\"auto, (max-width: 250px) 100vw, 250px\" \/><span class=\"t2-image-credit\">\n\t\t\t\t<button type=\"button\" class=\"t2-image-credit-toggle\" aria-expanded=\"false\" aria-controls=\"image-credit\" aria-label=\"Toggle image credit\"><svg xmlns=\"http:\/\/www.w3.org\/2000\/svg\" viewBox=\"0 0 24 24\" height=\"24\" width=\"24\" class=\"t2-icon t2-icon-info\" aria-hidden=\"true\" focusable=\"false\"><path d=\"M12 17c.3 0 .5-.1.7-.3s.3-.4.3-.7v-4c0-.3-.1-.5-.3-.7-.2-.2-.4-.3-.7-.3s-.5.1-.7.3c-.2.2-.3.4-.3.7v4c0 .3.1.5.3.7s.4.3.7.3zm0-8c.3 0 .5-.1.7-.3.2-.2.3-.4.3-.7 0-.3-.1-.5-.3-.7-.2-.2-.4-.3-.7-.3s-.5.1-.7.3c-.2.2-.3.4-.3.7 0 .3.1.5.3.7.2.2.4.3.7.3zm0 13c-1.4 0-2.7-.3-3.9-.8-1.2-.5-2.3-1.2-3.2-2.1s-1.6-2-2.1-3.2S2 13.4 2 12s.3-2.7.8-3.9S4 5.8 4.9 4.9s2-1.6 3.2-2.1S10.6 2 12 2s2.7.3 3.9.8 2.3 1.2 3.2 2.1 1.6 2 2.1 3.2c.5 1.2.8 2.5.8 3.9s-.3 2.7-.8 3.9c-.5 1.2-1.2 2.3-2.1 3.2s-2 1.6-3.2 2.1c-1.2.5-2.5.8-3.9.8z\" fill=\"currentColor\" \/><\/svg><\/button>\n\t\t\t\t<span class=\"t2-image-credit-text wp-element-caption\" id=\"image-credit\" hidden>Foto: Hallvard Lyssand<\/span>\n\t\t\t<\/span>\t\t<\/figure>\n\t<\/div>\n\t<div class=\"dss-person-content\">\n\t\t<h3 class=\"dss-person-name\">Kjell Gunnar Salvanes<\/h3><p class=\"dss-person-position\">Professor, Bergen<\/p><div class=\"dss-person-content\">\n\n<p>Kjell Gunnar Salavanes er professor i samfunns\u00f8konomi ved Norsk Handelsh\u00f8yskole (NHH). Han forsker og underviser i temaer innen arbeidsmarked, utdanning, helse og \u00f8konomisk ulikhet. Salvanes har tidligere v\u00e6rt medlem i en rekke ekspertutvalg, blant annet Livsoppholdsutvalget (NOU 2018: 3), Produktivitetskommisjonen (NOU 2015: 1 og NOU 2016; 3) og Barnevernsutvalget (NOU 2023: 7).<\/p>\n\n<\/div>\t<\/div>\n\t<\/li>\n<\/ul>\n\n\n<p class=\"has-text-align-right\"><strong>Sekretariatet for utvalget<\/strong><\/p>\n\n\n\n<p class=\"has-text-align-right\"><em>Leder av sekretariatet<\/em><\/p>\n\n\n\n<p class=\"has-text-align-right\">Anna Katharina Fonn Matre<\/p>\n\n\n\n<p class=\"has-text-align-right\"><em>Sekretariatsmedlemmer<\/em><\/p>\n\n\n\n<p class=\"has-text-align-right\">Andreas Fjelltoft<\/p>\n\n\n\n<p class=\"has-text-align-right\">Andrea Hestbek Nielsen<\/p>\n\n\n\n<p class=\"has-text-align-right\">Lina Andrine Gr\u00f8tting<\/p>\n\n\n\n<p><\/p>\n","protected":false},"excerpt":{"rendered":"<p>Sekretariatet for utvalget Leder av sekretariatet Anna Katharina Fonn Matre Sekretariatsmedlemmer Andreas Fjelltoft Andrea Hestbek Nielsen Lina Andrine Gr\u00f8tting<\/p>\n","protected":false},"author":2877,"featured_media":0,"parent":0,"menu_order":0,"comment_status":"closed","ping_status":"closed","template":"","meta":{"dss_simple_post_excerpt":"","dss_show_featured_image":true,"footnotes":""},"class_list":["post-8","page","type-page","status-publish","hentry"],"language":"nb-NO","_links":{"self":[{"href":"https:\/\/nettsteder.regjeringen.no\/bostotteutvalget\/wp-json\/wp\/v2\/pages\/8","targetHints":{"allow":["GET"]}}],"collection":[{"href":"https:\/\/nettsteder.regjeringen.no\/bostotteutvalget\/wp-json\/wp\/v2\/pages"}],"about":[{"href":"https:\/\/nettsteder.regjeringen.no\/bostotteutvalget\/wp-json\/wp\/v2\/types\/page"}],"author":[{"embeddable":true,"href":"https:\/\/nettsteder.regjeringen.no\/bostotteutvalget\/wp-json\/wp\/v2\/users\/2877"}],"replies":[{"embeddable":true,"href":"https:\/\/nettsteder.regjeringen.no\/bostotteutvalget\/wp-json\/wp\/v2\/comments?post=8"}],"version-history":[{"count":3,"href":"https:\/\/nettsteder.regjeringen.no\/bostotteutvalget\/wp-json\/wp\/v2\/pages\/8\/revisions"}],"predecessor-version":[{"id":99,"href":"https:\/\/nettsteder.regjeringen.no\/bostotteutvalget\/wp-json\/wp\/v2\/pages\/8\/revisions\/99"}],"wp:attachment":[{"href":"https:\/\/nettsteder.regjeringen.no\/bostotteutvalget\/wp-json\/wp\/v2\/media?parent=8"}],"curies":[{"name":"wp","href":"https:\/\/api.w.org\/{rel}","templated":true}]}}