{"id":6,"date":"2026-01-12T09:43:39","date_gmt":"2026-01-12T08:43:39","guid":{"rendered":"https:\/\/nettsteder.regjeringen.no\/bostotteutvalget\/?page_id=6"},"modified":"2026-02-25T12:13:51","modified_gmt":"2026-02-25T11:13:51","slug":"om-utvalget","status":"publish","type":"page","link":"https:\/\/nettsteder.regjeringen.no\/bostotteutvalget\/","title":{"rendered":"Om utvalget"},"content":{"rendered":"\n<p>Bost\u00f8tteutvalget ble oppnevnt av regjeringen 19. desember 2025. Utvalget skal belyse bost\u00f8ttens rolle og form\u00e5l i dag, som ledd i bolig- og sosialpolitikken. Som en del av dette, skal utvalget ogs\u00e5 beskrive og vurdere samspillet og arbeidsdelingen mellom bost\u00f8tten, det helhetlige inntektssikringssystemet og andre virkemidler p\u00e5 leiemarkedet, samt st\u00f8nadenes samlede virkning p\u00e5 arbeidsinsentiver. Utvalget skal vurdere hvilken rolle og hvilket form\u00e5l bost\u00f8tten b\u00f8r ha fremover, og eventuelle behov for endringer i relevante virkemidler. Utvalget skal ogs\u00e5 dr\u00f8fte overordnede prinsipper for den videre utviklingen av politikk rettet mot lavinntektshusholdninger der boutgiftene er belastende for husholdningenes \u00f8konomi. <\/p>\n\n\n\n<p>Utvalget best\u00e5r av \u00e5tte medlemmer med kompetanse p\u00e5 b\u00e5de bolig- og arbeidsmarkedet, velferdsordningene og kommunenes arbeid. Kristin Aarland, forsker I ved Senter for velferds- og arbeidslivsforskning, OsloMet leder utvalget. <\/p>\n\n\n\n<p>Utvalget skal levere en NOU til Kommunal- og distriktsdepartementet innen 31. desember 2026. Nettsiden oppdateres l\u00f8pende med relevant informasjon om utvalgets arbeid. <\/p>\n\n\n\n<figure class=\"wp-block-image size-large\"><img loading=\"lazy\" decoding=\"async\" width=\"1024\" height=\"768\" src=\"https:\/\/files.nettsteder.regjeringen.no\/wpuploads01\/sites\/615\/2026\/02\/IMG_8016-1024x768.jpeg\" alt=\"\" class=\"wp-image-88\" srcset=\"https:\/\/files.nettsteder.regjeringen.no\/wpuploads01\/sites\/615\/2026\/02\/IMG_8016-1024x768.jpeg 1024w, https:\/\/files.nettsteder.regjeringen.no\/wpuploads01\/sites\/615\/2026\/02\/IMG_8016-300x225.jpeg 300w, https:\/\/files.nettsteder.regjeringen.no\/wpuploads01\/sites\/615\/2026\/02\/IMG_8016-768x576.jpeg 768w, https:\/\/files.nettsteder.regjeringen.no\/wpuploads01\/sites\/615\/2026\/02\/IMG_8016-1536x1152.jpeg 1536w, https:\/\/files.nettsteder.regjeringen.no\/wpuploads01\/sites\/615\/2026\/02\/IMG_8016-2048x1536.jpeg 2048w\" sizes=\"auto, (max-width: 1024px) 100vw, 1024px\" \/><figcaption class=\"wp-element-caption\">Bost\u00f8tteutvalget p\u00e5 andre utvalgsm\u00f8te. Ikke avbildet: \u00d8ystein Nilsen. Foto: Anna Katharina Fonn Matre<\/figcaption><\/figure>\n","protected":false},"excerpt":{"rendered":"<p>Bost\u00f8tteutvalget ble oppnevnt av regjeringen 19. desember 2025. Utvalget skal belyse bost\u00f8ttens rolle og form\u00e5l i dag, som ledd i bolig- og sosialpolitikken. Som en del av dette, skal utvalget ogs\u00e5 beskrive og vurdere samspillet og arbeidsdelingen mellom bost\u00f8tten, det helhetlige inntektssikringssystemet og andre virkemidler p\u00e5 leiemarkedet, samt st\u00f8nadenes samlede virkning p\u00e5 arbeidsinsentiver. Utvalget skal\u2026<\/p>\n","protected":false},"author":2877,"featured_media":0,"parent":0,"menu_order":0,"comment_status":"closed","ping_status":"closed","template":"","meta":{"dss_simple_post_excerpt":"","dss_show_featured_image":true,"footnotes":""},"class_list":["post-6","page","type-page","status-publish","hentry"],"language":"nb-NO","_links":{"self":[{"href":"https:\/\/nettsteder.regjeringen.no\/bostotteutvalget\/wp-json\/wp\/v2\/pages\/6","targetHints":{"allow":["GET"]}}],"collection":[{"href":"https:\/\/nettsteder.regjeringen.no\/bostotteutvalget\/wp-json\/wp\/v2\/pages"}],"about":[{"href":"https:\/\/nettsteder.regjeringen.no\/bostotteutvalget\/wp-json\/wp\/v2\/types\/page"}],"author":[{"embeddable":true,"href":"https:\/\/nettsteder.regjeringen.no\/bostotteutvalget\/wp-json\/wp\/v2\/users\/2877"}],"replies":[{"embeddable":true,"href":"https:\/\/nettsteder.regjeringen.no\/bostotteutvalget\/wp-json\/wp\/v2\/comments?post=6"}],"version-history":[{"count":3,"href":"https:\/\/nettsteder.regjeringen.no\/bostotteutvalget\/wp-json\/wp\/v2\/pages\/6\/revisions"}],"predecessor-version":[{"id":90,"href":"https:\/\/nettsteder.regjeringen.no\/bostotteutvalget\/wp-json\/wp\/v2\/pages\/6\/revisions\/90"}],"wp:attachment":[{"href":"https:\/\/nettsteder.regjeringen.no\/bostotteutvalget\/wp-json\/wp\/v2\/media?parent=6"}],"curies":[{"name":"wp","href":"https:\/\/api.w.org\/{rel}","templated":true}]}}