{"id":2181,"date":"2017-02-01T08:43:00","date_gmt":"2017-02-01T07:43:00","guid":{"rendered":"https:\/\/nettsteder.regjeringen.no\/bedrestyringogledelse\/?page_id=2181"},"modified":"2018-11-16T09:42:27","modified_gmt":"2018-11-16T08:42:27","slug":"kunnskapsgrunnlag","status":"publish","type":"page","link":"https:\/\/nettsteder.regjeringen.no\/bedrestyringogledelse\/kunnskapsgrunnlag\/","title":{"rendered":"Kunnskapsgrunnlag"},"content":{"rendered":"<div id=\"module-0\" class=\"hogan-module hogan-module-text hogan-module-0 text-wrap\"><div class=\"hogan-module-inner clearfix\"><p><a href=\"https:\/\/files.nettsteder.regjeringen.no\/wpuploads01\/blogs.dir\/90\/files\/2018\/04\/Program-for-bedre-styring-og-ledelse-sluttrapport-endelig.pdf\">Erfaringsrapport<\/a><\/p>\n<p align=\"LEFT\">I rapporten oppsummerer vi de viktigste aktivitetene og leveransene i Program for bedre styring og ledelse i staten (2014 &#8211; 2017) , og deler de viktigste innsiktene arbeidet har gitt.<\/p>\n<p>Ledelse<\/p>\n<p><a href=\"https:\/\/www.difi.no\/rapport\/2015\/11\/nettverk-og-moteplasser-ledere-i-staten\">Nettverk og m\u00f8teplasser for ledere i staten <\/a><\/p>\n<p>Styring<\/p>\n<p><a href=\"https:\/\/files.nettsteder.regjeringen.no\/wpuploads01\/blogs.dir\/90\/files\/2015\/11\/Etatsstyring-i-praksis-En-kartlegging-av-departementenes-m\u00e5lstyring-av-underliggende-virksomheter.pdf\">Kartlegging av departementets m\u00e5lstyring av underliggende virksomheter<\/a><\/p>\n<p><a href=\"https:\/\/www.difi.no\/rapport\/2015\/10\/bruk-av-sektoranalyser-og-evalueringer-en-kartlegging\">Kartlegging av bruk av sektoranalyser og evalueringer<\/a><\/p>\n<p><a href=\"https:\/\/www.regjeringen.no\/no\/dokumenter\/veileder-i-etatsstyring\/id663223\/\">Veileder i etatsstyring<\/a><\/p>\n<p>Samordning<\/p>\n<p><a href=\"https:\/\/www.difi.no\/rapport\/2014\/11\/mot-alle-odds-veier-til-samordning-i-norsk-forvaltning\">Mot alle odds? Veier til samordning i norsk forvaltning<\/a><\/p>\n<p><a href=\"https:\/\/www.difi.no\/rapport\/2017\/01\/ikke-bare-padriver-om-utovelsen-av-kmds-samordningsroller\">Ikke bare p\u00e5driver&#8230; Om ut\u00f8velsen av KMDs samordningsroller<\/a><\/p>\n<p><a href=\"https:\/\/dfo.no\/Documents\/FOA\/publikasjoner\/veiledningsnotater\/170116%20Departementers%20styring%20av%20samarbeidsoppgaver.pdf\">Departementers styring av samarbeidsoppgaver som gis til underliggende virksomheter<\/a><\/p>\n<p><a href=\"https:\/\/www.difi.no\/rapport\/2017\/01\/laeringsnotat-2016-felles-problem-felles-losning-laerdommer-fra-0-24-samarbeidet\">L\u00e6rdomer fra 0-24-sammarbeidet<\/a><\/p>\n<p>Strategisk IKT<\/p>\n<p><a href=\"http:\/\/www.ramboll.no\/presse\/nyheter\/rno\/2015-06-12-it-i-praksis\">IT i praksis<\/a><\/p>\n<p><a href=\"https:\/\/www.difi.no\/rapporter-og-statistikk\/undersokelser\/nokkeltall-om-digitalisering\/status-digitalisering-i-offentlig-sektor\">N\u00f8kkeltall om digitalisering i offentlig sektor<\/a><\/p>\n<p><a href=\"https:\/\/www.difi.no\/sites\/difino\/files\/erfaringsrapport_digitaliseringsradet.pdf\">Erfaringsrapport fra digitaliseringsr\u00e5det<\/a><\/p>\n<p><a href=\"https:\/\/ec.europa.eu\/digital-single-market\/en\/news\/eu-egovernment-report-2016-shows-online-public-services-improved-unevenly\">eGovernment benchmark 2016<\/a><\/p>\n<p>Beslutningsgrunnlag<\/p>\n<p><a href=\"https:\/\/www.regjeringen.no\/no\/dokumenter\/instruks-om-utredning-av-statlige-tiltak-utredningsinstruksen\/id2476518\/\">Utredningsinstruksen med veileder<\/a><\/p>\n<p><a href=\"https:\/\/www.difi.no\/artikkel\/2012\/05\/graves-det-dypt-nok\">Graves det dypt nok?<\/a><\/p>\n<p>Generelt<\/p>\n<p><a href=\"https:\/\/www.regjeringen.no\/contentassets\/bb3dc76229c64735b4f6eb4dbfcdbfe8\/no\/pdfs\/nou201220120014000dddpdfs.pdf\">Rapport fra 22.juli-kommisjonen<\/a><\/p>\n<p><a href=\"https:\/\/www.regjeringen.no\/no\/aktuelt\/produktivitetskommisjonens-andre-rapport-omstilling-er-nodvendig\/id2475081\/\">Produktivitetskommisjonens andre rapport<\/a><\/p>\n<p><a href=\"https:\/\/www.difi.no\/rapport\/2016\/11\/noklene-til-handlingsrommet-hva-fremmer-og-hemmer-effektivisering-i-staten\">N\u00f8klene til handlingsrommet. Hva fremmer og hemmer effetivisering i staten<\/a><\/p>\n<p>For oversikt over flere rapporter<\/p>\n<p><a href=\"https:\/\/www.difi.no\/rapporter-og-statistikk\/rapporter\">DIFI<\/a><\/p>\n<p><a href=\"https:\/\/dfo.no\/fagomrader\/publikasjoner\/rapporter\/\">DF\u00d8<\/a><\/p><\/div><\/div>","protected":false},"excerpt":{"rendered":"<p>For \u00e5 f\u00e5 lettvint tilgang til kunnskapsgrunnlaget har vi n\u00e5 samlet alle relevante rapporter p\u00e5 et sted. Nedenfor vises en &#8230;<\/p>\n","protected":false},"author":306,"featured_media":0,"parent":0,"menu_order":0,"comment_status":"closed","ping_status":"closed","template":"","meta":{"_acf_changed":false,"footnotes":""},"class_list":["post-2181","page","type-page","status-publish","hentry"],"acf":[],"language":"nb-NO","_links":{"self":[{"href":"https:\/\/nettsteder.regjeringen.no\/bedrestyringogledelse\/wp-json\/wp\/v2\/pages\/2181","targetHints":{"allow":["GET"]}}],"collection":[{"href":"https:\/\/nettsteder.regjeringen.no\/bedrestyringogledelse\/wp-json\/wp\/v2\/pages"}],"about":[{"href":"https:\/\/nettsteder.regjeringen.no\/bedrestyringogledelse\/wp-json\/wp\/v2\/types\/page"}],"author":[{"embeddable":true,"href":"https:\/\/nettsteder.regjeringen.no\/bedrestyringogledelse\/wp-json\/wp\/v2\/users\/306"}],"replies":[{"embeddable":true,"href":"https:\/\/nettsteder.regjeringen.no\/bedrestyringogledelse\/wp-json\/wp\/v2\/comments?post=2181"}],"version-history":[{"count":11,"href":"https:\/\/nettsteder.regjeringen.no\/bedrestyringogledelse\/wp-json\/wp\/v2\/pages\/2181\/revisions"}],"predecessor-version":[{"id":3855,"href":"https:\/\/nettsteder.regjeringen.no\/bedrestyringogledelse\/wp-json\/wp\/v2\/pages\/2181\/revisions\/3855"}],"wp:attachment":[{"href":"https:\/\/nettsteder.regjeringen.no\/bedrestyringogledelse\/wp-json\/wp\/v2\/media?parent=2181"}],"curies":[{"name":"wp","href":"https:\/\/api.w.org\/{rel}","templated":true}]}}