{"id":15,"date":"2015-03-17T13:22:38","date_gmt":"2015-03-17T12:22:38","guid":{"rendered":"https:\/\/nettsteder.regjeringen.no\/bedrestyringistaten\/?page_id=15"},"modified":"2018-11-16T09:40:48","modified_gmt":"2018-11-16T08:40:48","slug":"om-programmet","status":"publish","type":"page","link":"https:\/\/nettsteder.regjeringen.no\/bedrestyringogledelse\/om-programmet\/","title":{"rendered":"Om programmet"},"content":{"rendered":"<div id=\"module-0\" class=\"hogan-module hogan-module-text hogan-module-0 text-wrap\"><div class=\"hogan-module-inner clearfix\"><p>Programmets form\u00e5l er \u00e5 sikre \u00f8kt resultatorientering og gjennomf\u00f8ringskraft i statsforvaltningen. Det har\u00a0alle ledere i staten som m\u00e5lgruppe, men har s\u00e6rskilt fokus p\u00e5 toppledergrupper.<\/p>\n<p>Programmet jobber langs fem utviklingsspor: bedre ledelse, bedre styring, \u00f8kt grad av samordning, mer strategisk bruk av IKT og bedre beslutningsunderlag.<\/p>\n<p>Programmet har igangsatt en rekke tiltak, som oppsummert skal sikre \u00f8kt kompetanse p\u00e5 kritiske omr\u00e5der hos lederne, samt bedre rammebetingelser for ut\u00f8velse av ledelse. Viktige tiltak i programmet er:<\/p>\n<ul>\n<li>En lederplakat for ledere i staten med tydelige krav og forventninger<\/li>\n<li>Utvikle og iverksette et systematisk og varig program for kompetansebygging og utvikling av ledere i sentralforvaltningen\n<ul>\n<li>Program for toppledergrupper<\/li>\n<li>Strategisk bruk av IKT for toppledere<\/li>\n<li>mm<\/li>\n<\/ul>\n<\/li>\n<li>Tiltak for bedre styringspraksis i departementenes styring av underliggende virksomheter<\/li>\n<li>Masterkurs i etatsstyring ved UiO<\/li>\n<li>Forskningsprogram om etatsstyringen<\/li>\n<li>Nytt kunnskapsgrunnlag for hvordan samordningen i sentralforvaltningen fungerer, og bistand til konkrete samordningsprosjekter<\/li>\n<li>Medfinansieringsordning og Digitaliseringsr\u00e5d for sm\u00e5 og mellomstore digitaliseringsprosjekter<\/li>\n<li>Forenkling av utredningsinstruksen og vurdering av mekanismer som kan sikre gode beslutningsgrunnlag for Regjeringen og Stortinget<\/li>\n<\/ul>\n<p>Hvis du \u00f8nsker mer informasjon om programmet, finner du relevante lenker nedenfor.<\/p>\n<p><a href=\"https:\/\/files.nettsteder.regjeringen.no\/wpuploads01\/blogs.dir\/90\/files\/2017\/02\/1.Resultater-og-gode-historier-fra-Program-for-bedre-styri449738.pptx\">Resultater og gode historier\u00a0fra program for bedre styring og ledelse i staten\u00a0(01.01.2017)<\/a><\/p>\n<p><a href=\"https:\/\/files.nettsteder.regjeringen.no\/wpuploads01\/blogs.dir\/90\/files\/2017\/02\/2.Presentasjon-av-helheten-i-Program-for-bedre-styring-og-449739.pptx\">Presentasjon av helheten i program for bedre styring og ledelse\u00a0(01.01.2017)<\/a><\/p>\n<p><a href=\"https:\/\/www.regjeringen.no\/contentassets\/52c1fb7d0429412891ac02ec69196c3b\/program_for_bedre_styring_og_ledelse_i_staten.pdf\" target=\"_blank\" rel=\"noopener noreferrer\">Brosjyre om program for bedre styring og ledelse i staten<\/a><\/p>\n<p><a href=\"https:\/\/files.nettsteder.regjeringen.no\/wpuploads01\/blogs.dir\/90\/files\/2017\/05\/Akt\u00f8roversikt05052017.xlsx\">Oversikt over deltakere i tiltak innenfor rammen av program for bedre styring og ledelse i staten (01.05.2017)<\/a><\/p>\n<p><a href=\"https:\/\/files.nettsteder.regjeringen.no\/wpuploads01\/blogs.dir\/90\/files\/2017\/01\/Kontaktpersoner-i-program-for-bedre-styring-og-ledelse-i-staten-1.2.2017.pptx\" target=\"_blank\" rel=\"noopener noreferrer\">Sentrale kontaktpersoner innenfor programmet (1.2.2017)<\/a><\/p>\n<p><a href=\"https:\/\/files.nettsteder.regjeringen.no\/wpuploads01\/blogs.dir\/90\/files\/2016\/03\/22032016Prinsipper-for-internkommunikasjon.ppt\" target=\"_blank\" rel=\"noopener noreferrer\">Prinsipper for internkommunikasjon i program for bedre styring og ledelse i staten (22.3.2016)<\/a><\/p>\n<p><a href=\"https:\/\/files.nettsteder.regjeringen.no\/wpuploads01\/blogs.dir\/90\/files\/2016\/03\/160322Kommunikasjonsplattform.docx\" target=\"_blank\" rel=\"noopener noreferrer\">Kommunikasjonsplattform for program for bedre styring og ledelse i staten (22.3.2016).\u00a0<\/a><\/p>\n<p><a href=\"https:\/\/files.nettsteder.regjeringen.no\/wpuploads01\/blogs.dir\/90\/files\/2018\/02\/Organisering-av-Program-for-bedre-styring-og-ledelse.pptx\"><span style=\"font-family: Arial;\">Organisering av program for bedre styring og ledelse i staten<\/span><\/a><\/p>\n<p><a href=\"https:\/\/files.nettsteder.regjeringen.no\/wpuploads01\/blogs.dir\/90\/files\/2018\/02\/M\u00e5lhierarki-for-Program-for-bedre-styring-og-ledelse.pptx\"><span style=\"font-family: Arial;\">M\u00e5lhierarki for program for bedre styring og ledelse i staten<\/span><\/a><\/p>\n<p>&nbsp;<\/p>\n<p>&nbsp;<\/p><\/div><\/div>","protected":false},"excerpt":{"rendered":"<p>Regjeringen vil vise tillit til ledere og styrke handlingsrommet. For \u00e5 sette statlige ledere bedre i stand til \u00e5 utnytte &#8230;<\/p>\n","protected":false},"author":306,"featured_media":0,"parent":0,"menu_order":0,"comment_status":"closed","ping_status":"closed","template":"","meta":{"_acf_changed":false,"footnotes":""},"class_list":["post-15","page","type-page","status-publish","hentry"],"acf":[],"language":"nb-NO","_links":{"self":[{"href":"https:\/\/nettsteder.regjeringen.no\/bedrestyringogledelse\/wp-json\/wp\/v2\/pages\/15","targetHints":{"allow":["GET"]}}],"collection":[{"href":"https:\/\/nettsteder.regjeringen.no\/bedrestyringogledelse\/wp-json\/wp\/v2\/pages"}],"about":[{"href":"https:\/\/nettsteder.regjeringen.no\/bedrestyringogledelse\/wp-json\/wp\/v2\/types\/page"}],"author":[{"embeddable":true,"href":"https:\/\/nettsteder.regjeringen.no\/bedrestyringogledelse\/wp-json\/wp\/v2\/users\/306"}],"replies":[{"embeddable":true,"href":"https:\/\/nettsteder.regjeringen.no\/bedrestyringogledelse\/wp-json\/wp\/v2\/comments?post=15"}],"version-history":[{"count":26,"href":"https:\/\/nettsteder.regjeringen.no\/bedrestyringogledelse\/wp-json\/wp\/v2\/pages\/15\/revisions"}],"predecessor-version":[{"id":3851,"href":"https:\/\/nettsteder.regjeringen.no\/bedrestyringogledelse\/wp-json\/wp\/v2\/pages\/15\/revisions\/3851"}],"wp:attachment":[{"href":"https:\/\/nettsteder.regjeringen.no\/bedrestyringogledelse\/wp-json\/wp\/v2\/media?parent=15"}],"curies":[{"name":"wp","href":"https:\/\/api.w.org\/{rel}","templated":true}]}}