{"id":143,"date":"2015-04-10T11:34:15","date_gmt":"2015-04-10T09:34:15","guid":{"rendered":"https:\/\/nettsteder.regjeringen.no\/bedrestyringistaten\/?page_id=143"},"modified":"2019-02-01T10:42:55","modified_gmt":"2019-02-01T09:42:55","slug":"tilbud-til-ledere","status":"publish","type":"page","link":"https:\/\/nettsteder.regjeringen.no\/bedrestyringogledelse\/tilbud-til-ledere\/","title":{"rendered":"Tilbud til ledere"},"content":{"rendered":"<div id=\"module-0\" class=\"hogan-module hogan-module-text hogan-module-0 text-wrap\"><div class=\"hogan-module-inner clearfix\"><p><strong>Kort om emnet<\/strong><\/p>\n<p>Studiet er et samlingsbasert videreutdanningstilbud p\u00e5 masterniv\u00e5 for deg som jobber med etatsstyring, det vil si departementenes styring av underliggende virksomheter.\u00a0Emnet er ment b\u00e5de for deg som jobber i et departement og for deg som jobber i direktorat eller annet underliggende statlig forvaltningsorgan.<\/p>\n<p>Studiet g\u00e5r over to semestre og har oppstart h\u00f8sten 2015.<\/p>\n<p><strong>Hva l\u00e6rer du?<\/strong><\/p>\n<p>Studiet vil gi deg et utvidet perspektiv p\u00e5 rollen etatsstyring spiller i det politisk- administrative systemet, s\u00e6rlig i Norge, men ogs\u00e5 i andre land. Med dette studiet vil du f\u00e5 styrket din evne til analyse, gjennomf\u00f8ring og forbedring av etatsstyring i egen arbeidshverdag.<\/p>\n<p>Emnet dekker etatsstyring fra konstituerende, strategisk og operativt perspektiv, og baseres p\u00e5 relevant forskningslitteratur, forelesninger fra forskere fra flere fagretninger, forelesninger fra praktikere, og seminarer der litteratur og forelesninger diskuteres opp mot deltakernes egne praktiske erfaringer, utfordringer og handlingsalternativer.<\/p>\n<p>Studiet er et faglig og \u00f8konomisk samarbeidsprosjekt mellom UiO og Finansdepartementet, og inng\u00e5r som et element i regjeringens program for <a href=\"https:\/\/www.regjeringen.no\/nb\/om_regjeringa\/solberg\/Regjeringens-satsingsomrader\/Regjeringens-satsingsomrader\/En-enklere-hverdag-for-folk-flest\/Bedre-styring-og-ledelse-i-staten\/id753124\/\">Bedre ledelse og styring i staten<\/a>. Deltagelse p\u00e5\u00a0emnet vil derfor v\u00e6re del av ditt departement eller din virksomhets oppf\u00f8lging av \u00abbedre styring og resultatorientering\u00bb, som er ett av programmets tiltaksomr\u00e5der.<\/p>\n<p>Innholdet i emnet\u00a0er utviklet i samr\u00e5d med en referansegruppe best\u00e5ende av Marianne Andreassen, direkt\u00f8r i L\u00e5nekassen; Eivind Dale, departementsr\u00e5d i Kommunal- og moderniseringsdepartementet; Svein Gjedrem, tidligere Finansr\u00e5d; Ellen Hambro, direkt\u00f8r for Milj\u00f8direktoratet; og ekspedisjonssjef Amund Noss; avdelingsdirekt\u00f8r Astri Tverst\u00f8l og avdelingsdirekt\u00f8r Knut Klepsvik, alle i Finansdepartementet.<\/p>\n<p>&nbsp;<\/p>\n<p>Les mer om emne p\u00e5 :\u00a0<a href=\"http:\/\/www.uio.no\/studier\/emner\/sv\/statsvitenskap\/STV4815V\/\">http:\/\/www.uio.no\/studier\/emner\/sv\/statsvitenskap\/STV4815V\/<\/a><\/p><\/div><\/div>","protected":false},"excerpt":{"rendered":"<p>Spennende kurs om etatsstyring mellom politikk og forvaltning<\/p>\n","protected":false},"author":306,"featured_media":0,"parent":0,"menu_order":0,"comment_status":"closed","ping_status":"closed","template":"","meta":{"_acf_changed":false,"footnotes":""},"class_list":["post-143","page","type-page","status-publish","hentry"],"acf":[],"language":"nb-NO","_links":{"self":[{"href":"https:\/\/nettsteder.regjeringen.no\/bedrestyringogledelse\/wp-json\/wp\/v2\/pages\/143","targetHints":{"allow":["GET"]}}],"collection":[{"href":"https:\/\/nettsteder.regjeringen.no\/bedrestyringogledelse\/wp-json\/wp\/v2\/pages"}],"about":[{"href":"https:\/\/nettsteder.regjeringen.no\/bedrestyringogledelse\/wp-json\/wp\/v2\/types\/page"}],"author":[{"embeddable":true,"href":"https:\/\/nettsteder.regjeringen.no\/bedrestyringogledelse\/wp-json\/wp\/v2\/users\/306"}],"replies":[{"embeddable":true,"href":"https:\/\/nettsteder.regjeringen.no\/bedrestyringogledelse\/wp-json\/wp\/v2\/comments?post=143"}],"version-history":[{"count":8,"href":"https:\/\/nettsteder.regjeringen.no\/bedrestyringogledelse\/wp-json\/wp\/v2\/pages\/143\/revisions"}],"predecessor-version":[{"id":3910,"href":"https:\/\/nettsteder.regjeringen.no\/bedrestyringogledelse\/wp-json\/wp\/v2\/pages\/143\/revisions\/3910"}],"wp:attachment":[{"href":"https:\/\/nettsteder.regjeringen.no\/bedrestyringogledelse\/wp-json\/wp\/v2\/media?parent=143"}],"curies":[{"name":"wp","href":"https:\/\/api.w.org\/{rel}","templated":true}]}}