{"id":390819,"date":"2023-11-16T08:58:32","date_gmt":"2023-11-16T07:58:32","guid":{"rendered":"https:\/\/nettsteder.regjeringen.no\/ansvarlignaringsliv2\/?page_id=390819"},"modified":"2023-12-12T12:56:47","modified_gmt":"2023-12-12T11:56:47","slug":"konferansen-om-ansvarlig-naeringsliv","status":"publish","type":"page","link":"https:\/\/nettsteder.regjeringen.no\/ansvarlignaringsliv2\/konferansen-om-ansvarlig-naeringsliv\/","title":{"rendered":"Konferansen om ansvarlig n\u00e6ringsliv"},"content":{"rendered":"<div id=\"module-0\" class=\"hogan-module hogan-module-banner hogan-module-0 hogan-banner-content-left hogan-module-width-full hogan-banner-theme-light-transparent hogan-banner-layout-full hogan-banner-text-left module-no-gap container-full-width\"><div class=\"hogan-module-inner banner-height-50 tagline-fontsize-20 heading-fontsize-48 content-fontsize-24\"><div class=\"hogan-banner\">\n\t<div class=\"hogan-banner-column hogan-banner-image hogan-banner-dim-image\">\n\t\t<img loading=\"lazy\" decoding=\"async\" width=\"2100\" height=\"547\" src=\"https:\/\/files.nettsteder.regjeringen.no\/wpuploads01\/sites\/263\/2023\/11\/UD_OECD_Webbanner_alt-2-2100x547.jpg\" class=\"attachment-browser-full-width size-browser-full-width\" alt=\"\" srcset=\"https:\/\/files.nettsteder.regjeringen.no\/wpuploads01\/sites\/263\/2023\/11\/UD_OECD_Webbanner_alt-2-2100x547.jpg 2100w, https:\/\/files.nettsteder.regjeringen.no\/wpuploads01\/sites\/263\/2023\/11\/UD_OECD_Webbanner_alt-2-300x78.jpg 300w, https:\/\/files.nettsteder.regjeringen.no\/wpuploads01\/sites\/263\/2023\/11\/UD_OECD_Webbanner_alt-2-1024x267.jpg 1024w, https:\/\/files.nettsteder.regjeringen.no\/wpuploads01\/sites\/263\/2023\/11\/UD_OECD_Webbanner_alt-2-768x200.jpg 768w, https:\/\/files.nettsteder.regjeringen.no\/wpuploads01\/sites\/263\/2023\/11\/UD_OECD_Webbanner_alt-2-1536x400.jpg 1536w, https:\/\/files.nettsteder.regjeringen.no\/wpuploads01\/sites\/263\/2023\/11\/UD_OECD_Webbanner_alt-2-2048x534.jpg 2048w, https:\/\/files.nettsteder.regjeringen.no\/wpuploads01\/sites\/263\/2023\/11\/UD_OECD_Webbanner_alt-2-1130x294.jpg 1130w, https:\/\/files.nettsteder.regjeringen.no\/wpuploads01\/sites\/263\/2023\/11\/UD_OECD_Webbanner_alt-2-1500x391.jpg 1500w, https:\/\/files.nettsteder.regjeringen.no\/wpuploads01\/sites\/263\/2023\/11\/UD_OECD_Webbanner_alt-2-400x104.jpg 400w, https:\/\/files.nettsteder.regjeringen.no\/wpuploads01\/sites\/263\/2023\/11\/UD_OECD_Webbanner_alt-2-800x208.jpg 800w, https:\/\/files.nettsteder.regjeringen.no\/wpuploads01\/sites\/263\/2023\/11\/UD_OECD_Webbanner_alt-2-1320x344.jpg 1320w\" sizes=\"auto, (max-width: 2100px) 100vw, 2100px\" \/>\t<\/div>\n\t\t\t<div class=\"hogan-banner-column hogan-banner-content\">\n\t\t\t<div class=\"hogan-banner-content-inner\">\n\t\t\t\t<div class=\"hogan-tagline\">14. desember, Munchmuseet<\/div><h2 class=\"hogan-heading\">Konferansen om ansvarlig n\u00e6ringsliv<\/h2><p>Klimaendringer, milj\u00f8utfordringer og en urolig verden. Hvordan opptre ansvarlig?<\/p>\n\t\t\t<\/div>\n\t\t<\/div>\n\t<\/div>\n<\/div><\/div><div id=\"module-1\" class=\"hogan-module hogan-module-content_grid hogan-module-1 module-no-gap module-bg container-full-width\"><div class=\"hogan-module-inner container columns-3\"><div class=\"hogan-content-grid\">\n\t\t<div class=\"hogan-grid-inner list-items\">\n\t\t\t\t\t<div class=\"hogan-content-grid-item list-item hogan-grid-item-type-text\">\n\t\t\t\t<h2><a href=\"https:\/\/nettsteder.regjeringen.no\/ansvarlignaringsliv2\/konferansen-om-ansvarlig-naeringsliv\/program-konferanse-ansvarlig-naeringsliv-14-desember\/\">Program<\/a><\/h2>\n\t\t\t<\/div>\n\t\t\t\t\t\t<div class=\"hogan-content-grid-item list-item hogan-grid-item-type-text\">\n\t\t\t\t<h2><a href=\"https:\/\/nettsteder.regjeringen.no\/ansvarlignaringsliv2\/konferansen-om-ansvarlig-naeringsliv\/pamelding\/\">P\u00e5melding<\/a><\/h2>\n\t\t\t<\/div>\n\t\t\t\t<\/div>\n<\/div>\n<\/div><\/div><div id=\"module-2\" class=\"hogan-module hogan-module-embed hogan-module-2 text-wrap\"><div class=\"wp-caption size-medium-full\"><div class=\"size-large-pull video\"><div class=\"img-flow \" style=\"padding-bottom: 56.25%;\"><iframe title=\"Konferansen om ansvarlig n\u00e6ringsliv\" src=\"https:\/\/video.regjeringen.no\/player24\/index.html?watch=57fc5cbb-c7e4-4255-9d37-58c0179f0166\" frameborder=\"0\" border=\"0\" scrolling=\"no\" mozallowfullscreen=\"1\" webkitallowfullscreen=\"1\" allowfullscreen=\"1\" allow=\"autoplay; fullscreen\"><\/iframe><\/div><\/div><\/div><\/div><div id=\"module-3\" class=\"hogan-module hogan-module-text hogan-module-3 text-wrap\"><div class=\"hogan-module-inner clearfix\"><h3>OECDs oppdaterte retningslinjer for ansvarlig n\u00e6ringsliv<\/h3>\n<h3><\/h3>\n<p>I en tid preget av utfordringer p\u00e5 tvers av landegrensene, har det aldri v\u00e6rt viktigere med ansvarlig forretningsdrift. Retningslinjene for ansvarlig n\u00e6ringsliv fra Organisasjonen for \u00f8konomisk samarbeid og utvikling (OECD) ble oppdatert i juni 2023. Retningslinjene er forventninger fra myndigheter og gir veiledning til bedrifter i \u00e5 h\u00e5ndtere v\u00e5r tids mest presserende utfordringer. Gjennomf\u00f8ringen av retningslinjene st\u00f8ttes av nasjonale kontaktpunkt, som er en unik mekanisme for \u00e5 fremme retningslinjene og behandle klager der det er en p\u00e5stand om at retningslinjene ikke er fulgt.<\/p>\n<p>Oppdateringen av retningslinjene har s\u00e6rlig bygget ut forventninger til selskaper n\u00e5r det gjelder milj\u00f8, klima og biologisk mangfold. Selskaper forventes n\u00e5 \u00e5 unng\u00e5 og h\u00e5ndtere negativ milj\u00f8p\u00e5virkning og klimagassutslipp og at arbeidet med dette skjer i samsvar med prinsipper og m\u00e5l i internasjonale avtaler, herunder globale temperaturm\u00e5l, og basert p\u00e5 best tilgjengelig vitenskap. Retningslinjene understreker behovet for en rettferdig omstilling. Det betyr at bedrifter m\u00e5 ta hensyn til menneskerettigheter og sosiale forhold i overgangen fra milj\u00f8skadelig praksis og til gr\u00f8nnere industrier eller praksis, som fornybar energi.<\/p>\n<p>Konferansen er organisert av N\u00e6rings- og fiskeridepartementet og Norges kontaktpunkt for ansvarlig n\u00e6ringsliv, i samarbeid med N\u00e6ringslivets Hovedorganisasjon (NHO) og Landsorganisasjonen (LO).<\/p>\n<p>Konferansen vil samle interessenter fra n\u00e6ringslivet og offentlig sektor, fagforeninger og arbeidstakerorganisasjoner, internasjonale organisasjoner, sivilsamfunnet, akademia og andre akt\u00f8rer for \u00e5 skape dialog, utveksle god praksis og fremme samarbeid om b\u00e6rekraftig forretningsdrift. Konferansen vil v\u00e6re en plattform for \u00e5 utforske l\u00f8sninger og strategier for \u00e5 fremme ansvarlig n\u00e6ringsliv i en verden i endring, basert p\u00e5 OECDs oppdaterte retningslinjer. Sammen vil vi dele kunnskap og stake ut kursen mot en mer b\u00e6rekraftig, ansvarlig og inkluderende fremtid, med fokus p\u00e5 f\u00f8lgende tema:<\/p>\n<ul>\n<li><em><strong>OECDs oppdaterte retningslinjer<\/strong><\/em>: Hva er nytt? Vi inviterer deltakerne til \u00e5 sette seg inn i de reviderte OECD-retningslinjene for ansvarlig n\u00e6ringsliv og forst\u00e5 hva de inneb\u00e6rer for n\u00e6ringslivet og ulike interessenter. Hvordan f\u00f8lge retningslinjene i en tid preget av global uro og geopolitiske endringer?<\/li>\n<li><em><strong>Klima, milj\u00f8 og biologisk mangfold<\/strong><\/em>: Retningslinjene anbefaler at bedrifter tilpasser seg internasjonale m\u00e5l n\u00e5r det gjelder klimaendringer og biologisk mangfold. Bedriftene b\u00f8r eliminere eller redusere utslipp og unng\u00e5 aktiviteter som undergraver klimatilpasning. Hvordan f\u00f8lge opp anbefalingene ikke bare i egen virksomhet, men i verdikjedene?<\/li>\n<li><em><strong>Rettferdig omstilling<\/strong><\/em>: De oppdaterte retningslinjene gir tydelige f\u00f8ringer om en rettferdig omstilling. Hvordan fremme menneskerettigheter i det gr\u00f8nne skiftet, ogs\u00e5 i arbeidet etter \u00e5penhetsloven og nye reguleringer fra EU? Hvordan kan anstendig arbeid og likestilling integreres bedre i egen virksomhet og leverand\u00f8roppf\u00f8lging?<\/li>\n<\/ul>\n<p>Bli med p\u00e5 \u00e5 forme fremtiden for ansvarlig n\u00e6ringsliv og en mer b\u00e6rekraftig og robust verden!<\/p><\/div><\/div>","protected":false},"excerpt":{"rendered":"<p>14. desember, MunchmuseetKonferansen om ansvarlig n\u00e6ringslivKlimaendringer, milj\u00f8utfordringer og en urolig verden. Hvordan opptre ansvarlig? Program P\u00e5melding OECDs oppdaterte retningslinjer for &#8230;<\/p>\n","protected":false},"author":2877,"featured_media":0,"parent":0,"menu_order":0,"comment_status":"closed","ping_status":"closed","template":"","meta":{"_acf_changed":false,"footnotes":""},"class_list":["post-390819","page","type-page","status-publish","hentry"],"acf":[],"language":"nb-NO","_links":{"self":[{"href":"https:\/\/nettsteder.regjeringen.no\/ansvarlignaringsliv2\/wp-json\/wp\/v2\/pages\/390819","targetHints":{"allow":["GET"]}}],"collection":[{"href":"https:\/\/nettsteder.regjeringen.no\/ansvarlignaringsliv2\/wp-json\/wp\/v2\/pages"}],"about":[{"href":"https:\/\/nettsteder.regjeringen.no\/ansvarlignaringsliv2\/wp-json\/wp\/v2\/types\/page"}],"author":[{"embeddable":true,"href":"https:\/\/nettsteder.regjeringen.no\/ansvarlignaringsliv2\/wp-json\/wp\/v2\/users\/2877"}],"replies":[{"embeddable":true,"href":"https:\/\/nettsteder.regjeringen.no\/ansvarlignaringsliv2\/wp-json\/wp\/v2\/comments?post=390819"}],"version-history":[{"count":5,"href":"https:\/\/nettsteder.regjeringen.no\/ansvarlignaringsliv2\/wp-json\/wp\/v2\/pages\/390819\/revisions"}],"predecessor-version":[{"id":391131,"href":"https:\/\/nettsteder.regjeringen.no\/ansvarlignaringsliv2\/wp-json\/wp\/v2\/pages\/390819\/revisions\/391131"}],"wp:attachment":[{"href":"https:\/\/nettsteder.regjeringen.no\/ansvarlignaringsliv2\/wp-json\/wp\/v2\/media?parent=390819"}],"curies":[{"name":"wp","href":"https:\/\/api.w.org\/{rel}","templated":true}]}}