{"id":204903,"date":"2017-11-12T22:10:45","date_gmt":"2017-11-12T21:10:45","guid":{"rendered":"https:\/\/nettsteder.regjeringen.no\/ansvarlignaringsliv-no\/?page_id=204903"},"modified":"2018-04-18T14:46:19","modified_gmt":"2018-04-18T12:46:19","slug":"2-veiledning-ansvarlig-naeringsliv","status":"publish","type":"page","link":"https:\/\/nettsteder.regjeringen.no\/ansvarlignaringsliv2\/2-veiledning-ansvarlig-naeringsliv\/","title":{"rendered":"Veiledning om ansvarlig n\u00e6ringsliv"},"content":{"rendered":"<div class=\"text-wrap post-content clearfix\"><h2>Samstemt veiledning om ansvarlig n\u00e6ringsliv<\/h2>\n<p><a href=\"https:\/\/www.regjeringen.no\/globalassets\/departementene\/ud\/vedlegg\/naringsliv\/ud_naeringsliv_og_menneske_uu-versjon2.pdf\">Regjeringens handlingsplan for n\u00e6ringsliv og menneskerettigheter<\/a> har som m\u00e5lsetting at selskaper som s\u00f8ker statlig \u00f8konomisk st\u00f8tte eller tjenester skal f\u00e5 god og samstemt informasjon og veiledning om samfunnsansvar og Regjeringens forventninger om \u00e5 respektere menneskerettighetene. P\u00e5 denne siden\u00a0finner du informasjon om offentlige akt\u00f8rer som gir st\u00f8tte til n\u00e6ringsfremme og deres veiledning om samfunnsansvar og menneskerettigheter.<\/p>\n<p><a href=\"https:\/\/files.nettsteder.regjeringen.no\/wpuploads01\/blogs.dir\/263\/files\/2017\/11\/LOGO-1.jpg\"><img loading=\"lazy\" decoding=\"async\" class=\"alignnone wp-image-204905 \" src=\"https:\/\/files.nettsteder.regjeringen.no\/wpuploads01\/blogs.dir\/263\/files\/2017\/11\/LOGO-1.jpg\" alt=\"\" width=\"675\" height=\"391\" \/><\/a><\/p>\n<h4>Regjeringen forventer at alle norske selskaper tar samfunnsansvar<\/h4>\n<p><a href=\"https:\/\/www.regjeringen.no\/no\/tema\/utenrikssaker\/naringslivssamarbeid-i-utlandet\/innsikt\/naringslivets_samfunnsansvar\/id2076260\/\">Samfunnsansvar<\/a> omfatter en rekke ulike saksomr\u00e5der knyttet til hvordan selskapers virksomhet p\u00e5virker mennesker, samfunn og milj\u00f8, herunder menneskerettigheter, arbeidstakerrettigheter, klima og milj\u00f8, antikorrupsjon og \u00e5penhet. Dette sl\u00e5s fast bl.a. i<a href=\"https:\/\/www.regjeringen.no\/no\/dokumenter\/Meld-St-27-20132014\/id763968\/?ch=1&amp;q=\"> Regjeringens eierskapsmelding<\/a>.<\/p>\n<h4>Her kan du f\u00e5 veiledning om f\u00f8lgende:<\/h4>\n<ul>\n<li>Offentlige akt\u00f8rer som gir st\u00f8tte til n\u00e6ringsfremme og gir veiledning om samfunnsansvar og menneskerettigheter<\/li>\n<li>Kort om akt\u00f8ren og dens form\u00e5l<\/li>\n<li>Informasjon om st\u00f8tteordninger<\/li>\n<li><a href=\"https:\/\/www.regjeringen.no\/no\/tema\/utenrikssaker\/naringslivssamarbeid-i-utlandet\/innsikt\/forventninger_retningslinjer\/id2076270\/\">Forventinger og krav til ansvarlig n\u00e6ringsliv<\/a>, inkludert respekt for menneskerettigheter<\/li>\n<\/ul>\n<h4>Internasjonale standarder<\/h4>\n<p><a href=\"https:\/\/www.regjeringen.no\/globalassets\/departementene\/ud\/vedlegg\/naringsliv\/ud_naeringsliv_og_menneske_uu-versjon2.pdf\">Regjeringens handlingsplan for n\u00e6ringsliv og menneskerettigheter <\/a>viser til <a href=\"http:\/\/www.ohchr.org\/Documents\/Publications\/GuidingPrinciplesBusinessHR_EN.pdf\">FNs veiledende prinsipper (UNGP)<\/a> som sl\u00e5r fast at n\u00e6ringslivet har et selvstendig ansvar for \u00e5 respektere menneskerettighetene, gjennom \u00e5 ha en offentlig kjent strategi eller policy, ved \u00e5\u00a0gjennomf\u00f8re\u00a0og f\u00f8lge opp aktsomhetsvurderinger,\u00a0og gjennom \u00e5 bidra til at de som ber\u00f8res av selskapets aktiviteter konsulteres og f\u00e5r mulighet til \u00e5 klage. Regjeringen forventer at norske selskaper gj\u00f8r seg kjent med FNs veiledende prinsipper og <a href=\"http:\/\/mneguidelines.oecd.org\/guidelines\/\">OECDs retningslinjer for flernasjonale selskaper<\/a>,kartlegger risiko p\u00e5 menneskerettighetsomr\u00e5det og utviser aktsomhet. <a href=\"https:\/\/files.nettsteder.regjeringen.no\/wpuploads01\/blogs.dir\/263\/files\/2017\/04\/Fig03_fem-steg_med-bakgrunn-1.png\">Les mer om aktsomhetsvurderinger her<\/a>.<\/p>\n<h4>Offentlige akt\u00f8rer med st\u00f8tteordninger til n\u00e6ringsfremme:<\/h4>\n<p>Handlingsplanen viser til forutsetninger for offentlig st\u00f8tte til n\u00e6ringsfremme og n\u00e6ringsutvikling. F\u00f8lgende offentlige akt\u00f8rer gir n\u00e6ringslivsst\u00f8tte og veiledning om samfunnsansvar:<\/p>\n<ul>\n<li><a href=\"https:\/\/nettsteder.regjeringen.no\/ansvarlignaringsliv2\/veiledning-om-ansvarlig-naeringsliv\/giek\/\">Garantiinstituttet for Eksportkreditt (GIEK)<\/a><\/li>\n<li><a href=\"https:\/\/nettsteder.regjeringen.no\/ansvarlignaringsliv2\/veiledning-om-ansvarlig-naeringsliv\/eksportkreditt\/\">Eksportkreditt Norge AS<\/a><\/li>\n<li><a href=\"https:\/\/nettsteder.regjeringen.no\/ansvarlignaringsliv2\/veiledning-om-ansvarlig-naeringsliv\/innovasjon-norge\/\">Innovasjon Norge<\/a><\/li>\n<li><a href=\"https:\/\/nettsteder.regjeringen.no\/ansvarlignaringsliv2\/veiledning-om-ansvarlig-naeringsliv\/norad\/\">Norad \u2013 st\u00f8tte til\u00a0n\u00e6ringsutvikling<\/a><\/li>\n<li><a href=\"https:\/\/www.regjeringen.no\/no\/tema\/utenrikssaker\/naringslivssamarbeid-i-utlandet\/id115257\/\">Utenriksdepartementet \u2013 n\u00e6ringslivssamarbeid i utlandet <\/a><\/li>\n<li><a href=\"https:\/\/nettsteder.regjeringen.no\/ansvarlignaringsliv2\/veiledning-om-ansvarlig-naeringsliv\/norfund\/\">Norfund<\/a><\/li>\n<li><a href=\"https:\/\/nettsteder.regjeringen.no\/ansvarlignaringsliv2\/?page_id=204225&amp;preview=true\">Forskningsr\u00e5det<\/a><\/li>\n<\/ul>\n<\/div>","protected":false},"excerpt":{"rendered":"<p>Samstemt veiledning om ansvarlig n\u00e6ringsliv Regjeringens handlingsplan for n\u00e6ringsliv og menneskerettigheter har som m\u00e5lsetting at selskaper som s\u00f8ker statlig \u00f8konomisk &#8230;<\/p>\n","protected":false},"author":543,"featured_media":0,"parent":0,"menu_order":0,"comment_status":"closed","ping_status":"closed","template":"","meta":{"_acf_changed":false,"footnotes":""},"class_list":["post-204903","page","type-page","status-publish","hentry"],"acf":[],"language":"nb-NO","_links":{"self":[{"href":"https:\/\/nettsteder.regjeringen.no\/ansvarlignaringsliv2\/wp-json\/wp\/v2\/pages\/204903","targetHints":{"allow":["GET"]}}],"collection":[{"href":"https:\/\/nettsteder.regjeringen.no\/ansvarlignaringsliv2\/wp-json\/wp\/v2\/pages"}],"about":[{"href":"https:\/\/nettsteder.regjeringen.no\/ansvarlignaringsliv2\/wp-json\/wp\/v2\/types\/page"}],"author":[{"embeddable":true,"href":"https:\/\/nettsteder.regjeringen.no\/ansvarlignaringsliv2\/wp-json\/wp\/v2\/users\/543"}],"replies":[{"embeddable":true,"href":"https:\/\/nettsteder.regjeringen.no\/ansvarlignaringsliv2\/wp-json\/wp\/v2\/comments?post=204903"}],"version-history":[{"count":1,"href":"https:\/\/nettsteder.regjeringen.no\/ansvarlignaringsliv2\/wp-json\/wp\/v2\/pages\/204903\/revisions"}],"predecessor-version":[{"id":206707,"href":"https:\/\/nettsteder.regjeringen.no\/ansvarlignaringsliv2\/wp-json\/wp\/v2\/pages\/204903\/revisions\/206707"}],"wp:attachment":[{"href":"https:\/\/nettsteder.regjeringen.no\/ansvarlignaringsliv2\/wp-json\/wp\/v2\/media?parent=204903"}],"curies":[{"name":"wp","href":"https:\/\/api.w.org\/{rel}","templated":true}]}}