{"id":204225,"date":"2017-11-12T21:56:32","date_gmt":"2017-11-12T20:56:32","guid":{"rendered":"https:\/\/nettsteder.regjeringen.no\/ansvarlignaringsliv-no\/?page_id=204225"},"modified":"2019-02-14T12:52:11","modified_gmt":"2019-02-14T11:52:11","slug":"forskningsradet","status":"publish","type":"page","link":"https:\/\/nettsteder.regjeringen.no\/ansvarlignaringsliv2\/2-veiledning-ansvarlig-naeringsliv\/forskningsradet\/","title":{"rendered":"Forskningsr\u00e5det"},"content":{"rendered":"<div id=\"module-0\" class=\"hogan-module hogan-module-text hogan-module-0 text-wrap\"><div class=\"hogan-module-inner clearfix\"><p><img decoding=\"async\" class=\"aligncenter\" src=\"http:\/\/harek.forskningsradet.no\/images\/logo\/FR_logo_Bm_rgb.png\" \/><\/p>\n<div class=\"table-wrap\"><table width=\"454\">\n<tbody>\n<tr>\n<td><strong>Kort informasjon om akt\u00f8ren<\/strong><\/td>\n<td>Norges forskningsr\u00e5d er myndighetenes sentrale r\u00e5dgiver i forskningspolitiske sp\u00f8rsm\u00e5l, og fordeler \u00e5rlig midler til forskning og innovasjon. Forskningsr\u00e5det arbeider for \u00f8kt internasjonalt samarbeid og \u00f8kt deltakelse i EUs forskings- og innovasjonsprogram. Forskningsr\u00e5det skaper m\u00f8teplasser for og dialog mellom forskere, brukere av forskning og akt\u00f8rer som finansierer forskning.<\/p>\n<p>Forskningsr\u00e5dets hovedstrategi for 2015-2020, <em><a href=\"https:\/\/www.forskningsradet.no\/no\/Publikasjon\/Forskning_for_innovasjon_og_berekraft\/1254008004274?lang=no\">Forskning for innovasjon og b\u00e6rekraft<\/a><\/em>, tar utgangspunkt i to overordnede samfunnsutfordringer: Samfunnet m\u00e5 bli mer innovativt, b\u00e5de i privat og offentlig sektor, og mer b\u00e6rekraftig p\u00e5 alle omr\u00e5der. Forskningsr\u00e5dets b\u00e6rekraftstrategi synliggj\u00f8r hvordan R\u00e5det vil f\u00f8lge opp b\u00e6rekraftsagendaen og bidra til \u00e5 n\u00e5 FNs b\u00e6rekraftsm\u00e5l.<\/p>\n<p>Et sentralt m\u00e5l for Forskningsr\u00e5det er \u00e5 bidra til \u00f8kt verdiskaping i n\u00e6ringslivet. Dette skal skje gjennom \u00e5 styrke evnen til omstilling i norsk \u00f8konomi, \u00f8ke konkurranseevnen i nytt og eksisterende n\u00e6ringsliv, og bedre kunnskapsoverf\u00f8ringen mellom FoU-institusjoner og n\u00e6ringsliv.<\/td>\n<\/tr>\n<tr>\n<td><strong>M\u00e5lgruppe<\/strong><\/td>\n<td>Forskningsmidlene som blir fordelt via konkurransearenaene til Forskningsr\u00e5det, kan g\u00e5 til kvalifiserte forskningsmilj\u00f8er, bedrifter og offentlige virksomheter. Aksjonsomr\u00e5det er b\u00e5de regionalt, nasjonalt og internasjonalt. Forskningsr\u00e5det har ansvar for alle fag- og disiplinomr\u00e5der og alle tema- og samfunnsomr\u00e5der, alt fra grunnleggende forsking til forskningsbasert innovasjon og kommersialisering.<\/td>\n<\/tr>\n<tr>\n<td><strong>Hva slags krav og forventinger stilles om ansvarlighet<\/strong><\/td>\n<td>N\u00e5r programmer og aktiviteter i Forskningsr\u00e5det lyser ut midler, bruker de standardiserte s\u00f8knadstyper. Den viktigste s\u00f8knadstypen for bedrifter er Innovasjonsprosjekter i n\u00e6ringslivet. Form\u00e5let med prosjektene er \u00e5 utl\u00f8se FoU-aktivitet i n\u00e6ringslivet som spesielt bidrar til innovasjon og b\u00e6rekraftig verdiskaping.<\/p>\n<p>Prosjekter finansiert av Forskningsr\u00e5det skal holde h\u00f8y forskningsetisk standard og f\u00f8lge grunnleggende prinsipper for forsker-, forskningsetikk og forskningsskikk. Forskningsinstitusjonene skal sikre at forskningen deres skjer i henhold til anerkjente <a href=\"https:\/\/www.etikkom.no\/forskningsetiske-retningslinjer\/\">forskningsetiske normer<\/a>. For en konkretisering viser Forskningsr\u00e5det til De nasjonale forskningsetiske komiteenes generelle og fag-\/temaspesifikke forskningsetiske retningslinjer, samt The European Code of Conduct for Research Integrity \u2013 report from Science Europe.<\/p>\n<p>De nasjonale forskningsetiske komiteenes generelle etiske retningslinjer har et eget punkt om samfunnsansvar. Her framg\u00e5r det at forskere har et selv\u00adstendig ansvar for at forskningen vil kunne komme forskningsdeltakere, relevante grupper eller samfunnet til gode, og for \u00e5 unng\u00e5 at den gj\u00f8r skade. Beslutninger om forskning skal ta hensyn til kunnskap om at utvikling av et forskningsfelt kan f\u00f8re til etisk uakseptable konsekvenser for enkelt\u00admennesker, dyr, samfunn eller milj\u00f8.<\/p>\n<p>N\u00e5r programmer og aktiviteter i Forskningsr\u00e5det lyser ut midler, bruker de standardiserte s\u00f8knadstyper. Den viktigste s\u00f8knadstypen for bedrifter er Innovasjonsprosjekter i n\u00e6ringslivet. Form\u00e5let med prosjektene er \u00e5 utl\u00f8se FoU-aktivitet i n\u00e6ringslivet som spesielt bidrar til innovasjon og b\u00e6rekraftig verdiskaping. I s\u00f8knader om innovasjonsprosjekter i n\u00e6ringslivet skal s\u00f8keren i prosjektbeskrivelsen redegj\u00f8re for etikk, milj\u00f8konsekvenser og samfunns\u00f8konomisk nytte utover nytten for bedriftspartnerne.<\/p>\n<p>Enkelte aktiviteter i Forskningsr\u00e5det arbeider proaktivt med \u00e5 fremme ansvarlig forskning og innovasjon (RRI, Responsible Research and Innovation). Dette gj\u00f8res blant annet i de store teknologiprogrammene innenfor bioteknologi, nanoteknologi og IKT. RRI er ogs\u00e5 en viktig dimensjon i EUs rammeprogram for forskning, Horisont 2020.<\/p>\n<p><a href=\"https:\/\/www.forskningsradet.no\/no\/Publikasjon\/Forskning_for_berekraftig_samfunns_og_neringsutvikling\/1254027887308?lang=no\">Forskningsr\u00e5dets strategi for b\u00e6rekraft (2017)<\/a> sl\u00e5r fast at Forskningsr\u00e5det vil ta i bruk b\u00e6rekraft som en dimensjon under vurderingen av prosjekts\u00f8knader p\u00e5 relevante omr\u00e5der.<\/p>\n<p>Prosjekter som f\u00e5r bevilgninger fra Forskningsr\u00e5det f\u00f8lges opp gjennom framdrifts- og sluttrapportering. Forskningsr\u00e5dets generelle kontraktsvilk\u00e5r sl\u00e5r fast at prosjektansvarlig plikter \u00e5 f\u00f8lge gjeldende lover og forskrifter, annen offentlig regulering, etiske retningslinjer, samt anerkjente kvalitetsstandarder og normer for god forskningsskikk.<\/td>\n<\/tr>\n<tr>\n<td><strong>Forventninger om standarder for ansvarlig n\u00e6ringsliv<\/strong><\/td>\n<td>\n<ul>\n<li><a href=\"https:\/\/www.etikkom.no\/forskningsetiske-retningslinjer\/\">De nasjonale forskningsetiske komiteenes generelle og fag-\/temaspesifikke forskningsetiske retningslinjer<\/a><\/li>\n<li><a href=\"https:\/\/ec.europa.eu\/research\/participants\/data\/ref\/h2020\/other\/hi\/h2020-ethics_code-of-conduct_en.pdf\">The European Code of Conduct for Research Integrity \u2013 report from Science Europe<\/a><\/li>\n<\/ul>\n<\/td>\n<\/tr>\n<tr>\n<td><strong>Nettside med mer informasjon<\/strong><\/td>\n<td><a href=\"https:\/\/www.forskningsradet.no\/no\/Neringsliv\/1254012893653\">Forskningsr\u00e5dets nettside.<\/a><\/td>\n<\/tr>\n<\/tbody>\n<\/table><\/div>\n<p>&nbsp;<\/p>\n<p>&nbsp;<\/p>\n<p>&nbsp;<\/p><\/div><\/div>","protected":false},"excerpt":{"rendered":"<p>Kort informasjon om akt\u00f8ren Norges forskningsr\u00e5d er myndighetenes sentrale r\u00e5dgiver i forskningspolitiske sp\u00f8rsm\u00e5l, og fordeler \u00e5rlig midler til forskning og &#8230;<\/p>\n","protected":false},"author":543,"featured_media":0,"parent":204903,"menu_order":0,"comment_status":"closed","ping_status":"closed","template":"","meta":{"_acf_changed":false,"footnotes":""},"class_list":["post-204225","page","type-page","status-publish","hentry"],"acf":[],"language":"nb-NO","_links":{"self":[{"href":"https:\/\/nettsteder.regjeringen.no\/ansvarlignaringsliv2\/wp-json\/wp\/v2\/pages\/204225","targetHints":{"allow":["GET"]}}],"collection":[{"href":"https:\/\/nettsteder.regjeringen.no\/ansvarlignaringsliv2\/wp-json\/wp\/v2\/pages"}],"about":[{"href":"https:\/\/nettsteder.regjeringen.no\/ansvarlignaringsliv2\/wp-json\/wp\/v2\/types\/page"}],"author":[{"embeddable":true,"href":"https:\/\/nettsteder.regjeringen.no\/ansvarlignaringsliv2\/wp-json\/wp\/v2\/users\/543"}],"replies":[{"embeddable":true,"href":"https:\/\/nettsteder.regjeringen.no\/ansvarlignaringsliv2\/wp-json\/wp\/v2\/comments?post=204225"}],"version-history":[{"count":3,"href":"https:\/\/nettsteder.regjeringen.no\/ansvarlignaringsliv2\/wp-json\/wp\/v2\/pages\/204225\/revisions"}],"predecessor-version":[{"id":375107,"href":"https:\/\/nettsteder.regjeringen.no\/ansvarlignaringsliv2\/wp-json\/wp\/v2\/pages\/204225\/revisions\/375107"}],"up":[{"embeddable":true,"href":"https:\/\/nettsteder.regjeringen.no\/ansvarlignaringsliv2\/wp-json\/wp\/v2\/pages\/204903"}],"wp:attachment":[{"href":"https:\/\/nettsteder.regjeringen.no\/ansvarlignaringsliv2\/wp-json\/wp\/v2\/media?parent=204225"}],"curies":[{"name":"wp","href":"https:\/\/api.w.org\/{rel}","templated":true}]}}