{"id":9,"date":"2022-06-23T08:50:26","date_gmt":"2022-06-23T06:50:26","guid":{"rendered":"https:\/\/nettsteder.regjeringen.no\/abortutvalget\/?page_id=9"},"modified":"2023-11-22T17:45:07","modified_gmt":"2023-11-22T16:45:07","slug":"medlemmer","status":"publish","type":"page","link":"https:\/\/nettsteder.regjeringen.no\/abortutvalget\/medlemmer\/","title":{"rendered":"Medlemmer"},"content":{"rendered":"<ul class=\"wp-block-dss-people\">\n<li class=\"wp-block-dss-person\">\t<div class=\"dss-person-image\">\n\t\t<figure>\n\t\t\t<img loading=\"lazy\" decoding=\"async\" width=\"250\" height=\"188\" src=\"https:\/\/files.nettsteder.regjeringen.no\/wpuploads01\/sites\/512\/2023\/01\/kari-scaled.jpg\" class=\"attachment-250x250 size-250x250\" alt=\"\" srcset=\"https:\/\/files.nettsteder.regjeringen.no\/wpuploads01\/sites\/512\/2023\/01\/kari-scaled.jpg 2560w, https:\/\/files.nettsteder.regjeringen.no\/wpuploads01\/sites\/512\/2023\/01\/kari-300x225.jpg 300w, https:\/\/files.nettsteder.regjeringen.no\/wpuploads01\/sites\/512\/2023\/01\/kari-1024x768.jpg 1024w, https:\/\/files.nettsteder.regjeringen.no\/wpuploads01\/sites\/512\/2023\/01\/kari-768x576.jpg 768w, https:\/\/files.nettsteder.regjeringen.no\/wpuploads01\/sites\/512\/2023\/01\/kari-1536x1152.jpg 1536w, https:\/\/files.nettsteder.regjeringen.no\/wpuploads01\/sites\/512\/2023\/01\/kari-2048x1536.jpg 2048w\" sizes=\"auto, (max-width: 250px) 100vw, 250px\" \/>\t\t<\/figure>\n\t<\/div>\n\t<div class=\"dss-person-content\">\n\t\t<h3 class=\"dss-person-name\">Kari S\u00f8nderland, Oslo<\/h3><p class=\"dss-person-position\">Utvalgsleder<\/p><p class=\"dss-person-content\">Kari er utdannet jurist og har jobbet mange \u00e5r i helseforvaltningen i ulike funksjoner. Fra januar 2002 til februar 2022 var hun ekspedisjonssjef i Helse- og omsorgsdepartementet og ledet Helserettsavdelingen. Hun hadde da det overordnede, administrative ansvaret for helselovene, herunder abortloven. Hun har tidligere blant annet ledet juridisk avdeling i Helsetilsynet.<br>I tillegg til \u00e5 lede Abortutvalget har hun sittet i Sykehusutvalget. Fra februar 2023 underviser hun i helserett for LIS-studenter (Leger i spesialisering). Hun er medlem av Bioteknologir\u00e5det (2019-2023).<\/p>\t<\/div>\n\t<\/li>\n\n<li class=\"wp-block-dss-person\">\t<div class=\"dss-person-image\">\n\t\t<figure>\n\t\t\t<img loading=\"lazy\" decoding=\"async\" width=\"200\" height=\"250\" src=\"https:\/\/files.nettsteder.regjeringen.no\/wpuploads01\/sites\/512\/2023\/01\/elham-scaled.jpg\" class=\"attachment-250x250 size-250x250\" alt=\"\" srcset=\"https:\/\/files.nettsteder.regjeringen.no\/wpuploads01\/sites\/512\/2023\/01\/elham-scaled.jpg 2048w, https:\/\/files.nettsteder.regjeringen.no\/wpuploads01\/sites\/512\/2023\/01\/elham-240x300.jpg 240w, https:\/\/files.nettsteder.regjeringen.no\/wpuploads01\/sites\/512\/2023\/01\/elham-819x1024.jpg 819w, https:\/\/files.nettsteder.regjeringen.no\/wpuploads01\/sites\/512\/2023\/01\/elham-768x960.jpg 768w, https:\/\/files.nettsteder.regjeringen.no\/wpuploads01\/sites\/512\/2023\/01\/elham-1229x1536.jpg 1229w, https:\/\/files.nettsteder.regjeringen.no\/wpuploads01\/sites\/512\/2023\/01\/elham-1638x2048.jpg 1638w\" sizes=\"auto, (max-width: 200px) 100vw, 200px\" \/>\t\t<\/figure>\n\t<\/div>\n\t<div class=\"dss-person-content\">\n\t\t<h3 class=\"dss-person-name\">Elham Baghestan, Bergen<\/h3><p class=\"dss-person-position\">Utvalgsmedlem<\/p><p class=\"dss-person-content\">Elham  er spesialist i f\u00f8dselshjelp og kvinnesykdommer og jobber  som seksjonsoverlege ved f\u00f8deavdelingen, Kvinneklinikken i Bergen og som f\u00f8rsteamanuensis ved universitetet i Bergen ved K2 instituttet. Hun disputerte i 2012 med epidemiologisk studie p\u00e5 obstetriske sfinkterskader i Norge. Hun jobber med forskningsprosjekter med spesielt fokus p\u00e5 bekkenbunnsskader, f\u00f8dsels- og svangerskapskomplikasjoner og epidemiologi.\u00a0<\/p>\t<\/div>\n\t<\/li>\n\n<li class=\"wp-block-dss-person\">\t<div class=\"dss-person-image\">\n\t\t<figure>\n\t\t\t<img loading=\"lazy\" decoding=\"async\" width=\"250\" height=\"131\" src=\"https:\/\/files.nettsteder.regjeringen.no\/wpuploads01\/sites\/512\/2023\/01\/Tilde.jpg\" class=\"attachment-250x250 size-250x250\" alt=\"\" srcset=\"https:\/\/files.nettsteder.regjeringen.no\/wpuploads01\/sites\/512\/2023\/01\/Tilde.jpg 1200w, https:\/\/files.nettsteder.regjeringen.no\/wpuploads01\/sites\/512\/2023\/01\/Tilde-300x158.jpg 300w, https:\/\/files.nettsteder.regjeringen.no\/wpuploads01\/sites\/512\/2023\/01\/Tilde-1024x538.jpg 1024w, https:\/\/files.nettsteder.regjeringen.no\/wpuploads01\/sites\/512\/2023\/01\/Tilde-768x403.jpg 768w\" sizes=\"auto, (max-width: 250px) 100vw, 250px\" \/>\t\t<\/figure>\n\t<\/div>\n\t<div class=\"dss-person-content\">\n\t\t<h3 class=\"dss-person-name\">Tilde Broch \u00d8stborg, Stavanger<\/h3><p class=\"dss-person-position\">Utvalgsmedlem<\/p><p class=\"dss-person-content\">Tilde Broch \u00d8stborg er spesialist i f\u00f8dselshjelp og kvinnesykdommer og jobber som overlege ved Stavanger universitetsjukehus. Hun er ph.d.-kandidat ved Universitetet i Bergen og er ogs\u00e5 medlem i R\u00e5det for legeetikk.<\/p>\t<\/div>\n\t<\/li>\n\n<li class=\"wp-block-dss-person\">\t<div class=\"dss-person-image\">\n\t\t<figure>\n\t\t\t<img loading=\"lazy\" decoding=\"async\" width=\"181\" height=\"250\" src=\"https:\/\/files.nettsteder.regjeringen.no\/wpuploads01\/sites\/512\/2023\/01\/Birgitte.jpg\" class=\"attachment-250x250 size-250x250\" alt=\"\" srcset=\"https:\/\/files.nettsteder.regjeringen.no\/wpuploads01\/sites\/512\/2023\/01\/Birgitte.jpg 1535w, https:\/\/files.nettsteder.regjeringen.no\/wpuploads01\/sites\/512\/2023\/01\/Birgitte-217x300.jpg 217w, https:\/\/files.nettsteder.regjeringen.no\/wpuploads01\/sites\/512\/2023\/01\/Birgitte-739x1024.jpg 739w, https:\/\/files.nettsteder.regjeringen.no\/wpuploads01\/sites\/512\/2023\/01\/Birgitte-768x1064.jpg 768w, https:\/\/files.nettsteder.regjeringen.no\/wpuploads01\/sites\/512\/2023\/01\/Birgitte-1109x1536.jpg 1109w, https:\/\/files.nettsteder.regjeringen.no\/wpuploads01\/sites\/512\/2023\/01\/Birgitte-1479x2048.jpg 1479w\" sizes=\"auto, (max-width: 181px) 100vw, 181px\" \/>\t\t<\/figure>\n\t<\/div>\n\t<div class=\"dss-person-content\">\n\t\t<h3 class=\"dss-person-name\">Birgitte Heiberg Kahrs, Trondheim<\/h3><p class=\"dss-person-position\">Utvalgsmedlem<\/p><p class=\"dss-person-content\">Birgitte er spesialist i f\u00f8dselshjelp og kvinnesykdommer med ekstra kompetanse i fostermedisin og er f\u00f8rsteamanuensis ved Institutt for klinisk og molekyl\u00e6r medisin ved NTNU. Hun har disputert i 2020 p\u00e5 temaet ultralyd under f\u00f8dsel. Hun jobber som Gynekolog p\u00e5 Spiren fertilitetsklinikk og har tidligere jobbet ved St. Olavs Hospital.<br><\/p>\t<\/div>\n\t<\/li>\n\n<li class=\"wp-block-dss-person\">\t<div class=\"dss-person-image\">\n\t\t<figure>\n\t\t\t<img loading=\"lazy\" decoding=\"async\" width=\"210\" height=\"250\" src=\"https:\/\/files.nettsteder.regjeringen.no\/wpuploads01\/sites\/512\/2023\/01\/Kristin.jpg\" class=\"attachment-250x250 size-250x250\" alt=\"\" srcset=\"https:\/\/files.nettsteder.regjeringen.no\/wpuploads01\/sites\/512\/2023\/01\/Kristin.jpg 458w, https:\/\/files.nettsteder.regjeringen.no\/wpuploads01\/sites\/512\/2023\/01\/Kristin-252x300.jpg 252w\" sizes=\"auto, (max-width: 210px) 100vw, 210px\" \/>\t\t<\/figure>\n\t<\/div>\n\t<div class=\"dss-person-content\">\n\t\t<h3 class=\"dss-person-name\">Kristin Holanger Bodenstein, Arendal<\/h3><p class=\"dss-person-position\">Utvalgsmedlem<\/p><p class=\"dss-person-content\">Kristin er sykepleier og jordmor med tillitsvalgts- og lederkompetanse.\u00a0Hun jobber n\u00e5 i Grimstad kommune som avdelingsleder for helsesykepleier- og jordmortjenesten. Hun har jobbet ved Gynekologisk avdeling-, F\u00f8de\/OBS-, Kirurgisk poliklinikk- og \u00d8NH ved Rikshospitalet, og som enhetsleder for Svangerskap og Barsel, OUS Rikshospitalet.\u00a0Kristin har tidligere v\u00e6rt nestleder i Jordmorforbundet NSF og seniorr\u00e5dgiver i Fag-  og helsepolitisk avdeling i NSF. Hun har ogs\u00e5 v\u00e6rt medlem i Nasjonal referansegruppe for fosteroverv\u00e5kning.\u00a0<br><\/p>\t<\/div>\n\t<\/li>\n\n<li class=\"wp-block-dss-person\">\t<div class=\"dss-person-image\">\n\t\t<figure>\n\t\t\t<img loading=\"lazy\" decoding=\"async\" width=\"250\" height=\"221\" src=\"https:\/\/files.nettsteder.regjeringen.no\/wpuploads01\/sites\/512\/2023\/01\/Nina.jpg\" class=\"attachment-250x250 size-250x250\" alt=\"\" srcset=\"https:\/\/files.nettsteder.regjeringen.no\/wpuploads01\/sites\/512\/2023\/01\/Nina.jpg 1219w, https:\/\/files.nettsteder.regjeringen.no\/wpuploads01\/sites\/512\/2023\/01\/Nina-300x266.jpg 300w, https:\/\/files.nettsteder.regjeringen.no\/wpuploads01\/sites\/512\/2023\/01\/Nina-1024x907.jpg 1024w, https:\/\/files.nettsteder.regjeringen.no\/wpuploads01\/sites\/512\/2023\/01\/Nina-768x680.jpg 768w\" sizes=\"auto, (max-width: 250px) 100vw, 250px\" \/><span class=\"t2-image-credit\">\n\t\t\t\t<button type=\"button\" class=\"t2-image-credit-toggle\" aria-expanded=\"false\" aria-controls=\"image-credit\" aria-label=\"Toggle image credit\"><svg xmlns=\"http:\/\/www.w3.org\/2000\/svg\" viewBox=\"0 0 24 24\" height=\"24\" width=\"24\" class=\"t2-icon t2-icon-info\" aria-hidden=\"true\" focusable=\"false\"><path d=\"M12 17c.3 0 .5-.1.7-.3s.3-.4.3-.7v-4c0-.3-.1-.5-.3-.7-.2-.2-.4-.3-.7-.3s-.5.1-.7.3c-.2.2-.3.4-.3.7v4c0 .3.1.5.3.7s.4.3.7.3zm0-8c.3 0 .5-.1.7-.3.2-.2.3-.4.3-.7 0-.3-.1-.5-.3-.7-.2-.2-.4-.3-.7-.3s-.5.1-.7.3c-.2.2-.3.4-.3.7 0 .3.1.5.3.7.2.2.4.3.7.3zm0 13c-1.4 0-2.7-.3-3.9-.8-1.2-.5-2.3-1.2-3.2-2.1s-1.6-2-2.1-3.2S2 13.4 2 12s.3-2.7.8-3.9S4 5.8 4.9 4.9s2-1.6 3.2-2.1S10.6 2 12 2s2.7.3 3.9.8 2.3 1.2 3.2 2.1 1.6 2 2.1 3.2c.5 1.2.8 2.5.8 3.9s-.3 2.7-.8 3.9c-.5 1.2-1.2 2.3-2.1 3.2s-2 1.6-3.2 2.1c-1.2.5-2.5.8-3.9.8z\" fill=\"currentColor\" \/><\/svg><\/button>\n\t\t\t\t<span class=\"t2-image-credit-text wp-element-caption\" id=\"image-credit\" hidden>Foto: Gerry Birkeland<\/span>\n\t\t\t<\/span>\t\t<\/figure>\n\t<\/div>\n\t<div class=\"dss-person-content\">\n\t\t<h3 class=\"dss-person-name\">Nina Sofie Lem Samuelsen, Bergen<\/h3><p class=\"dss-person-position\">Utvalgsmedlem<\/p><p class=\"dss-person-content\">Nina Sofie Lem Samuelsen er jurist i foretakssekretariatet i Helse Bergen HF. Hun gir juridisk veiledning overfor stabsansatte og helsepersonell. Hun har tidligere arbeidet i Helse- og omsorgsdepartementet og i Helsedirektoratet.<br><br><\/p>\t<\/div>\n\t<\/li>\n\n<li class=\"wp-block-dss-person\">\t<div class=\"dss-person-image\">\n\t\t<figure>\n\t\t\t<img loading=\"lazy\" decoding=\"async\" width=\"250\" height=\"169\" src=\"https:\/\/files.nettsteder.regjeringen.no\/wpuploads01\/sites\/512\/2023\/01\/Karl-Harald-scaled.jpg\" class=\"attachment-250x250 size-250x250\" alt=\"\" srcset=\"https:\/\/files.nettsteder.regjeringen.no\/wpuploads01\/sites\/512\/2023\/01\/Karl-Harald-scaled.jpg 2560w, https:\/\/files.nettsteder.regjeringen.no\/wpuploads01\/sites\/512\/2023\/01\/Karl-Harald-300x203.jpg 300w, https:\/\/files.nettsteder.regjeringen.no\/wpuploads01\/sites\/512\/2023\/01\/Karl-Harald-1024x693.jpg 1024w, https:\/\/files.nettsteder.regjeringen.no\/wpuploads01\/sites\/512\/2023\/01\/Karl-Harald-768x520.jpg 768w, https:\/\/files.nettsteder.regjeringen.no\/wpuploads01\/sites\/512\/2023\/01\/Karl-Harald-1536x1039.jpg 1536w, https:\/\/files.nettsteder.regjeringen.no\/wpuploads01\/sites\/512\/2023\/01\/Karl-Harald-2048x1386.jpg 2048w\" sizes=\"auto, (max-width: 250px) 100vw, 250px\" \/>\t\t<\/figure>\n\t<\/div>\n\t<div class=\"dss-person-content\">\n\t\t<h3 class=\"dss-person-name\">Karl Harald S\u00f8vig, Bergen<\/h3><p class=\"dss-person-position\">Utvalgsmedlem<\/p><p class=\"dss-person-content\">Karl Harald S\u00f8vig er professor ved Det juridiske fakultet, Universitetet i Bergen, hvor han for tiden ogs\u00e5 er dekan. Han har tidligere bl.a. v\u00e6rt konstituert dommer (tingrett og lagmannsrett). Han har s\u00e6rlig jobbet med forvaltningsrett, helserett og barnevernrett og er leder av Den europeiske helserettsforeningen (European Association of Health Law). Han ledet utvalget som la frem forslag til ny adopsjonslov (NOU 2014: 9) og var medlem av utvalget som la frem forslag til ny universitets- og h\u00f8yskolelov (NOU 2020:3).<\/p>\t<\/div>\n\t<\/li>\n\n<li class=\"wp-block-dss-person\">\t<div class=\"dss-person-image\">\n\t\t<figure>\n\t\t\t<img loading=\"lazy\" decoding=\"async\" width=\"250\" height=\"245\" src=\"https:\/\/files.nettsteder.regjeringen.no\/wpuploads01\/sites\/512\/2023\/01\/Berge-.jpg\" class=\"attachment-250x250 size-250x250\" alt=\"\" srcset=\"https:\/\/files.nettsteder.regjeringen.no\/wpuploads01\/sites\/512\/2023\/01\/Berge-.jpg 1990w, https:\/\/files.nettsteder.regjeringen.no\/wpuploads01\/sites\/512\/2023\/01\/Berge--300x294.jpg 300w, https:\/\/files.nettsteder.regjeringen.no\/wpuploads01\/sites\/512\/2023\/01\/Berge--1024x1002.jpg 1024w, https:\/\/files.nettsteder.regjeringen.no\/wpuploads01\/sites\/512\/2023\/01\/Berge--768x752.jpg 768w, https:\/\/files.nettsteder.regjeringen.no\/wpuploads01\/sites\/512\/2023\/01\/Berge--1536x1504.jpg 1536w\" sizes=\"auto, (max-width: 250px) 100vw, 250px\" \/>\t\t<\/figure>\n\t<\/div>\n\t<div class=\"dss-person-content\">\n\t\t<h3 class=\"dss-person-name\">Berge Solberg, Trondheim<\/h3><p class=\"dss-person-position\">utvalgsmedlem<\/p><p class=\"dss-person-content\">Berge er professor i medisinsk etikk og hovedansvarlig for undervisningen i medisinsk etikk ved medisinstudiet p\u00e5 NTNU, og leder undervisningen\u00a0i forskningsetikk og vitenskapsteori\u00a0p\u00e5 Ph D-utdanningen ved MH-fakultetet. Berge er sekret\u00e6r for\u00a0den kliniske etikkomiteen ved St Olavs Hospital, og sitter i Fakultetsstyret p\u00e5 MH og er medlem av\u00a0Forskningsetisk utvalg\u00a0p\u00e5 NTNU.\u00a0Fra 2014-2022 var han nestleder for\u00a0den Nasjonale Forskningsetiske komite for medisin og helsefag (NEM). Berge var medlem av\u00a0Bioteknologir\u00e5det\u00a0fra 2004 til 2013.<\/p>\t<\/div>\n\t<\/li>\n\n<li class=\"wp-block-dss-person\">\t<div class=\"dss-person-image\">\n\t\t<figure>\n\t\t\t<img loading=\"lazy\" decoding=\"async\" width=\"250\" height=\"250\" src=\"https:\/\/files.nettsteder.regjeringen.no\/wpuploads01\/sites\/512\/2023\/01\/morten-magelssen_2020-300x300.jpg\" class=\"attachment-250x250 size-250x250\" alt=\"\" srcset=\"https:\/\/files.nettsteder.regjeringen.no\/wpuploads01\/sites\/512\/2023\/01\/morten-magelssen_2020-300x300.jpg 300w, https:\/\/files.nettsteder.regjeringen.no\/wpuploads01\/sites\/512\/2023\/01\/morten-magelssen_2020-1024x1024.jpg 1024w, https:\/\/files.nettsteder.regjeringen.no\/wpuploads01\/sites\/512\/2023\/01\/morten-magelssen_2020-150x150.jpg 150w, https:\/\/files.nettsteder.regjeringen.no\/wpuploads01\/sites\/512\/2023\/01\/morten-magelssen_2020-768x768.jpg 768w, https:\/\/files.nettsteder.regjeringen.no\/wpuploads01\/sites\/512\/2023\/01\/morten-magelssen_2020-1536x1536.jpg 1536w, https:\/\/files.nettsteder.regjeringen.no\/wpuploads01\/sites\/512\/2023\/01\/morten-magelssen_2020-2048x2048.jpg 2048w\" sizes=\"auto, (max-width: 250px) 100vw, 250px\" \/>\t\t<\/figure>\n\t<\/div>\n\t<div class=\"dss-person-content\">\n\t\t<h3 class=\"dss-person-name\">Morten Magelssen, Oslo<\/h3><p class=\"dss-person-position\">Utvalgsmedlem<\/p><p class=\"dss-person-content\">Morten er lege og arbeider n\u00e5 som f\u00f8rsteamanuensis ved Senter for medisinsk etikk, Universitetet i Oslo. Her har han hovedansvaret for undervisningen i medisinsk etikk p\u00e5 medisinstudiet, og leder ogs\u00e5 senterets arbeid med klinisk etikk. I tillegg er Morten professor II ved MF Vitenskapelig h\u00f8yskole. Han er ogs\u00e5 medlem av Bioteknologir\u00e5det (2019-2023).<\/p>\t<\/div>\n\t<\/li>\n\n<li class=\"wp-block-dss-person\">\t<div class=\"dss-person-image\">\n\t\t<figure>\n\t\t\t<img loading=\"lazy\" decoding=\"async\" width=\"250\" height=\"250\" src=\"https:\/\/files.nettsteder.regjeringen.no\/wpuploads01\/sites\/512\/2023\/01\/Marte-300x300.jpg\" class=\"attachment-250x250 size-250x250\" alt=\"\" srcset=\"https:\/\/files.nettsteder.regjeringen.no\/wpuploads01\/sites\/512\/2023\/01\/Marte-300x300.jpg 300w, https:\/\/files.nettsteder.regjeringen.no\/wpuploads01\/sites\/512\/2023\/01\/Marte-150x150.jpg 150w, https:\/\/files.nettsteder.regjeringen.no\/wpuploads01\/sites\/512\/2023\/01\/Marte.jpg 510w\" sizes=\"auto, (max-width: 250px) 100vw, 250px\" \/><span class=\"t2-image-credit\">\n\t\t\t\t<button type=\"button\" class=\"t2-image-credit-toggle\" aria-expanded=\"false\" aria-controls=\"image-credit-1\" aria-label=\"Toggle image credit\"><svg xmlns=\"http:\/\/www.w3.org\/2000\/svg\" viewBox=\"0 0 24 24\" height=\"24\" width=\"24\" class=\"t2-icon t2-icon-info\" aria-hidden=\"true\" focusable=\"false\"><path d=\"M12 17c.3 0 .5-.1.7-.3s.3-.4.3-.7v-4c0-.3-.1-.5-.3-.7-.2-.2-.4-.3-.7-.3s-.5.1-.7.3c-.2.2-.3.4-.3.7v4c0 .3.1.5.3.7s.4.3.7.3zm0-8c.3 0 .5-.1.7-.3.2-.2.3-.4.3-.7 0-.3-.1-.5-.3-.7-.2-.2-.4-.3-.7-.3s-.5.1-.7.3c-.2.2-.3.4-.3.7 0 .3.1.5.3.7.2.2.4.3.7.3zm0 13c-1.4 0-2.7-.3-3.9-.8-1.2-.5-2.3-1.2-3.2-2.1s-1.6-2-2.1-3.2S2 13.4 2 12s.3-2.7.8-3.9S4 5.8 4.9 4.9s2-1.6 3.2-2.1S10.6 2 12 2s2.7.3 3.9.8 2.3 1.2 3.2 2.1 1.6 2 2.1 3.2c.5 1.2.8 2.5.8 3.9s-.3 2.7-.8 3.9c-.5 1.2-1.2 2.3-2.1 3.2s-2 1.6-3.2 2.1c-1.2.5-2.5.8-3.9.8z\" fill=\"currentColor\" \/><\/svg><\/button>\n\t\t\t\t<span class=\"t2-image-credit-text wp-element-caption\" id=\"image-credit-1\" hidden>Foto: www.sturlason.no<\/span>\n\t\t\t<\/span>\t\t<\/figure>\n\t<\/div>\n\t<div class=\"dss-person-content\">\n\t\t<h3 class=\"dss-person-name\">Marte Kvittum Tangen, Tynset<\/h3><p class=\"dss-person-position\">Utvalgsmedlem<\/p><p class=\"dss-person-content\">Marte  er leder av Norsk forening for allmennmedisin og har for tiden permisjon fra sin fastlegestilling p\u00e5 Tynset legekontor. Hun er spesialist i allmennmedisin, medlem av Helse Omsorg 21 r\u00e5det, styreleder i Allmennmedisinsk Forskningsfond og i Senter for kvalitet i legetjenester samt medlem av fagstyret i Legeforeningen. <\/p>\t<\/div>\n\t<\/li>\n\n<li class=\"wp-block-dss-person\">\t<div class=\"dss-person-image\">\n\t\t<figure>\n\t\t\t<img loading=\"lazy\" decoding=\"async\" width=\"250\" height=\"167\" src=\"https:\/\/files.nettsteder.regjeringen.no\/wpuploads01\/sites\/512\/2023\/01\/Stale-scaled.jpg\" class=\"attachment-250x250 size-250x250\" alt=\"\" srcset=\"https:\/\/files.nettsteder.regjeringen.no\/wpuploads01\/sites\/512\/2023\/01\/Stale-scaled.jpg 2560w, https:\/\/files.nettsteder.regjeringen.no\/wpuploads01\/sites\/512\/2023\/01\/Stale-300x200.jpg 300w, https:\/\/files.nettsteder.regjeringen.no\/wpuploads01\/sites\/512\/2023\/01\/Stale-1024x683.jpg 1024w, https:\/\/files.nettsteder.regjeringen.no\/wpuploads01\/sites\/512\/2023\/01\/Stale-768x512.jpg 768w, https:\/\/files.nettsteder.regjeringen.no\/wpuploads01\/sites\/512\/2023\/01\/Stale-1536x1024.jpg 1536w, https:\/\/files.nettsteder.regjeringen.no\/wpuploads01\/sites\/512\/2023\/01\/Stale-2048x1366.jpg 2048w\" sizes=\"auto, (max-width: 250px) 100vw, 250px\" \/><span class=\"t2-image-credit\">\n\t\t\t\t<button type=\"button\" class=\"t2-image-credit-toggle\" aria-expanded=\"false\" aria-controls=\"image-credit-2\" aria-label=\"Toggle image credit\"><svg xmlns=\"http:\/\/www.w3.org\/2000\/svg\" viewBox=\"0 0 24 24\" height=\"24\" width=\"24\" class=\"t2-icon t2-icon-info\" aria-hidden=\"true\" focusable=\"false\"><path d=\"M12 17c.3 0 .5-.1.7-.3s.3-.4.3-.7v-4c0-.3-.1-.5-.3-.7-.2-.2-.4-.3-.7-.3s-.5.1-.7.3c-.2.2-.3.4-.3.7v4c0 .3.1.5.3.7s.4.3.7.3zm0-8c.3 0 .5-.1.7-.3.2-.2.3-.4.3-.7 0-.3-.1-.5-.3-.7-.2-.2-.4-.3-.7-.3s-.5.1-.7.3c-.2.2-.3.4-.3.7 0 .3.1.5.3.7.2.2.4.3.7.3zm0 13c-1.4 0-2.7-.3-3.9-.8-1.2-.5-2.3-1.2-3.2-2.1s-1.6-2-2.1-3.2S2 13.4 2 12s.3-2.7.8-3.9S4 5.8 4.9 4.9s2-1.6 3.2-2.1S10.6 2 12 2s2.7.3 3.9.8 2.3 1.2 3.2 2.1 1.6 2 2.1 3.2c.5 1.2.8 2.5.8 3.9s-.3 2.7-.8 3.9c-.5 1.2-1.2 2.3-2.1 3.2s-2 1.6-3.2 2.1c-1.2.5-2.5.8-3.9.8z\" fill=\"currentColor\" \/><\/svg><\/button>\n\t\t\t\t<span class=\"t2-image-credit-text wp-element-caption\" id=\"image-credit-2\" hidden>Foto: Thomas Eckhoff\/Den norske legefo<\/span>\n\t\t\t<\/span>\t\t<\/figure>\n\t<\/div>\n\t<div class=\"dss-person-content\">\n\t\t<h3 class=\"dss-person-name\">St\u00e5le Onsg\u00e5rd Sagabr\u00e5ten, Nesbyen<\/h3><p class=\"dss-person-position\">utvalgsmedlem<\/p><p class=\"dss-person-content\">St\u00e5le  er spesialist i allmennmedisin og fastlege ved Nesbyen legesenter. Han er styremedlem i Norsk forening for allmennmedisin og i Buskerud legeforening, og nestleder i fagstyret i Den norske legeforening.<\/p>\t<\/div>\n\t<\/li>\n\n<li class=\"wp-block-dss-person\">\t<div class=\"dss-person-image\">\n\t\t<figure>\n\t\t\t<img loading=\"lazy\" decoding=\"async\" width=\"250\" height=\"201\" src=\"https:\/\/files.nettsteder.regjeringen.no\/wpuploads01\/sites\/512\/2023\/01\/Claus.jpg\" class=\"attachment-250x250 size-250x250\" alt=\"\" srcset=\"https:\/\/files.nettsteder.regjeringen.no\/wpuploads01\/sites\/512\/2023\/01\/Claus.jpg 1024w, https:\/\/files.nettsteder.regjeringen.no\/wpuploads01\/sites\/512\/2023\/01\/Claus-300x241.jpg 300w, https:\/\/files.nettsteder.regjeringen.no\/wpuploads01\/sites\/512\/2023\/01\/Claus-768x618.jpg 768w\" sizes=\"auto, (max-width: 250px) 100vw, 250px\" \/>\t\t<\/figure>\n\t<\/div>\n\t<div class=\"dss-person-content\">\n\t\t<h3 class=\"dss-person-name\">Claus Andreas Klingenberg, Troms\u00f8<\/h3><p class=\"dss-person-position\">Utvalgsmedlem<\/p><p class=\"dss-person-content\">Claus har jobbet p\u00e5 Barne- og ungdomsavdelingen ved \u00a0Universitetssykehuset Nord-Norge siden 1995, de siste 10 \u00e5r som seksjonsoverlege ved Nyf\u00f8dt Intensiv seksjonen. Han er professor i pediatri ved UiT-Norges arktiske universitet, og er opptatt av undervisning og forskning med fokus p\u00e5 nyf\u00f8dtmedisin. Claus er redakt\u00f8r av Norsk Barnelegeforening sine faglige veiledere og har ogs\u00e5 deltatt i en rekke faglige utvalg innen norsk pediatri.<\/p>\t<\/div>\n\t<\/li>\n\n<li class=\"wp-block-dss-person\">\t<div class=\"dss-person-image\">\n\t\t<figure>\n\t\t\t<img loading=\"lazy\" decoding=\"async\" width=\"166\" height=\"250\" src=\"https:\/\/files.nettsteder.regjeringen.no\/wpuploads01\/sites\/512\/2023\/01\/Astrid-grydeland-Ersvik-scaled.jpg\" class=\"attachment-250x250 size-250x250\" alt=\"\" srcset=\"https:\/\/files.nettsteder.regjeringen.no\/wpuploads01\/sites\/512\/2023\/01\/Astrid-grydeland-Ersvik-scaled.jpg 1700w, https:\/\/files.nettsteder.regjeringen.no\/wpuploads01\/sites\/512\/2023\/01\/Astrid-grydeland-Ersvik-199x300.jpg 199w, https:\/\/files.nettsteder.regjeringen.no\/wpuploads01\/sites\/512\/2023\/01\/Astrid-grydeland-Ersvik-680x1024.jpg 680w, https:\/\/files.nettsteder.regjeringen.no\/wpuploads01\/sites\/512\/2023\/01\/Astrid-grydeland-Ersvik-768x1156.jpg 768w, https:\/\/files.nettsteder.regjeringen.no\/wpuploads01\/sites\/512\/2023\/01\/Astrid-grydeland-Ersvik-1020x1536.jpg 1020w, https:\/\/files.nettsteder.regjeringen.no\/wpuploads01\/sites\/512\/2023\/01\/Astrid-grydeland-Ersvik-1360x2048.jpg 1360w\" sizes=\"auto, (max-width: 166px) 100vw, 166px\" \/>\t\t<\/figure>\n\t<\/div>\n\t<div class=\"dss-person-content\">\n\t\t<h3 class=\"dss-person-name\">Astrid Grydeland Ersvik, Kristiansund<\/h3><p class=\"dss-person-position\">Utvalgsmedlem<\/p><p class=\"dss-person-content\">Astrid er helsesykepleier, og jobber som seniorr\u00e5dgiver i fag- og helsepolitisk avdeling i Norsk Sykepleierforbund, med ansvar for blant annet folkehelse og b\u00e6rekraft. Hun var leder av Landsgruppen av helses\u00f8stre NSF fra 2005-2014. Hun har lang erfaring i \u00e5 m\u00f8te og veilede aborts\u00f8kende ungdom gjennom sin tidligere jobb som helsesykepleier p\u00e5 helsestasjon for ungdom. Hun var i flere \u00e5r barnets talsperson i fylkesnemnda. Astrid satt i Nasjonalt r\u00e5d for f\u00f8dselsomsorg fra 2008-2010, og i Nasjonal referansegruppe for Foreldreveiledningsprogrammet fra 2005-2014.<\/p>\t<\/div>\n\t<\/li>\n<\/ul>\n\n\n<p><\/p>\n\n\n\n<h2 class=\"wp-block-heading\">Sekretariat<\/h2>\n\n\n\n<p>Abortutvalget har et faglig sekretariat med to utvalgssekret\u00e6rer; Maren Anna Lervik, (sekretariatsleder) og Bente Bryhn.<\/p>\n","protected":false},"excerpt":{"rendered":"<p>Sekretariat Abortutvalget har et faglig sekretariat med to utvalgssekret\u00e6rer; Maren Anna Lervik, (sekretariatsleder) og Bente Bryhn.<\/p>\n","protected":false},"author":2877,"featured_media":0,"parent":0,"menu_order":0,"comment_status":"closed","ping_status":"closed","template":"","meta":{"dss_simple_post_excerpt":"","dss_show_featured_image":true,"dss_show_title":false,"footnotes":""},"class_list":["post-9","page","type-page","status-publish","hentry"],"language":"nb-NO","_links":{"self":[{"href":"https:\/\/nettsteder.regjeringen.no\/abortutvalget\/wp-json\/wp\/v2\/pages\/9","targetHints":{"allow":["GET"]}}],"collection":[{"href":"https:\/\/nettsteder.regjeringen.no\/abortutvalget\/wp-json\/wp\/v2\/pages"}],"about":[{"href":"https:\/\/nettsteder.regjeringen.no\/abortutvalget\/wp-json\/wp\/v2\/types\/page"}],"author":[{"embeddable":true,"href":"https:\/\/nettsteder.regjeringen.no\/abortutvalget\/wp-json\/wp\/v2\/users\/2877"}],"replies":[{"embeddable":true,"href":"https:\/\/nettsteder.regjeringen.no\/abortutvalget\/wp-json\/wp\/v2\/comments?post=9"}],"version-history":[{"count":2,"href":"https:\/\/nettsteder.regjeringen.no\/abortutvalget\/wp-json\/wp\/v2\/pages\/9\/revisions"}],"predecessor-version":[{"id":193,"href":"https:\/\/nettsteder.regjeringen.no\/abortutvalget\/wp-json\/wp\/v2\/pages\/9\/revisions\/193"}],"wp:attachment":[{"href":"https:\/\/nettsteder.regjeringen.no\/abortutvalget\/wp-json\/wp\/v2\/media?parent=9"}],"curies":[{"name":"wp","href":"https:\/\/api.w.org\/{rel}","templated":true}]}}