{"id":78,"date":"2022-12-01T12:35:38","date_gmt":"2022-12-01T11:35:38","guid":{"rendered":"https:\/\/nettsteder.regjeringen.no\/abortutvalget\/?page_id=78"},"modified":"2023-12-20T16:26:34","modified_gmt":"2023-12-20T15:26:34","slug":"nyheter","status":"publish","type":"page","link":"https:\/\/nettsteder.regjeringen.no\/abortutvalget\/nyheter\/","title":{"rendered":"Nyheter"},"content":{"rendered":"\n<h2 class=\"wp-block-heading\">NOU 2023:29 Abort i Norge &#8211; ny lov og bedre tjenester er sendt p\u00e5 h\u00f8ring 14.12.2023<\/h2>\n\n\n\n<p><\/p>\n\n\n\n<p><a href=\"https:\/\/www.regjeringen.no\/no\/dokumenter\/nou-2023-29\/id3018279\/\" data-type=\"link\" data-id=\"https:\/\/www.regjeringen.no\/no\/dokumenter\/nou-2023-29\/id3018279\/\">NOU 2023:29 Abort i Norge \u2013 Ny lov og bedre tjenester <\/a>ble overlevert av Abortutvalget til helse- og omsorgsminister Ingvild Kjerkol torsdag 14. desember. <\/p>\n\n\n\n<p><a href=\"https:\/\/www.regjeringen.no\/contentassets\/a61bafe6ed624062ab7ab20b16114249\/no\/pdfs\/nou202320230029000dddpdfs.pdf\" data-type=\"link\" data-id=\"https:\/\/www.regjeringen.no\/contentassets\/a61bafe6ed624062ab7ab20b16114249\/no\/pdfs\/nou202320230029000dddpdfs.pdf\">NOU-en<\/a> ble<a href=\"https:\/\/www.regjeringen.no\/no\/dokumenter\/horing-nou-2023-29-abort-i-norge-ny-lov-og-bedre-tjenester\/id3018742\/\" data-type=\"link\" data-id=\"https:\/\/www.regjeringen.no\/no\/dokumenter\/horing-nou-2023-29-abort-i-norge-ny-lov-og-bedre-tjenester\/id3018742\/\"> sendt p\u00e5 h\u00f8ring <\/a>fra Helse- og omsorgsdepartementet samme dag. <\/p>\n\n\n\n<p>Lenke til h\u00f8ringsside: <a href=\"https:\/\/www.regjeringen.no\/no\/dokumenter\/horing-nou-2023-29-abort-i-norge-ny-lov-og-bedre-tjenester\/id3018742\/\">H\u00f8ring &#8211; NOU 2023: 29 Abort i Norge &#8211; Ny lov og bedre tjenester &#8211; regjeringen.no<\/a><\/p>\n\n\n\n<p><\/p>\n\n\n\n<h2 class=\"wp-block-heading\">Helseminister Ingvild Kjerkol mottok abortutvalgets utredning &laquo;Abort i Norge- ny lov og bedre tjenester&raquo;<\/h2>\n\n\n\n<figure class=\"wp-block-image size-large\"><img loading=\"lazy\" decoding=\"async\" width=\"1024\" height=\"558\" src=\"https:\/\/files.nettsteder.regjeringen.no\/wpuploads01\/sites\/512\/2023\/12\/bilde-1-14-12-23-1024x558.jpg\" alt=\"\" class=\"wp-image-228\" srcset=\"https:\/\/files.nettsteder.regjeringen.no\/wpuploads01\/sites\/512\/2023\/12\/bilde-1-14-12-23-1024x558.jpg 1024w, https:\/\/files.nettsteder.regjeringen.no\/wpuploads01\/sites\/512\/2023\/12\/bilde-1-14-12-23-300x164.jpg 300w, https:\/\/files.nettsteder.regjeringen.no\/wpuploads01\/sites\/512\/2023\/12\/bilde-1-14-12-23-768x419.jpg 768w, https:\/\/files.nettsteder.regjeringen.no\/wpuploads01\/sites\/512\/2023\/12\/bilde-1-14-12-23-1536x838.jpg 1536w, https:\/\/files.nettsteder.regjeringen.no\/wpuploads01\/sites\/512\/2023\/12\/bilde-1-14-12-23-2048x1117.jpg 2048w\" sizes=\"auto, (max-width: 1024px) 100vw, 1024px\" \/><\/figure>\n\n\n\n<p><a href=\"https:\/\/www.regjeringen.no\/no\/aktuelt\/kjerkol-mottok-abortutvalgets-utredning\/id3018672\/\" data-type=\"link\" data-id=\"https:\/\/www.regjeringen.no\/no\/aktuelt\/kjerkol-mottok-abortutvalgets-utredning\/id3018672\/\">Abortutvalget overleverte sin NOU<\/a> <a href=\"https:\/\/www.regjeringen.no\/no\/aktuelt\/kjerkol-mottok-abortutvalgets-utredning\/id3018672\/\" data-type=\"link\" data-id=\"https:\/\/www.regjeringen.no\/no\/aktuelt\/kjerkol-mottok-abortutvalgets-utredning\/id3018672\/\">\u00abAbort i Norge \u2013 Ny lov og bedre tjenester\u00bb til helse- og omsorgsminister Ingvild Kjerkol torsdag 14. desember 2023.<\/a><\/p>\n\n\n\n<p>&laquo;Vi trenger en ny abortlov, en abortlov for v\u00e5r tid. Vi trenger en abortlov som anerkjenner at kvinner er i stand til, og har rett til \u00e5 ta selvstendige valg om familie- og privatliv, fremtid og kropp. Samtidig skal loven sikre respekten for det uf\u00f8dte liv, og alle menneskers likeverd&raquo;, sa utvalgsleder Kari S\u00f8nderland i sin tale ved overlevering av utredningen. <\/p>\n\n\n\n<p>Utredningen foresl\u00e5r en ny abortlov som skal ivareta gravides selvbestemmelse og tilgang til trygge aborter, og samtidig sikre respekten for det uf\u00f8dte liv. Forslagene i utredningen er basert p\u00e5 en gjennomgang av n\u00e5v\u00e6rende lov og praksis i abortnemndene, kvinners erfaringer med abort og abortnemnder. <a href=\"https:\/\/www.regjeringen.no\/no\/dokumenter\/nou-2023-29\/id3018279\/\" data-type=\"link\" data-id=\"https:\/\/www.regjeringen.no\/no\/dokumenter\/nou-2023-29\/id3018279\/\">Utredningen<\/a> foresl\u00e5r et enklere abortforl\u00f8p og bedre informasjon, oppf\u00f8lging og veiledning til de som \u00f8nsker dette i forbindelse med abort.&nbsp;Utredningen foresl\u00e5r ogs\u00e5 en rekke tiltak p\u00e5 helsetjenesteomr\u00e5det og for \u00e5 f\u00e5 mer kunnskap om abort. &laquo;Dere har gjort en grundig gjennomgang av abortloven. Jeg er takknemlig for at dere har sett p\u00e5 hele loven slik at vi n\u00e5 kan f\u00e5 en oppdatert og mer moderne abortlov. Utvalget har innhentet og sammenfattet viktig kunnskap.&raquo; sa helseminister<a href=\"https:\/\/www.regjeringen.no\/no\/aktuelt\/statsradens-tale-ifm-overrekkelse-av-abortutvalgets-utredning\/id3018775\/\" data-type=\"link\" data-id=\"https:\/\/www.regjeringen.no\/no\/aktuelt\/statsradens-tale-ifm-overrekkelse-av-abortutvalgets-utredning\/id3018775\/\"> Ingvild Kjerkol i sin takketale til utvalget.<\/a><\/p>\n\n\n<div class=\"t2-files wp-block-t2-files\">\n<div class=\"t2-file-item wp-block-t2-file-item\">\n\t\t<a href=\"https:\/\/files.nettsteder.regjeringen.no\/wpuploads01\/sites\/512\/2023\/12\/Abortutvalget-Presentasjon-14-12-23.pdf\" class=\"t2-file-item__link t2-file-item__link--icon-left\" download>\n\t\t\t<span class=\"t2-file-item__icon\"><svg xmlns=\"http:\/\/www.w3.org\/2000\/svg\" viewBox=\"0 0 24 24\" height=\"24\" width=\"24\" class=\"t2-icon t2-icon-filedownload\" aria-hidden=\"true\" focusable=\"false\"><path d=\"M12 15.6c-.1 0-.3 0-.4-.1-.1 0-.2-.1-.3-.2l-3.6-3.6c-.2-.2-.3-.4-.3-.7s.1-.5.3-.7c.2-.2.4-.3.7-.3.3 0 .5.1.7.3l1.9 1.9V5c0-.3.1-.5.3-.7.2-.2.4-.3.7-.3s.5.1.7.3c.2.2.3.4.3.7v7.2l1.9-1.9c.2-.2.4-.3.7-.3.3 0 .5.1.7.3.2.2.3.4.3.7s-.1.5-.3.7l-3.6 3.6c-.1.1-.2.2-.3.2-.1.1-.3.1-.4.1zM6 20c-.5 0-1-.2-1.4-.6S4 18.6 4 18v-2c0-.3.1-.5.3-.7.2-.2.4-.3.7-.3s.5.1.7.3c.2.2.3.4.3.7v2h12v-2c0-.3.1-.5.3-.7.2-.2.4-.3.7-.3s.5.1.7.3c.2.2.3.4.3.7v2c0 .6-.2 1-.6 1.4s-.8.6-1.4.6H6z\" fill=\"currentColor\" \/><\/svg><\/span>\n\t\t\t<span class=\"t2-file-item__info\">\n\t\t\t\t<span class=\"t2-file-item__filename\">Abortutvalget-Presentasjon-14-12-23<\/span>\n\t\t\t\t\n\t\t\t\t<span class=\"t2-file-item__meta\">pdf \u00b7 3 MB<\/span>\n\t\t\t<\/span>\n\t\t<\/a>\n\t\t<\/div>\n\n<div class=\"t2-file-item wp-block-t2-file-item\">\n\t\t<a href=\"https:\/\/files.nettsteder.regjeringen.no\/wpuploads01\/sites\/512\/2023\/12\/Utvalgsleder-Kari-Sonderland-sin-tale-ved-overlevering-av-NOU-Abort-i-Norge.pdf\" class=\"t2-file-item__link t2-file-item__link--icon-left\" download>\n\t\t\t<span class=\"t2-file-item__icon\"><svg xmlns=\"http:\/\/www.w3.org\/2000\/svg\" viewBox=\"0 0 24 24\" height=\"24\" width=\"24\" class=\"t2-icon t2-icon-filedownload\" aria-hidden=\"true\" focusable=\"false\"><path d=\"M12 15.6c-.1 0-.3 0-.4-.1-.1 0-.2-.1-.3-.2l-3.6-3.6c-.2-.2-.3-.4-.3-.7s.1-.5.3-.7c.2-.2.4-.3.7-.3.3 0 .5.1.7.3l1.9 1.9V5c0-.3.1-.5.3-.7.2-.2.4-.3.7-.3s.5.1.7.3c.2.2.3.4.3.7v7.2l1.9-1.9c.2-.2.4-.3.7-.3.3 0 .5.1.7.3.2.2.3.4.3.7s-.1.5-.3.7l-3.6 3.6c-.1.1-.2.2-.3.2-.1.1-.3.1-.4.1zM6 20c-.5 0-1-.2-1.4-.6S4 18.6 4 18v-2c0-.3.1-.5.3-.7.2-.2.4-.3.7-.3s.5.1.7.3c.2.2.3.4.3.7v2h12v-2c0-.3.1-.5.3-.7.2-.2.4-.3.7-.3s.5.1.7.3c.2.2.3.4.3.7v2c0 .6-.2 1-.6 1.4s-.8.6-1.4.6H6z\" fill=\"currentColor\" \/><\/svg><\/span>\n\t\t\t<span class=\"t2-file-item__info\">\n\t\t\t\t<span class=\"t2-file-item__filename\">Utvalgsleder Kari S\u00f8nderland sin tale ved overlevering av NOU Abort i Norge<\/span>\n\t\t\t\t\n\t\t\t\t<span class=\"t2-file-item__meta\">pdf \u00b7 241 KB<\/span>\n\t\t\t<\/span>\n\t\t<\/a>\n\t\t<\/div>\n<\/div>\n\n\n<h2 class=\"wp-block-heading\">Forskningsrapport om kvinners erfaring i nemnd er publisert<\/h2>\n\n\n\n<p>I forbindelse med Abortutvalgets arbeid med utredning om abort i Norge har Universitetet i Bergen, Institutt for global helse og samfunnsmedisin gjennomf\u00f8rt et forskningsprosjekt p\u00e5 oppdrag fra Abortutvalget. Resultater fra forskningen er en del av kunnskapsgrunnlaget for utvalgets arbeid og ligger som <a href=\"https:\/\/www.regjeringen.no\/contentassets\/a61bafe6ed624062ab7ab20b16114249\/no\/sved\/01vedlegg1.pdf\" data-type=\"link\" data-id=\"https:\/\/www.regjeringen.no\/contentassets\/a61bafe6ed624062ab7ab20b16114249\/no\/sved\/01vedlegg1.pdf\">vedlegg til NOU-en.<\/a><\/p>\n\n\n\n<p><a href=\"https:\/\/bora.uib.no\/bora-xmlui\/handle\/11250\/3105432\">Bergen Open Research Archive: Kvinners erfaringer med abortnemnder (uib.no)<\/a><\/p>\n\n\n\n<h2 class=\"wp-block-heading\">Abortutvalget legger frem sin utredning 14. desember 2023<\/h2>\n\n\n\n<p>Torsdag 14. desember mottar helse- og omsorgsminister Ingvild Kjerkol den offentlige utredningen og anbefalingen fra Abortutvalget. Arrangementet vil str\u00f8mmes. Se informasjon p\u00e5 regjeringen.no :<\/p>\n\n\n\n<p><a href=\"https:\/\/www.regjeringen.no\/no\/aktuelt\/presseinvitasjon-abortutvalet-legg-fram-sin-rapport\/id3017161\/\">Abortutvalet legg fram sin rapport &#8211; regjeringen.no<\/a><\/p>\n\n\n\n<p><\/p>\n\n\n\n<h2 class=\"wp-block-heading\">Frokostm\u00f8te om abortutvalgets NOU arrangert av Sex og Samfunn<\/h2>\n\n\n\n<p>Sex og Samfunn arrangerer \u00e5pent frokostm\u00f8te om abortutvalgets NOU fredag 15. desember. Fra abortutvalget deltar utvalgsmedlem St\u00e5le Sagabr\u00e5ten. Flere politikere deltar i debatten i m\u00f8tet.  Opptak fra m\u00f8tet blir sendt p\u00e5 NRK P2 i januar.<\/p>\n\n\n\n<p>Se lenke til arrangementets side p\u00e5 Facebook: <a href=\"https:\/\/www.facebook.com\/events\/293256406419851\/?acontext=%7B%22ref%22%3A%2252%22%2C%22action_history%22%3A%22[%7B%5C%22surface%5C%22%3A%5C%22share_link%5C%22%2C%5C%22mechanism%5C%22%3A%5C%22share_link%5C%22%2C%5C%22extra_data%5C%22%3A%7B%5C%22invite_link_id%5C%22%3A753652480116055%7D%7D]%22%7D\">Abortutvalgets NOU: Hva skjer n\u00e5? | Facebook<\/a><\/p>\n\n\n\n<h2 class=\"wp-block-heading\">Kronikk om Abortutvalgets mandat og arbeid i tidsskriftet Michael 4\/23 <\/h2>\n\n\n\n<p>I Tidsskriftet Michael nr. 4\/23 er tema abort. Samtidig som tidsskriftet ble publisert ble det ogs\u00e5 holdt et seminar arrangert av Det norske medicinske Selskab 15. november i Oslo om abort. I tidsskriftet har utvalgsleder Kari S\u00f8nderland skrevet innlegg sammen med sekretariatet, Maren Anna Lervik og Bente Bryhn om Abortutvalgets mandat og arbeid. Utvalgsmedlemmene Berge Solberg og Morten Magelssen har ogs\u00e5 skrevet hver sitt innlegg i tidsskiftet. Se lenke til tidsskriftet p\u00e5 nett: <\/p>\n\n\n\n<p><a href=\"https:\/\/www.michaeljournal.no\/\">Tidsskriftet Michael (michaeljournal.no)<\/a><\/p>\n\n\n\n<p><a href=\"https:\/\/www.michaeljournal.no\/page\/avholdte\">Avholdte arrangementer | Tidsskriftet Michael (michaeljournal.no)<\/a><\/p>\n\n\n\n<h2 class=\"wp-block-heading\">Forskningsprosjekt om kvinners erfaring i abortnemnd<\/h2>\n\n\n\n<p>Etter utlyst konkurranse om forskningsoppdrag har Helse- og omsorgsdepartementet inng\u00e5tt avtale med Universitetet i Bergen, Institutt for global helse og samfunnsmedisin om at de skal gjennomf\u00f8re et forskningsprosjekt om kvinners erfaring med abortnemnder.<\/p>\n\n\n\n<p>Prosjektet skal gjennomf\u00f8res i l\u00f8pet av v\u00e5ren 2023 og Abortutvalget skal bruke resultatene som del av kunnskapsgrunnlaget for sitt arbeid med NOU om abort. NOU-en skal leveres i desember 2023 og resultater fra forskningsprosjektet vil bli offentliggjort samtidig med at NOU-en offentliggj\u00f8res ved overlevering til regjeringen.<\/p>\n\n\n\n<p><em>\u00abVi er glade for at Universitetet i Bergen og en forskningsgruppe med sv\u00e6rt god kompetanse skal gjennomf\u00f8re denne studien. Det er lite forskning p\u00e5 abort i Norge og om kvinners erfaring i nemnd og utvalget ser derfor frem til \u00e5 f\u00e5 resultatene. Vi tror dette vil bidra til viktig og ny kunnskap\u00bb <\/em>sier Abortutvalgets leder Kari S\u00f8nderland.<\/p>\n\n\n\n<p><\/p>\n\n\n\n<p>Studien vil gjennomf\u00f8res med b\u00e5de kvantitativ og kvalitativ metode og kvinner som har erfaring med abortnemnd skal intervjues som del av prosjektet. Prosjektleder er Marte Emilie Sandvik Haaland, forsker og postdoktor ved Institutt for global helse og samfunnsmedisin ved Universitetet i Bergen.<\/p>\n\n\n\n<figure class=\"wp-block-image size-large\"><img loading=\"lazy\" decoding=\"async\" width=\"1024\" height=\"294\" src=\"https:\/\/files.nettsteder.regjeringen.no\/wpuploads01\/sites\/512\/2022\/06\/cropped-COLOURBOX53074435-1024x294.png\" alt=\"\" class=\"wp-image-34\" srcset=\"https:\/\/files.nettsteder.regjeringen.no\/wpuploads01\/sites\/512\/2022\/06\/cropped-COLOURBOX53074435-1024x294.png 1024w, https:\/\/files.nettsteder.regjeringen.no\/wpuploads01\/sites\/512\/2022\/06\/cropped-COLOURBOX53074435-300x86.png 300w, https:\/\/files.nettsteder.regjeringen.no\/wpuploads01\/sites\/512\/2022\/06\/cropped-COLOURBOX53074435-768x221.png 768w, https:\/\/files.nettsteder.regjeringen.no\/wpuploads01\/sites\/512\/2022\/06\/cropped-COLOURBOX53074435-1536x442.png 1536w, https:\/\/files.nettsteder.regjeringen.no\/wpuploads01\/sites\/512\/2022\/06\/cropped-COLOURBOX53074435.png 1920w\" sizes=\"auto, (max-width: 1024px) 100vw, 1024px\" \/><\/figure>\n\n\n\n<h2 class=\"wp-block-heading\">Utlysning av forskningsprosjekt om kvinners erfaringer med abortnemnd<\/h2>\n\n\n\n<p>Abortutvalget sitt mandat er blant annet \u00e5 gjennomg\u00e5 bestemmelser i lov om svangerskapsavbrudd og vurdere og foresl\u00e5 alternativer til dagens abortnemnder. Abortutvalget \u00f8nsker i den forbindelse \u00e5 innhentet kunnskap om kvinners erfaringer i m\u00f8te med abortnemnder. P\u00e5 bakgrunn av dette har Helse- og omsorgsdepartementet utlyst tilbudskonkurranse om forskningsoppdrag p\u00e5 Doffin. Tema for unders\u00f8kelsen skal v\u00e6re abortnemnder, sett fra kvinnenes perspektiv. Form\u00e5let er \u00e5 unders\u00f8ke hvordan kvinner opplever \u00e5 m\u00f8te i abortnemnd og kvinnenes erfaringer med abortnemnd.<br>Unders\u00f8kelsen skal gjennomf\u00f8res som en samfunnsvitenskapelig forsknings-studie med bruk av kvantitativ og kvalitativ metode. Se Doffin for kunngj\u00f8ring: <a href=\"https:\/\/www.doffin.no\/Notice\/Details\/2022-936189\">Doffin<\/a><\/p>\n\n\n\n<p><\/p>\n\n\n\n<p><\/p>\n","protected":false},"excerpt":{"rendered":"<p>NOU 2023:29 Abort i Norge &#8211; ny lov og bedre tjenester er sendt p\u00e5 h\u00f8ring 14.12.2023 NOU 2023:29 Abort i Norge \u2013 Ny lov og bedre tjenester ble overlevert av Abortutvalget til helse- og omsorgsminister Ingvild Kjerkol torsdag 14. desember. NOU-en ble sendt p\u00e5 h\u00f8ring fra Helse- og omsorgsdepartementet samme dag. Lenke til h\u00f8ringsside: H\u00f8ring\u2026<\/p>\n","protected":false},"author":3156,"featured_media":0,"parent":0,"menu_order":0,"comment_status":"closed","ping_status":"closed","template":"","meta":{"dss_simple_post_excerpt":"","dss_show_featured_image":true,"dss_show_title":false,"footnotes":""},"class_list":["post-78","page","type-page","status-publish","hentry"],"language":"nb-NO","_links":{"self":[{"href":"https:\/\/nettsteder.regjeringen.no\/abortutvalget\/wp-json\/wp\/v2\/pages\/78","targetHints":{"allow":["GET"]}}],"collection":[{"href":"https:\/\/nettsteder.regjeringen.no\/abortutvalget\/wp-json\/wp\/v2\/pages"}],"about":[{"href":"https:\/\/nettsteder.regjeringen.no\/abortutvalget\/wp-json\/wp\/v2\/types\/page"}],"author":[{"embeddable":true,"href":"https:\/\/nettsteder.regjeringen.no\/abortutvalget\/wp-json\/wp\/v2\/users\/3156"}],"replies":[{"embeddable":true,"href":"https:\/\/nettsteder.regjeringen.no\/abortutvalget\/wp-json\/wp\/v2\/comments?post=78"}],"version-history":[{"count":3,"href":"https:\/\/nettsteder.regjeringen.no\/abortutvalget\/wp-json\/wp\/v2\/pages\/78\/revisions"}],"predecessor-version":[{"id":255,"href":"https:\/\/nettsteder.regjeringen.no\/abortutvalget\/wp-json\/wp\/v2\/pages\/78\/revisions\/255"}],"wp:attachment":[{"href":"https:\/\/nettsteder.regjeringen.no\/abortutvalget\/wp-json\/wp\/v2\/media?parent=78"}],"curies":[{"name":"wp","href":"https:\/\/api.w.org\/{rel}","templated":true}]}}