{"id":11,"date":"2022-06-23T08:50:37","date_gmt":"2022-06-23T06:50:37","guid":{"rendered":"https:\/\/nettsteder.regjeringen.no\/abortutvalget\/?page_id=11"},"modified":"2022-12-01T13:20:50","modified_gmt":"2022-12-01T12:20:50","slug":"mandat","status":"publish","type":"page","link":"https:\/\/nettsteder.regjeringen.no\/abortutvalget\/mandat\/","title":{"rendered":"Mandat"},"content":{"rendered":"\n<p><\/p>\n\n\n\n<p>Utvalget bes gjennomg\u00e5 bestemmelser i lov om svangerskapsavbrudd og vurdere alternativer til dagens abortnemnder.<\/p>\n\n\n\n<p>Utvalget skal innhente kunnskap om og vurdere r\u00e5dgivningen og veiledningen av kvinner som vurderer svangerskapsavbrudd, samt oppf\u00f8lgingen av kvinner som tar abort. Dagens organisering av tilbudet b\u00f8r ogs\u00e5 vurderes. <\/p>\n\n\n\n<p>I tillegg b\u00f8r utvalget sammenligne praksis for nemnder og oppf\u00f8lging, med andre nordiske land.<\/p>\n\n\n\n<p>Utvalget skal vurdere et alternativ til dagens abortnemnder som ivaretar dagens grense for selvbestemmelse ved utgangen av tolvte svangerskapsuke og et alternativ der grensen for selvbestemmelse utvides.<\/p>\n\n\n\n<p>Utvalget kan forsl\u00e5 endringer i praktisering, lov og forskrift som f\u00f8lge av sine anbefalinger. Utvalget m\u00e5 ogs\u00e5 vurdere reglene om fosterantallsreduksjoner.<\/p>\n\n\n\n<p>F\u00f8lgende f\u00f8ringer skal legges til grunn for utvalgets arbeid:<br>\u2022 Samfunnet skal s\u00e5 langt som r\u00e5d sikre alle barn betingelser for en trygg oppvekst. Samfunnet skal s\u00f8rge for at alle f\u00e5r etisk veiledning, seksualopplysning, kunnskap om samlivssp\u00f8rsm\u00e5l og tilbud om familieplanlegging, slik at antall svangerskapsavbrudd blir lavest mulig.<br>\u2022 Er det grunn til \u00e5 anta at fosteret er levedyktig, skal tillatelse til svangerskapsavbrudd ikke gis.<br>\u2022 Medf\u00f8rer svangerskapet overhengende fare for kvinnens liv eller helse, kan det avbrytes uten hensyn til bestemmelsene i loven.<br>\u2022 Helsepersonell skal fortsatt ha rett til \u00e5 reservere seg av samvittighetsgrunner mot \u00e5 utf\u00f8re eller assistere ved svangerskapsavbrudd.<\/p>\n\n\n\n<p>\u00d8konomiske, administrative og andre vesentlige konsekvenser av utvalgets forslag skal utredes og fremg\u00e5 av utredningen i samsvar med Utredningsinstruksen kapittel 2.<\/p>\n\n\n\n<p><\/p>\n","protected":false},"excerpt":{"rendered":"<p>Utvalget bes gjennomg\u00e5 bestemmelser i lov om svangerskapsavbrudd og vurdere alternativer til dagens abortnemnder. Utvalget skal innhente kunnskap om og vurdere r\u00e5dgivningen og veiledningen av kvinner som vurderer svangerskapsavbrudd, samt oppf\u00f8lgingen av kvinner som tar abort. Dagens organisering av tilbudet b\u00f8r ogs\u00e5 vurderes. I tillegg b\u00f8r utvalget sammenligne praksis for nemnder og oppf\u00f8lging, med andre\u2026<\/p>\n","protected":false},"author":2877,"featured_media":0,"parent":0,"menu_order":0,"comment_status":"closed","ping_status":"closed","template":"","meta":{"dss_simple_post_excerpt":"","dss_show_featured_image":true,"dss_show_title":false,"footnotes":""},"class_list":["post-11","page","type-page","status-publish","hentry"],"language":"nb-NO","_links":{"self":[{"href":"https:\/\/nettsteder.regjeringen.no\/abortutvalget\/wp-json\/wp\/v2\/pages\/11","targetHints":{"allow":["GET"]}}],"collection":[{"href":"https:\/\/nettsteder.regjeringen.no\/abortutvalget\/wp-json\/wp\/v2\/pages"}],"about":[{"href":"https:\/\/nettsteder.regjeringen.no\/abortutvalget\/wp-json\/wp\/v2\/types\/page"}],"author":[{"embeddable":true,"href":"https:\/\/nettsteder.regjeringen.no\/abortutvalget\/wp-json\/wp\/v2\/users\/2877"}],"replies":[{"embeddable":true,"href":"https:\/\/nettsteder.regjeringen.no\/abortutvalget\/wp-json\/wp\/v2\/comments?post=11"}],"version-history":[{"count":2,"href":"https:\/\/nettsteder.regjeringen.no\/abortutvalget\/wp-json\/wp\/v2\/pages\/11\/revisions"}],"predecessor-version":[{"id":88,"href":"https:\/\/nettsteder.regjeringen.no\/abortutvalget\/wp-json\/wp\/v2\/pages\/11\/revisions\/88"}],"wp:attachment":[{"href":"https:\/\/nettsteder.regjeringen.no\/abortutvalget\/wp-json\/wp\/v2\/media?parent=11"}],"curies":[{"name":"wp","href":"https:\/\/api.w.org\/{rel}","templated":true}]}}